{"id":4226,"date":"2026-03-19T14:05:08","date_gmt":"2026-03-19T18:05:08","guid":{"rendered":"https:\/\/learn.birdscanada.org\/?page_id=4226"},"modified":"2026-03-19T15:35:48","modified_gmt":"2026-03-19T19:35:48","slug":"creer-un-compte-naturecounts","status":"publish","type":"page","link":"https:\/\/learn.birdscanada.org\/fr\/autres-ressources\/naturecounts\/utilisation-de-lapplication-naturecounts\/creer-un-compte-naturecounts\/","title":{"rendered":"Cr\u00e9er un compte NatureCounts"},"content":{"rendered":"<div class=\"fusion-fullwidth fullwidth-box fusion-builder-row-1 fusion-flex-container has-pattern-background has-mask-background nonhundred-percent-fullwidth non-hundred-percent-height-scrolling\" style=\"--awb-border-radius-top-left:0px;--awb-border-radius-top-right:0px;--awb-border-radius-bottom-right:0px;--awb-border-radius-bottom-left:0px;--awb-flex-wrap:wrap;\" ><div class=\"fusion-builder-row fusion-row fusion-flex-align-items-flex-start fusion-flex-content-wrap\" style=\"max-width:1236px;margin-left: calc(-3% \/ 2 );margin-right: calc(-3% \/ 2 );\"><div class=\"fusion-layout-column fusion_builder_column fusion-builder-column-0 fusion_builder_column_1_4 1_4 fusion-flex-column additional-res-sidebar fusion-animated\" style=\"--awb-bg-size:cover;--awb-width-large:25%;--awb-margin-top-large:0px;--awb-spacing-right-large:5.82%;--awb-margin-bottom-large:0px;--awb-spacing-left-large:5.82%;--awb-width-medium:25%;--awb-order-medium:0;--awb-spacing-right-medium:5.82%;--awb-spacing-left-medium:5.82%;--awb-width-small:100%;--awb-order-small:0;--awb-spacing-right-small:1.455%;--awb-spacing-left-small:1.455%;\" data-animationType=\"fadeInLeft\" data-animationDuration=\"0.5\" data-animationOffset=\"top-into-view\" data-scroll-devices=\"small-visibility,medium-visibility,large-visibility\"><div class=\"fusion-column-wrapper fusion-column-has-shadow fusion-flex-justify-content-flex-start fusion-content-layout-column\"><div class=\"fusion-title title fusion-title-1 fusion-sep-none fusion-title-text fusion-title-size-three additional-res-sidebar-title\" style=\"--awb-margin-bottom:8px;\"><h3 class=\"fusion-title-heading title-heading-left\" style=\"margin:0;\"><a href=\"https:\/\/learn.birdscanada.org\/fr\/autres-ressources\/naturecounts\/utilisation-de-lapplication-naturecounts\/\">Utilisation de l&rsquo;application NatureCounts<\/a><\/h3><\/div><div class=\"fusion-text fusion-text-1 fusion-text-no-margin additional-res-sidebar-sub\"><p>(Choisissez des sujets ci-dessous)<\/p>\n<\/div><div class=\"fusion-separator fusion-full-width-sep\" style=\"align-self: center;margin-left: auto;margin-right: auto;margin-top:10px;width:100%;\"><div class=\"fusion-separator-border sep-single sep-solid\" style=\"--awb-height:20px;--awb-amount:20px;--awb-sep-color:var(--awb-custom_color_3);border-color:var(--awb-custom_color_3);border-top-width:1px;\"><\/div><\/div><div class=\"fusion-text fusion-text-2 additional-res-sidebar-text\"><p>Permiers pas :<\/p>\n<ul>\n<li><a href=\"https:\/\/learn.birdscanada.org\/fr\/autres-ressources\/naturecounts\/utilisation-de-lapplication-naturecounts\/presentation-de-lapplication\/\">Pr\u00e9sentation de l&rsquo;application<\/a><\/li>\n<li><a href=\"https:\/\/learn.birdscanada.org\/fr\/autres-ressources\/naturecounts\/utilisation-de-lapplication-naturecounts\/projets-utilisant-lapplication\/\">Projets utilisant l&rsquo;application<\/a><\/li>\n<li><a href=\"https:\/\/learn.birdscanada.org\/fr\/autres-ressources\/naturecounts\/utilisation-de-lapplication-naturecounts\/telecharger-lapplication\/\">T\u00e9l\u00e9charger l&rsquo;application<\/a><\/li>\n<li><a href=\"https:\/\/learn.birdscanada.org\/fr\/autres-ressources\/naturecounts\/utilisation-de-lapplication-naturecounts\/creer-un-compte-naturecounts\/\">Cr\u00e9er un compte NatureCounts<\/a><\/li>\n<\/ul>\n<p>Bases de l&rsquo;application :<\/p>\n<ul>\n<li><a href=\"https:\/\/learn.birdscanada.org\/fr\/autres-ressources\/naturecounts\/utilisation-de-lapplication-naturecounts\/connexion-et-selection-dun-projet\/\">Connexion et s\u00e9lection d&rsquo;un projet<\/a><\/li>\n<li><a href=\"https:\/\/learn.birdscanada.org\/fr\/autres-ressources\/naturecounts\/utilisation-de-lapplication-naturecounts\/sinscrire-a-un-projet\/\">S&rsquo;inscrire \u00e0 un projet<\/a><\/li>\n<li><a href=\"https:\/\/learn.birdscanada.org\/fr\/autres-ressources\/naturecounts\/utilisation-de-lapplication-naturecounts\/naviguer-dans-lapplication\/\">Naviguer dans l&rsquo;application<\/a><\/li>\n<li><a href=\"https:\/\/learn.birdscanada.org\/fr\/autres-ressources\/naturecounts\/utilisation-de-lapplication-naturecounts\/naturecounts-et-ebird\/\">NatureCounts et eBird<\/a><\/li>\n<li><a href=\"https:\/\/learn.birdscanada.org\/fr\/autres-ressources\/naturecounts\/utilisation-de-lapplication-naturecounts\/travailler-hors-ligne-et-enregistrer-des-brouillons\/\">Travailler hors ligne et enregistrer des brouillons<\/a><\/li>\n<li><a href=\"https:\/\/learn.birdscanada.org\/fr\/autres-ressources\/naturecounts\/utilisation-de-lapplication-naturecounts\/utiliser-des-cartes-hors-ligne\/\">Utiliser des cartes hors ligne<\/a><\/li>\n<li><a href=\"https:\/\/learn.birdscanada.org\/fr\/autres-ressources\/naturecounts\/utilisation-de-lapplication-naturecounts\/mettre-a-jour-des-projets\/\">Mettre \u00e0 jour des projets<\/a><\/li>\n<\/ul>\n<p>Bases du protocole :<\/p>\n<ul>\n<li><a href=\"https:\/\/learn.birdscanada.org\/fr\/autres-ressources\/naturecounts\/utilisation-de-lapplication-naturecounts\/les-bases-des-protocoles\/\">Les bases des protocoles<\/a><\/li>\n<li><a href=\"https:\/\/learn.birdscanada.org\/fr\/autres-ressources\/naturecounts\/utilisation-de-lapplication-naturecounts\/selectionner-un-emplacement\/\">S\u00e9lectionner un emplacement<\/a><\/li>\n<li><a href=\"https:\/\/learn.birdscanada.org\/fr\/autres-ressources\/naturecounts\/utilisation-de-lapplication-naturecounts\/releves-par-listes\/\">Relev\u00e9s par listes<\/a><\/li>\n<li><a href=\"https:\/\/learn.birdscanada.org\/fr\/autres-ressources\/naturecounts\/utilisation-de-lapplication-naturecounts\/points-decoute\/\">Points d&rsquo;\u00e9coute<\/a><\/li>\n<li><a href=\"https:\/\/learn.birdscanada.org\/fr\/autres-ressources\/naturecounts\/utilisation-de-lapplication-naturecounts\/releves-cibles\/\">Relev\u00e9s cibl\u00e9s<\/a><\/li>\n<\/ul>\n<\/div><\/div><\/div><div class=\"fusion-layout-column fusion_builder_column fusion-builder-column-1 fusion_builder_column_3_4 3_4 fusion-flex-column additional-res-content-col fusion-animated\" style=\"--awb-bg-size:cover;--awb-width-large:75%;--awb-margin-top-large:0px;--awb-spacing-right-large:1.94%;--awb-margin-bottom-large:0px;--awb-spacing-left-large:60px;--awb-width-medium:75%;--awb-order-medium:0;--awb-spacing-right-medium:1.94%;--awb-spacing-left-medium:60px;--awb-width-small:100%;--awb-order-small:0;--awb-spacing-right-small:1.455%;--awb-spacing-left-small:1.455%;\" data-animationType=\"fadeInRight\" data-animationDuration=\"0.5\" data-animationOffset=\"top-into-view\" data-scroll-devices=\"small-visibility,medium-visibility,large-visibility\"><div class=\"fusion-column-wrapper fusion-column-has-shadow fusion-flex-justify-content-flex-start fusion-content-layout-column\"><div class=\"fusion-text fusion-text-3\"><p>Pour utiliser l&rsquo;application NatureCounts, vous devez disposer d&rsquo;un compte. Vous pouvez en cr\u00e9er un gratuitement en cliquant sur \u00abS&rsquo;inscrire\u00bb sur <a href=\"https:\/\/naturecounts.ca\/nc\/default\/main.jsp?switchlang=FR\" target=\"_blank\" rel=\"noopener\">la page d&rsquo;accueil de NatureCounts<\/a> ou sur l&rsquo;\u00e9cran de connexion de l&rsquo;application, ou en vous rendant sur <a href=\"https:\/\/naturecounts.ca\/nc\/default\/register.jsp?switchlang=FR\" target=\"_blank\" rel=\"noopener\">https:\/\/naturecounts.ca\/nc\/default\/register.jsp?switchlang=FR<\/a>.<\/p>\n<p><img decoding=\"async\" class=\"aligncenter wp-image-4237 size-fusion-600\" src=\"https:\/\/learn.birdscanada.org\/wp-content\/uploads\/2026\/03\/create_account_app_fr-600x506.png\" alt=\"\" width=\"600\" height=\"506\" srcset=\"https:\/\/learn.birdscanada.org\/wp-content\/uploads\/2026\/03\/create_account_app_fr-200x169.png 200w, https:\/\/learn.birdscanada.org\/wp-content\/uploads\/2026\/03\/create_account_app_fr-300x253.png 300w, https:\/\/learn.birdscanada.org\/wp-content\/uploads\/2026\/03\/create_account_app_fr-400x338.png 400w, https:\/\/learn.birdscanada.org\/wp-content\/uploads\/2026\/03\/create_account_app_fr-600x506.png 600w, https:\/\/learn.birdscanada.org\/wp-content\/uploads\/2026\/03\/create_account_app_fr-768x648.png 768w, https:\/\/learn.birdscanada.org\/wp-content\/uploads\/2026\/03\/create_account_app_fr.png 800w\" sizes=\"(max-width: 600px) 100vw, 600px\" \/><\/p>\n<p>Lors de votre inscription, vous aurez la possibilit\u00e9 de vous abonner \u00e0 l&rsquo;infolettre d\u2019Oiseaux Canada et de s\u00e9lectionner plusieurs param\u00e8tres de confidentialit\u00e9. L&rsquo;adresse \u00e9lectronique que vous indiquez lors de votre inscription peut \u00eatre utilis\u00e9e par votre gestionnaire de projet pour communiquer avec vous au sujet de votre projet. Veillez donc \u00e0 la consulter r\u00e9guli\u00e8rement.<\/p>\n<p>Notez que vous n&rsquo;avez besoin que d&rsquo;un seul compte NatureCounts pour tous les projets auxquels vous participez, et que ce m\u00eame compte vous permet \u00e9galement d&rsquo;acc\u00e9der \u00e0 toutes les fonctionnalit\u00e9s de NatureCounts, Motus et L&rsquo;\u00c9cole d&rsquo;Oiseaux Canada. Si vous avez d\u00e9j\u00e0 cr\u00e9\u00e9 un compte aupr\u00e8s d&rsquo;Oiseaux Canada pour quelque raison que ce soit, vous n&rsquo;avez pas besoin d&rsquo;en cr\u00e9er un nouveau.<\/p>\n<p>Section suivante: <a href=\"https:\/\/learn.birdscanada.org\/fr\/autres-ressources\/naturecounts\/utilisation-de-lapplication-naturecounts\/connexion-et-selection-dun-projet\/\">Connexion et s\u00e9lection d&rsquo;un projet<\/a><\/p>\n<\/div><\/div><\/div><\/div><\/div>\n","protected":false},"excerpt":{"rendered":"","protected":false},"author":23,"featured_media":1560,"parent":4112,"menu_order":0,"comment_status":"closed","ping_status":"closed","template":"","meta":{"_acf_changed":false,"footnotes":""},"class_list":["post-4226","page","type-page","status-publish","has-post-thumbnail","hentry"],"acf":[],"_links":{"self":[{"href":"https:\/\/learn.birdscanada.org\/fr\/wp-json\/wp\/v2\/pages\/4226","targetHints":{"allow":["GET"]}}],"collection":[{"href":"https:\/\/learn.birdscanada.org\/fr\/wp-json\/wp\/v2\/pages"}],"about":[{"href":"https:\/\/learn.birdscanada.org\/fr\/wp-json\/wp\/v2\/types\/page"}],"author":[{"embeddable":true,"href":"https:\/\/learn.birdscanada.org\/fr\/wp-json\/wp\/v2\/users\/23"}],"replies":[{"embeddable":true,"href":"https:\/\/learn.birdscanada.org\/fr\/wp-json\/wp\/v2\/comments?post=4226"}],"version-history":[{"count":0,"href":"https:\/\/learn.birdscanada.org\/fr\/wp-json\/wp\/v2\/pages\/4226\/revisions"}],"up":[{"embeddable":true,"href":"https:\/\/learn.birdscanada.org\/fr\/wp-json\/wp\/v2\/pages\/4112"}],"wp:featuredmedia":[{"embeddable":true,"href":"https:\/\/learn.birdscanada.org\/fr\/wp-json\/wp\/v2\/media\/1560"}],"wp:attachment":[{"href":"https:\/\/learn.birdscanada.org\/fr\/wp-json\/wp\/v2\/media?parent=4226"}],"curies":[{"name":"wp","href":"https:\/\/api.w.org\/{rel}","templated":true}]}}