{"id":4224,"date":"2026-03-19T14:00:45","date_gmt":"2026-03-19T18:00:45","guid":{"rendered":"https:\/\/learn.birdscanada.org\/?page_id=4224"},"modified":"2026-03-19T16:04:52","modified_gmt":"2026-03-19T20:04:52","slug":"sinscrire-a-un-projet","status":"publish","type":"page","link":"https:\/\/learn.birdscanada.org\/fr\/autres-ressources\/naturecounts\/utilisation-de-lapplication-naturecounts\/sinscrire-a-un-projet\/","title":{"rendered":"S&rsquo;inscrire \u00e0 un projet"},"content":{"rendered":"<div class=\"fusion-fullwidth fullwidth-box fusion-builder-row-1 fusion-flex-container has-pattern-background has-mask-background nonhundred-percent-fullwidth non-hundred-percent-height-scrolling\" style=\"--awb-border-radius-top-left:0px;--awb-border-radius-top-right:0px;--awb-border-radius-bottom-right:0px;--awb-border-radius-bottom-left:0px;--awb-flex-wrap:wrap;\" ><div class=\"fusion-builder-row fusion-row fusion-flex-align-items-flex-start fusion-flex-content-wrap\" style=\"max-width:1236px;margin-left: calc(-3% \/ 2 );margin-right: calc(-3% \/ 2 );\"><div class=\"fusion-layout-column fusion_builder_column fusion-builder-column-0 fusion_builder_column_1_4 1_4 fusion-flex-column additional-res-sidebar fusion-animated\" style=\"--awb-bg-size:cover;--awb-width-large:25%;--awb-margin-top-large:0px;--awb-spacing-right-large:5.82%;--awb-margin-bottom-large:0px;--awb-spacing-left-large:5.82%;--awb-width-medium:25%;--awb-order-medium:0;--awb-spacing-right-medium:5.82%;--awb-spacing-left-medium:5.82%;--awb-width-small:100%;--awb-order-small:0;--awb-spacing-right-small:1.455%;--awb-spacing-left-small:1.455%;\" data-animationType=\"fadeInLeft\" data-animationDuration=\"0.5\" data-animationOffset=\"top-into-view\" data-scroll-devices=\"small-visibility,medium-visibility,large-visibility\"><div class=\"fusion-column-wrapper fusion-column-has-shadow fusion-flex-justify-content-flex-start fusion-content-layout-column\"><div class=\"fusion-title title fusion-title-1 fusion-sep-none fusion-title-text fusion-title-size-three additional-res-sidebar-title\" style=\"--awb-margin-bottom:8px;\"><h3 class=\"fusion-title-heading title-heading-left\" style=\"margin:0;\"><a href=\"https:\/\/learn.birdscanada.org\/fr\/autres-ressources\/naturecounts\/utilisation-de-lapplication-naturecounts\/\">Utilisation de l&rsquo;application NatureCounts<\/a><\/h3><\/div><div class=\"fusion-text fusion-text-1 fusion-text-no-margin additional-res-sidebar-sub\"><p>(Choisissez des sujets ci-dessous)<\/p>\n<\/div><div class=\"fusion-separator fusion-full-width-sep\" style=\"align-self: center;margin-left: auto;margin-right: auto;margin-top:10px;width:100%;\"><div class=\"fusion-separator-border sep-single sep-solid\" style=\"--awb-height:20px;--awb-amount:20px;--awb-sep-color:var(--awb-custom_color_3);border-color:var(--awb-custom_color_3);border-top-width:1px;\"><\/div><\/div><div class=\"fusion-text fusion-text-2 additional-res-sidebar-text\"><p>Permiers pas :<\/p>\n<ul>\n<li><a href=\"https:\/\/learn.birdscanada.org\/fr\/autres-ressources\/naturecounts\/utilisation-de-lapplication-naturecounts\/presentation-de-lapplication\/\">Pr\u00e9sentation de l&rsquo;application<\/a><\/li>\n<li><a href=\"https:\/\/learn.birdscanada.org\/fr\/autres-ressources\/naturecounts\/utilisation-de-lapplication-naturecounts\/projets-utilisant-lapplication\/\">Projets utilisant l&rsquo;application<\/a><\/li>\n<li><a href=\"https:\/\/learn.birdscanada.org\/fr\/autres-ressources\/naturecounts\/utilisation-de-lapplication-naturecounts\/telecharger-lapplication\/\">T\u00e9l\u00e9charger l&rsquo;application<\/a><\/li>\n<li><a href=\"https:\/\/learn.birdscanada.org\/fr\/autres-ressources\/naturecounts\/utilisation-de-lapplication-naturecounts\/creer-un-compte-naturecounts\/\">Cr\u00e9er un compte NatureCounts<\/a><\/li>\n<\/ul>\n<p>Bases de l&rsquo;application :<\/p>\n<ul>\n<li><a href=\"https:\/\/learn.birdscanada.org\/fr\/autres-ressources\/naturecounts\/utilisation-de-lapplication-naturecounts\/connexion-et-selection-dun-projet\/\">Connexion et s\u00e9lection d&rsquo;un projet<\/a><\/li>\n<li><a href=\"https:\/\/learn.birdscanada.org\/fr\/autres-ressources\/naturecounts\/utilisation-de-lapplication-naturecounts\/sinscrire-a-un-projet\/\">S&rsquo;inscrire \u00e0 un projet<\/a><\/li>\n<li><a href=\"https:\/\/learn.birdscanada.org\/fr\/autres-ressources\/naturecounts\/utilisation-de-lapplication-naturecounts\/naviguer-dans-lapplication\/\">Naviguer dans l&rsquo;application<\/a><\/li>\n<li><a href=\"https:\/\/learn.birdscanada.org\/fr\/autres-ressources\/naturecounts\/utilisation-de-lapplication-naturecounts\/naturecounts-et-ebird\/\">NatureCounts et eBird<\/a><\/li>\n<li><a href=\"https:\/\/learn.birdscanada.org\/fr\/autres-ressources\/naturecounts\/utilisation-de-lapplication-naturecounts\/travailler-hors-ligne-et-enregistrer-des-brouillons\/\">Travailler hors ligne et enregistrer des brouillons<\/a><\/li>\n<li><a href=\"https:\/\/learn.birdscanada.org\/fr\/autres-ressources\/naturecounts\/utilisation-de-lapplication-naturecounts\/utiliser-des-cartes-hors-ligne\/\">Utiliser des cartes hors ligne<\/a><\/li>\n<li><a href=\"https:\/\/learn.birdscanada.org\/fr\/autres-ressources\/naturecounts\/utilisation-de-lapplication-naturecounts\/mettre-a-jour-des-projets\/\">Mettre \u00e0 jour des projets<\/a><\/li>\n<\/ul>\n<p>Bases du protocole :<\/p>\n<ul>\n<li><a href=\"https:\/\/learn.birdscanada.org\/fr\/autres-ressources\/naturecounts\/utilisation-de-lapplication-naturecounts\/les-bases-des-protocoles\/\">Les bases des protocoles<\/a><\/li>\n<li><a href=\"https:\/\/learn.birdscanada.org\/fr\/autres-ressources\/naturecounts\/utilisation-de-lapplication-naturecounts\/selectionner-un-emplacement\/\">S\u00e9lectionner un emplacement<\/a><\/li>\n<li><a href=\"https:\/\/learn.birdscanada.org\/fr\/autres-ressources\/naturecounts\/utilisation-de-lapplication-naturecounts\/releves-par-listes\/\">Relev\u00e9s par listes<\/a><\/li>\n<li><a href=\"https:\/\/learn.birdscanada.org\/fr\/autres-ressources\/naturecounts\/utilisation-de-lapplication-naturecounts\/points-decoute\/\">Points d&rsquo;\u00e9coute<\/a><\/li>\n<li><a href=\"https:\/\/learn.birdscanada.org\/fr\/autres-ressources\/naturecounts\/utilisation-de-lapplication-naturecounts\/releves-cibles\/\">Relev\u00e9s cibl\u00e9s<\/a><\/li>\n<\/ul>\n<\/div><\/div><\/div><div class=\"fusion-layout-column fusion_builder_column fusion-builder-column-1 fusion_builder_column_3_4 3_4 fusion-flex-column additional-res-content-col fusion-animated\" style=\"--awb-bg-size:cover;--awb-width-large:75%;--awb-margin-top-large:0px;--awb-spacing-right-large:1.94%;--awb-margin-bottom-large:0px;--awb-spacing-left-large:60px;--awb-width-medium:75%;--awb-order-medium:0;--awb-spacing-right-medium:1.94%;--awb-spacing-left-medium:60px;--awb-width-small:100%;--awb-order-small:0;--awb-spacing-right-small:1.455%;--awb-spacing-left-small:1.455%;\" data-animationType=\"fadeInRight\" data-animationDuration=\"0.5\" data-animationOffset=\"top-into-view\" data-scroll-devices=\"small-visibility,medium-visibility,large-visibility\"><div class=\"fusion-column-wrapper fusion-column-has-shadow fusion-flex-justify-content-flex-start fusion-content-layout-column\"><div class=\"fusion-text fusion-text-3\"><p>Avant de pouvoir soumettre des donn\u00e9es d\u2019un projet \u00e0 l&rsquo;aide de l&rsquo;application, vous devez vous inscrire en tant que participant(e) \u00e0 ce projet. L&rsquo;inscription permet au coordonnateur du projet de vous associer \u00e0 vos donn\u00e9es et de communiquer avec vous au sujet du projet. Vous pouvez vous inscrire \u00e0 un projet sur le site web NatureCounts ou, dans de nombreux cas, directement dans l&rsquo;application. L&rsquo;inscription est imm\u00e9diate pour certains projets, tandis que pour d&rsquo;autres, elle n\u00e9cessite l&rsquo;approbation d&rsquo;un coordonnateur.<\/p>\n<p><strong>Inscription sur le site web<\/strong><\/p>\n<p>Pour vous inscrire \u00e0 un projet sur le site web, acc\u00e9dez au portail web de ce projet. Vous trouverez les portails de tous les projets sur <a href=\"https:\/\/naturecounts.ca\/nc\/default\/projects.jsp?switchlang=FR\" target=\"_blank\" rel=\"noopener\">la page \u00abProjets\u00bb<\/a> du site web NatureCounts. Connectez-vous \u00e0 l&rsquo;aide de votre <a href=\"https:\/\/learn.birdscanada.org\/fr\/autres-ressources\/naturecounts\/utilisation-de-lapplication-naturecounts\/creer-un-compte-naturecounts\/\">compte NatureCounts<\/a>. Sur le c\u00f4t\u00e9 droit de la page, vous verrez une option pour vous inscrire au projet. Cliquez sur \u00abCliquez ici\u00bb.<\/p>\n<p><img decoding=\"async\" class=\"aligncenter wp-image-4247 size-full\" src=\"https:\/\/learn.birdscanada.org\/wp-content\/uploads\/2026\/03\/register_screenshot_fr-1.png\" alt=\"\" width=\"383\" height=\"381\" srcset=\"https:\/\/learn.birdscanada.org\/wp-content\/uploads\/2026\/03\/register_screenshot_fr-1-66x66.png 66w, https:\/\/learn.birdscanada.org\/wp-content\/uploads\/2026\/03\/register_screenshot_fr-1-150x150.png 150w, https:\/\/learn.birdscanada.org\/wp-content\/uploads\/2026\/03\/register_screenshot_fr-1-200x199.png 200w, https:\/\/learn.birdscanada.org\/wp-content\/uploads\/2026\/03\/register_screenshot_fr-1-300x298.png 300w, https:\/\/learn.birdscanada.org\/wp-content\/uploads\/2026\/03\/register_screenshot_fr-1.png 383w\" sizes=\"(max-width: 383px) 100vw, 383px\" \/><\/p>\n<p>Remplissez le formulaire sur la page suivante, en r\u00e9pondant \u00e0 toutes les questions ou en fournissant toutes les informations suppl\u00e9mentaires requises. Une fois votre inscription valid\u00e9e, vous recevrez un courriel contenant des informations sur la marche \u00e0 suivre.<\/p>\n<p><strong>Inscription dans l&rsquo;application<\/strong><\/p>\n<p>Pour de nombreux projets, vous pouvez vous inscrire directement dans l&rsquo;application. Pour ce faire, localisez le projet dans la liste \u00abG\u00e9rer les projets\u00bb. Appuyez sur le nom du projet, puis sur \u00abParticiper au projet\u00bb. Suivez les instructions \u00e0 l&rsquo;\u00e9cran si vous \u00eates invit\u00e9(e) \u00e0 r\u00e9pondre \u00e0 des questions ou \u00e0 fournir des informations suppl\u00e9mentaires.<\/p>\n<p><img decoding=\"async\" class=\"aligncenter wp-image-4249\" src=\"https:\/\/learn.birdscanada.org\/wp-content\/uploads\/2026\/03\/proj_reg_app_fr-scaled.png\" alt=\"\" width=\"711\" height=\"600\" srcset=\"https:\/\/learn.birdscanada.org\/wp-content\/uploads\/2026\/03\/proj_reg_app_fr-200x169.png 200w, https:\/\/learn.birdscanada.org\/wp-content\/uploads\/2026\/03\/proj_reg_app_fr-300x253.png 300w, https:\/\/learn.birdscanada.org\/wp-content\/uploads\/2026\/03\/proj_reg_app_fr-400x338.png 400w, https:\/\/learn.birdscanada.org\/wp-content\/uploads\/2026\/03\/proj_reg_app_fr-600x506.png 600w, https:\/\/learn.birdscanada.org\/wp-content\/uploads\/2026\/03\/proj_reg_app_fr-768x648.png 768w, https:\/\/learn.birdscanada.org\/wp-content\/uploads\/2026\/03\/proj_reg_app_fr-800x675.png 800w, https:\/\/learn.birdscanada.org\/wp-content\/uploads\/2026\/03\/proj_reg_app_fr-1024x864.png 1024w, https:\/\/learn.birdscanada.org\/wp-content\/uploads\/2026\/03\/proj_reg_app_fr-1200x1013.png 1200w, https:\/\/learn.birdscanada.org\/wp-content\/uploads\/2026\/03\/proj_reg_app_fr-1536x1296.png 1536w, https:\/\/learn.birdscanada.org\/wp-content\/uploads\/2026\/03\/proj_reg_app_fr-scaled.png 2560w\" sizes=\"(max-width: 711px) 100vw, 711px\" \/><\/p>\n<p>Pour les projets auxquels l&rsquo;inscription est imm\u00e9diate, vous pourrez t\u00e9l\u00e9charger les projets et commencer \u00e0 entrer des donn\u00e9es imm\u00e9diatement (voir la section suivante). Pour les projets auxquels l&rsquo;inscription n\u00e9cessite une approbation, votre statut d&rsquo;inscription s&rsquo;affichera comme \u00abEn attente\u00bb. Une fois votre inscription valid\u00e9e, vous recevrez un courriel contenant des informations sur la marche \u00e0 suivre.<\/p>\n<p><strong>T\u00e9l\u00e9chargement du projet<\/strong><\/p>\n<p>Une fois que vous vous \u00eates inscrit(e) \u00e0 un projet, vous devez le t\u00e9l\u00e9charger pour commencer \u00e0 entrer des donn\u00e9es. Appuyez sur le nom du projet dans la liste des projets, puis sur \u00abT\u00e9l\u00e9charger\u00bb \u00e0 c\u00f4t\u00e9 de votre r\u00e9gion. Une fois le t\u00e9l\u00e9chargement termin\u00e9, vous pouvez commencer \u00e0 entrer des donn\u00e9es en appuyant sur \u00abEntrer des donn\u00e9es\u00bb ou consulter la section suivante pour en savoir plus sur la navigation dans l&rsquo;application.<\/p>\n<p><img decoding=\"async\" class=\"aligncenter wp-image-4251\" src=\"https:\/\/learn.birdscanada.org\/wp-content\/uploads\/2026\/03\/download_proj_app_fr-scaled.png\" alt=\"\" width=\"711\" height=\"600\" srcset=\"https:\/\/learn.birdscanada.org\/wp-content\/uploads\/2026\/03\/download_proj_app_fr-200x169.png 200w, https:\/\/learn.birdscanada.org\/wp-content\/uploads\/2026\/03\/download_proj_app_fr-300x253.png 300w, https:\/\/learn.birdscanada.org\/wp-content\/uploads\/2026\/03\/download_proj_app_fr-400x338.png 400w, https:\/\/learn.birdscanada.org\/wp-content\/uploads\/2026\/03\/download_proj_app_fr-600x506.png 600w, https:\/\/learn.birdscanada.org\/wp-content\/uploads\/2026\/03\/download_proj_app_fr-768x648.png 768w, https:\/\/learn.birdscanada.org\/wp-content\/uploads\/2026\/03\/download_proj_app_fr-800x675.png 800w, https:\/\/learn.birdscanada.org\/wp-content\/uploads\/2026\/03\/download_proj_app_fr-1024x864.png 1024w, https:\/\/learn.birdscanada.org\/wp-content\/uploads\/2026\/03\/download_proj_app_fr-1200x1013.png 1200w, https:\/\/learn.birdscanada.org\/wp-content\/uploads\/2026\/03\/download_proj_app_fr-1536x1296.png 1536w, https:\/\/learn.birdscanada.org\/wp-content\/uploads\/2026\/03\/download_proj_app_fr-scaled.png 2560w\" sizes=\"(max-width: 711px) 100vw, 711px\" \/><\/p>\n<p>Section suivante: <a href=\"https:\/\/learn.birdscanada.org\/fr\/autres-ressources\/naturecounts\/utilisation-de-lapplication-naturecounts\/naviguer-dans-lapplication\/\">Naviguer dans l&rsquo;application<\/a><\/p>\n<\/div><\/div><\/div><\/div><\/div>\n","protected":false},"excerpt":{"rendered":"","protected":false},"author":23,"featured_media":1560,"parent":4112,"menu_order":0,"comment_status":"closed","ping_status":"closed","template":"","meta":{"_acf_changed":false,"footnotes":""},"class_list":["post-4224","page","type-page","status-publish","has-post-thumbnail","hentry"],"acf":[],"_links":{"self":[{"href":"https:\/\/learn.birdscanada.org\/fr\/wp-json\/wp\/v2\/pages\/4224","targetHints":{"allow":["GET"]}}],"collection":[{"href":"https:\/\/learn.birdscanada.org\/fr\/wp-json\/wp\/v2\/pages"}],"about":[{"href":"https:\/\/learn.birdscanada.org\/fr\/wp-json\/wp\/v2\/types\/page"}],"author":[{"embeddable":true,"href":"https:\/\/learn.birdscanada.org\/fr\/wp-json\/wp\/v2\/users\/23"}],"replies":[{"embeddable":true,"href":"https:\/\/learn.birdscanada.org\/fr\/wp-json\/wp\/v2\/comments?post=4224"}],"version-history":[{"count":0,"href":"https:\/\/learn.birdscanada.org\/fr\/wp-json\/wp\/v2\/pages\/4224\/revisions"}],"up":[{"embeddable":true,"href":"https:\/\/learn.birdscanada.org\/fr\/wp-json\/wp\/v2\/pages\/4112"}],"wp:featuredmedia":[{"embeddable":true,"href":"https:\/\/learn.birdscanada.org\/fr\/wp-json\/wp\/v2\/media\/1560"}],"wp:attachment":[{"href":"https:\/\/learn.birdscanada.org\/fr\/wp-json\/wp\/v2\/media?parent=4224"}],"curies":[{"name":"wp","href":"https:\/\/api.w.org\/{rel}","templated":true}]}}