{"id":4205,"date":"2026-03-18T17:06:27","date_gmt":"2026-03-18T21:06:27","guid":{"rendered":"https:\/\/learn.birdscanada.org\/?page_id=4205"},"modified":"2026-03-18T17:28:57","modified_gmt":"2026-03-18T21:28:57","slug":"a-propos-des-donnees-naturecounts","status":"publish","type":"page","link":"https:\/\/learn.birdscanada.org\/fr\/autres-ressources\/naturecounts\/acceder-aux-donnees-avec-naturecounts\/a-propos-des-donnees-naturecounts\/","title":{"rendered":"\u00c0 propos des donn\u00e9es NatureCounts"},"content":{"rendered":"<div class=\"fusion-fullwidth fullwidth-box fusion-builder-row-1 fusion-flex-container has-pattern-background has-mask-background nonhundred-percent-fullwidth non-hundred-percent-height-scrolling\" style=\"--awb-border-radius-top-left:0px;--awb-border-radius-top-right:0px;--awb-border-radius-bottom-right:0px;--awb-border-radius-bottom-left:0px;--awb-flex-wrap:wrap;\" ><div class=\"fusion-builder-row fusion-row fusion-flex-align-items-flex-start fusion-flex-content-wrap\" style=\"max-width:1236px;margin-left: calc(-3% \/ 2 );margin-right: calc(-3% \/ 2 );\"><div class=\"fusion-layout-column fusion_builder_column fusion-builder-column-0 fusion_builder_column_1_4 1_4 fusion-flex-column additional-res-sidebar fusion-animated\" style=\"--awb-bg-size:cover;--awb-width-large:25%;--awb-margin-top-large:0px;--awb-spacing-right-large:5.82%;--awb-margin-bottom-large:0px;--awb-spacing-left-large:5.82%;--awb-width-medium:25%;--awb-order-medium:0;--awb-spacing-right-medium:5.82%;--awb-spacing-left-medium:5.82%;--awb-width-small:100%;--awb-order-small:0;--awb-spacing-right-small:1.455%;--awb-spacing-left-small:1.455%;\" data-animationType=\"fadeInLeft\" data-animationDuration=\"0.5\" data-animationOffset=\"top-into-view\" data-scroll-devices=\"small-visibility,medium-visibility,large-visibility\"><div class=\"fusion-column-wrapper fusion-column-has-shadow fusion-flex-justify-content-flex-start fusion-content-layout-column\"><div class=\"fusion-title title fusion-title-1 fusion-sep-none fusion-title-text fusion-title-size-three additional-res-sidebar-title\" style=\"--awb-margin-bottom:8px;\"><h3 class=\"fusion-title-heading title-heading-left\" style=\"margin:0;\"><a href=\"https:\/\/learn.birdscanada.org\/fr\/autres-ressources\/naturecounts\/acceder-aux-donnees-avec-naturecounts\/\">Acc\u00e9der aux donn\u00e9es avec NatureCountsNatureCounts<\/a><\/h3><\/div><div class=\"fusion-text fusion-text-1 fusion-text-no-margin additional-res-sidebar-sub\"><p>(Choisissez des sujets ci-dessous)<\/p>\n<\/div><div class=\"fusion-separator fusion-full-width-sep\" style=\"align-self: center;margin-left: auto;margin-right: auto;margin-top:10px;width:100%;\"><div class=\"fusion-separator-border sep-single sep-solid\" style=\"--awb-height:20px;--awb-amount:20px;--awb-sep-color:var(--awb-custom_color_3);border-color:var(--awb-custom_color_3);border-top-width:1px;\"><\/div><\/div><div class=\"fusion-text fusion-text-2 additional-res-sidebar-text\"><p>Premiers pas :<\/p>\n<ul>\n<li><a href=\"https:\/\/learn.birdscanada.org\/fr\/autres-ressources\/naturecounts\/acceder-aux-donnees-avec-naturecounts\/quest-ce-que-naturecounts\/\">Qu&rsquo;est-ce que NatureCounts?<\/a><\/li>\n<li><a href=\"https:\/\/learn.birdscanada.org\/fr\/autres-ressources\/naturecounts\/acceder-aux-donnees-avec-naturecounts\/introduction-a-lacces-aux-donnees\/\">Introduction \u00e0 l&rsquo;acc\u00e8s aux donn\u00e9es<\/a><\/li>\n<li><a href=\"https:\/\/learn.birdscanada.org\/fr\/autres-ressources\/naturecounts\/acceder-aux-donnees-avec-naturecounts\/creation-dun-compte-naturecounts\/\">Cr\u00e9ation d\u2019un compte NatureCounts<\/a><\/li>\n<\/ul>\n<p>Comprendre les donn\u00e9es :<\/p>\n<ul>\n<li><a href=\"https:\/\/learn.birdscanada.org\/fr\/autres-ressources\/naturecounts\/acceder-aux-donnees-avec-naturecounts\/a-propos-des-donnees-naturecounts\/\">\u00c0 propos des donn\u00e9es NatureCounts<\/a><\/li>\n<li><a href=\"https:\/\/learn.birdscanada.org\/fr\/autres-ressources\/naturecounts\/acceder-aux-donnees-avec-naturecounts\/normes-de-donnees-naturecounts\/\">Normes de donn\u00e9es NatureCounts<\/a><\/li>\n<li><a href=\"https:\/\/learn.birdscanada.org\/fr\/autres-ressources\/naturecounts\/acceder-aux-donnees-avec-naturecounts\/exploration-des-metadonnees\/\">Exploration des m\u00e9tadonn\u00e9es<\/a><\/li>\n<li><a href=\"https:\/\/learn.birdscanada.org\/fr\/autres-ressources\/naturecounts\/acceder-aux-donnees-avec-naturecounts\/niveaux-dacces-aux-donnees\/\">Niveaux d&rsquo;acc\u00e8s aux donn\u00e9es<\/a><\/li>\n<\/ul>\n<p>Explorer et acc\u00e9der aux donn\u00e9es :<\/p>\n<ul>\n<li><a href=\"https:\/\/learn.birdscanada.org\/fr\/autres-ressources\/naturecounts\/acceder-aux-donnees-avec-naturecounts\/introduction-aux-outils-dexploration-de-donnees\/\">Introduction aux outils d&rsquo;exploration de donn\u00e9es<\/a><\/li>\n<li><a href=\"https:\/\/learn.birdscanada.org\/fr\/autres-ressources\/naturecounts\/acceder-aux-donnees-avec-naturecounts\/utilisation-de-loutil-cartes-des-especes\/\">Utilisation de l&rsquo;outil \u00ab Cartes des esp\u00e8ces \u00bb<\/a><\/li>\n<li><a href=\"https:\/\/learn.birdscanada.org\/fr\/autres-ressources\/naturecounts\/acceder-aux-donnees-avec-naturecounts\/utilisation-de-loutil-de-telechargement-des-donnees\/\">Utilisation de l&rsquo;outil de t\u00e9l\u00e9chargement des donn\u00e9es<\/a><\/li>\n<li><a href=\"https:\/\/learn.birdscanada.org\/fr\/autres-ressources\/naturecounts\/acceder-aux-donnees-avec-naturecounts\/le-processus-de-demande-et-dexamen\/\">Le processus de demande et d&rsquo;examen<\/a><\/li>\n<li><a href=\"https:\/\/learn.birdscanada.org\/fr\/autres-ressources\/naturecounts\/acceder-aux-donnees-avec-naturecounts\/longlet-mes-telechargements\/\">L&rsquo;onglet Mes T\u00e9l\u00e9chargements<\/a><\/li>\n<li><a href=\"https:\/\/learn.birdscanada.org\/fr\/autres-ressources\/naturecounts\/acceder-aux-donnees-avec-naturecounts\/acces-aux-donnees-dans-r\/\">Acc\u00e9s aux donn\u00e9es dans R<\/a><\/li>\n<li><a href=\"https:\/\/learn.birdscanada.org\/fr\/autres-ressources\/naturecounts\/acceder-aux-donnees-avec-naturecounts\/premiers-pas-avec-le-logiciel-r\/\">Premiers pas avec le logiciel R<\/a><\/li>\n<\/ul>\n<p>Citation et remerciements :<\/p>\n<ul>\n<li><a href=\"https:\/\/learn.birdscanada.org\/fr\/autres-ressources\/naturecounts\/acceder-aux-donnees-avec-naturecounts\/citer-et-remercier-naturecounts\/\">Citer et remercier NatureCounts<\/a><\/li>\n<\/ul>\n<\/div><\/div><\/div><div class=\"fusion-layout-column fusion_builder_column fusion-builder-column-1 fusion_builder_column_3_4 3_4 fusion-flex-column additional-res-content-col fusion-animated\" style=\"--awb-bg-size:cover;--awb-width-large:75%;--awb-margin-top-large:0px;--awb-spacing-right-large:1.94%;--awb-margin-bottom-large:0px;--awb-spacing-left-large:60px;--awb-width-medium:75%;--awb-order-medium:0;--awb-spacing-right-medium:1.94%;--awb-spacing-left-medium:60px;--awb-width-small:100%;--awb-order-small:0;--awb-spacing-right-small:1.455%;--awb-spacing-left-small:1.455%;\" data-animationType=\"fadeInRight\" data-animationDuration=\"0.5\" data-animationOffset=\"top-into-view\" data-scroll-devices=\"small-visibility,medium-visibility,large-visibility\"><div class=\"fusion-column-wrapper fusion-column-has-shadow fusion-flex-justify-content-flex-start fusion-content-layout-column\"><div class=\"fusion-text fusion-text-3\"><p>En 2025, NatureCounts h\u00e9bergeait plus de 250 millions d&rsquo;observations d&rsquo;oiseaux et un petit nombre d&rsquo;observations d&rsquo;autres taxons, notamment des reptiles, des amphibiens et des insectes. Ces observations appartiennent \u00e0 plus de 900 ensembles de donn\u00e9es provenant de centaines de projets et remontent \u00e0 plus d&rsquo;un si\u00e8cle. Les donn\u00e9es couvrent toutes les esp\u00e8ces d&rsquo;oiseaux du Canada et comprennent plus de 17 millions d&rsquo;observations d&rsquo;esp\u00e8ces en p\u00e9ril.<\/p>\n<p>Les ensembles de donn\u00e9es NatureCounts couvrent un large \u00e9ventail d&rsquo;esp\u00e8ces, de zones g\u00e9ographiques, de dates, de saisons et de m\u00e9thodes d&rsquo;\u00e9chantillonnage. La plupart des donn\u00e9es proviennent de projets de science citoyenne tels que le Relev\u00e9 des oiseaux nicheurs de l&rsquo;Am\u00e9rique du Nord, les atlas r\u00e9gionaux des oiseaux nicheurs, le Recensement des oiseaux de No\u00ebl, eBird, WildTrax, le Projet FeederWatch, Le Programme de suivi des nids d\u2019oiseaux, etc. Ces donn\u00e9es sont compl\u00e9t\u00e9es par celles d&rsquo;autres initiatives de recherche telles que le R\u00e9seau canadien de surveillance des migrations.<\/p>\n<p><img decoding=\"async\" class=\"alignnone wp-image-1573 size-full\" src=\"https:\/\/learn.birdscanada.org\/wp-content\/uploads\/2024\/04\/Untitled-1.jpg\" alt=\"A collection of logos from various citizen science and research projects.\" width=\"1600\" height=\"600\" srcset=\"https:\/\/learn.birdscanada.org\/wp-content\/uploads\/2024\/04\/Untitled-1-200x75.jpg 200w, https:\/\/learn.birdscanada.org\/wp-content\/uploads\/2024\/04\/Untitled-1-300x113.jpg 300w, https:\/\/learn.birdscanada.org\/wp-content\/uploads\/2024\/04\/Untitled-1-400x150.jpg 400w, https:\/\/learn.birdscanada.org\/wp-content\/uploads\/2024\/04\/Untitled-1-600x225.jpg 600w, https:\/\/learn.birdscanada.org\/wp-content\/uploads\/2024\/04\/Untitled-1-768x288.jpg 768w, https:\/\/learn.birdscanada.org\/wp-content\/uploads\/2024\/04\/Untitled-1-800x300.jpg 800w, https:\/\/learn.birdscanada.org\/wp-content\/uploads\/2024\/04\/Untitled-1-1024x384.jpg 1024w, https:\/\/learn.birdscanada.org\/wp-content\/uploads\/2024\/04\/Untitled-1-1200x450.jpg 1200w, https:\/\/learn.birdscanada.org\/wp-content\/uploads\/2024\/04\/Untitled-1-1536x576.jpg 1536w, https:\/\/learn.birdscanada.org\/wp-content\/uploads\/2024\/04\/Untitled-1.jpg 1600w\" sizes=\"(max-width: 1600px) 100vw, 1600px\" \/><\/p>\n<p>La grande majorit\u00e9 des donn\u00e9es h\u00e9berg\u00e9es dans NatureCounts sont des donn\u00e9es ouvertes, ce qui signifie qu&rsquo;elles sont accessibles pour \u00eatre utilis\u00e9es dans le cadre de la recherche et de la conservation. Les divers ensembles de donn\u00e9es sont normalis\u00e9s \u00e0 l&rsquo;aide d&rsquo;un sch\u00e9ma de donn\u00e9es appel\u00e9 Bird Monitoring Data Exchange (\u00c9change de donn\u00e9es de surveillance des oiseaux; BMDE), qui est pr\u00e9sent\u00e9 dans la <a href=\"https:\/\/learn.birdscanada.org\/fr\/autres-ressources\/naturecounts\/acceder-aux-donnees-avec-naturecounts\/normes-de-donnees-naturecounts\/\">section Normes de donn\u00e9es<\/a> de la pr\u00e9sente ressource.<\/p>\n<p>Visitez la <a href=\"https:\/\/naturecounts.ca\/nc\/default\/datasets.jsp?switchlang=FR\" target=\"_blank\" rel=\"noopener\">page \u00abEnsembles de donn\u00e9es NatureCounts\u00bb<\/a> pour voir les nombreux ensembles de donn\u00e9es h\u00e9berg\u00e9s dans le d\u00e9p\u00f4t de donn\u00e9es.<\/p>\n<p>Section suivante : <a href=\"https:\/\/learn.birdscanada.org\/fr\/autres-ressources\/naturecounts\/acceder-aux-donnees-avec-naturecounts\/normes-de-donnees-naturecounts\/\">Normes de donn\u00e9es NatureCounts<\/a><\/p>\n<\/div><\/div><\/div><\/div><\/div>\n","protected":false},"excerpt":{"rendered":"","protected":false},"author":23,"featured_media":1484,"parent":4109,"menu_order":0,"comment_status":"closed","ping_status":"closed","template":"","meta":{"_acf_changed":false,"footnotes":""},"class_list":["post-4205","page","type-page","status-publish","has-post-thumbnail","hentry"],"acf":[],"_links":{"self":[{"href":"https:\/\/learn.birdscanada.org\/fr\/wp-json\/wp\/v2\/pages\/4205","targetHints":{"allow":["GET"]}}],"collection":[{"href":"https:\/\/learn.birdscanada.org\/fr\/wp-json\/wp\/v2\/pages"}],"about":[{"href":"https:\/\/learn.birdscanada.org\/fr\/wp-json\/wp\/v2\/types\/page"}],"author":[{"embeddable":true,"href":"https:\/\/learn.birdscanada.org\/fr\/wp-json\/wp\/v2\/users\/23"}],"replies":[{"embeddable":true,"href":"https:\/\/learn.birdscanada.org\/fr\/wp-json\/wp\/v2\/comments?post=4205"}],"version-history":[{"count":0,"href":"https:\/\/learn.birdscanada.org\/fr\/wp-json\/wp\/v2\/pages\/4205\/revisions"}],"up":[{"embeddable":true,"href":"https:\/\/learn.birdscanada.org\/fr\/wp-json\/wp\/v2\/pages\/4109"}],"wp:featuredmedia":[{"embeddable":true,"href":"https:\/\/learn.birdscanada.org\/fr\/wp-json\/wp\/v2\/media\/1484"}],"wp:attachment":[{"href":"https:\/\/learn.birdscanada.org\/fr\/wp-json\/wp\/v2\/media?parent=4205"}],"curies":[{"name":"wp","href":"https:\/\/api.w.org\/{rel}","templated":true}]}}