{"id":4204,"date":"2026-03-18T17:02:52","date_gmt":"2026-03-18T21:02:52","guid":{"rendered":"https:\/\/learn.birdscanada.org\/?page_id=4204"},"modified":"2026-03-18T17:30:09","modified_gmt":"2026-03-18T21:30:09","slug":"normes-de-donnees-naturecounts","status":"publish","type":"page","link":"https:\/\/learn.birdscanada.org\/fr\/autres-ressources\/naturecounts\/acceder-aux-donnees-avec-naturecounts\/normes-de-donnees-naturecounts\/","title":{"rendered":"Normes de donn\u00e9es NatureCounts"},"content":{"rendered":"<div class=\"fusion-fullwidth fullwidth-box fusion-builder-row-1 fusion-flex-container has-pattern-background has-mask-background nonhundred-percent-fullwidth non-hundred-percent-height-scrolling\" style=\"--awb-border-radius-top-left:0px;--awb-border-radius-top-right:0px;--awb-border-radius-bottom-right:0px;--awb-border-radius-bottom-left:0px;--awb-flex-wrap:wrap;\" ><div class=\"fusion-builder-row fusion-row fusion-flex-align-items-flex-start fusion-flex-content-wrap\" style=\"max-width:1236px;margin-left: calc(-3% \/ 2 );margin-right: calc(-3% \/ 2 );\"><div class=\"fusion-layout-column fusion_builder_column fusion-builder-column-0 fusion_builder_column_1_4 1_4 fusion-flex-column additional-res-sidebar fusion-animated\" style=\"--awb-bg-size:cover;--awb-width-large:25%;--awb-margin-top-large:0px;--awb-spacing-right-large:5.82%;--awb-margin-bottom-large:0px;--awb-spacing-left-large:5.82%;--awb-width-medium:25%;--awb-order-medium:0;--awb-spacing-right-medium:5.82%;--awb-spacing-left-medium:5.82%;--awb-width-small:100%;--awb-order-small:0;--awb-spacing-right-small:1.455%;--awb-spacing-left-small:1.455%;\" data-animationType=\"fadeInLeft\" data-animationDuration=\"0.5\" data-animationOffset=\"top-into-view\" data-scroll-devices=\"small-visibility,medium-visibility,large-visibility\"><div class=\"fusion-column-wrapper fusion-column-has-shadow fusion-flex-justify-content-flex-start fusion-content-layout-column\"><div class=\"fusion-title title fusion-title-1 fusion-sep-none fusion-title-text fusion-title-size-three additional-res-sidebar-title\" style=\"--awb-margin-bottom:8px;\"><h3 class=\"fusion-title-heading title-heading-left\" style=\"margin:0;\"><a href=\"https:\/\/learn.birdscanada.org\/fr\/autres-ressources\/naturecounts\/acceder-aux-donnees-avec-naturecounts\/\">Acc\u00e9der aux donn\u00e9es avec NatureCountsNatureCounts<\/a><\/h3><\/div><div class=\"fusion-text fusion-text-1 fusion-text-no-margin additional-res-sidebar-sub\"><p>(Choisissez des sujets ci-dessous)<\/p>\n<\/div><div class=\"fusion-separator fusion-full-width-sep\" style=\"align-self: center;margin-left: auto;margin-right: auto;margin-top:10px;width:100%;\"><div class=\"fusion-separator-border sep-single sep-solid\" style=\"--awb-height:20px;--awb-amount:20px;--awb-sep-color:var(--awb-custom_color_3);border-color:var(--awb-custom_color_3);border-top-width:1px;\"><\/div><\/div><div class=\"fusion-text fusion-text-2 additional-res-sidebar-text\"><p>Premiers pas :<\/p>\n<ul>\n<li><a href=\"https:\/\/learn.birdscanada.org\/fr\/autres-ressources\/naturecounts\/acceder-aux-donnees-avec-naturecounts\/quest-ce-que-naturecounts\/\">Qu&rsquo;est-ce que NatureCounts?<\/a><\/li>\n<li><a href=\"https:\/\/learn.birdscanada.org\/fr\/autres-ressources\/naturecounts\/acceder-aux-donnees-avec-naturecounts\/introduction-a-lacces-aux-donnees\/\">Introduction \u00e0 l&rsquo;acc\u00e8s aux donn\u00e9es<\/a><\/li>\n<li><a href=\"https:\/\/learn.birdscanada.org\/fr\/autres-ressources\/naturecounts\/acceder-aux-donnees-avec-naturecounts\/creation-dun-compte-naturecounts\/\">Cr\u00e9ation d\u2019un compte NatureCounts<\/a><\/li>\n<\/ul>\n<p>Comprendre les donn\u00e9es :<\/p>\n<ul>\n<li><a href=\"https:\/\/learn.birdscanada.org\/fr\/autres-ressources\/naturecounts\/acceder-aux-donnees-avec-naturecounts\/a-propos-des-donnees-naturecounts\/\">\u00c0 propos des donn\u00e9es NatureCounts<\/a><\/li>\n<li><a href=\"https:\/\/learn.birdscanada.org\/fr\/autres-ressources\/naturecounts\/acceder-aux-donnees-avec-naturecounts\/normes-de-donnees-naturecounts\/\">Normes de donn\u00e9es NatureCounts<\/a><\/li>\n<li><a href=\"https:\/\/learn.birdscanada.org\/fr\/autres-ressources\/naturecounts\/acceder-aux-donnees-avec-naturecounts\/exploration-des-metadonnees\/\">Exploration des m\u00e9tadonn\u00e9es<\/a><\/li>\n<li><a href=\"https:\/\/learn.birdscanada.org\/fr\/autres-ressources\/naturecounts\/acceder-aux-donnees-avec-naturecounts\/niveaux-dacces-aux-donnees\/\">Niveaux d&rsquo;acc\u00e8s aux donn\u00e9es<\/a><\/li>\n<\/ul>\n<p>Explorer et acc\u00e9der aux donn\u00e9es :<\/p>\n<ul>\n<li><a href=\"https:\/\/learn.birdscanada.org\/fr\/autres-ressources\/naturecounts\/acceder-aux-donnees-avec-naturecounts\/introduction-aux-outils-dexploration-de-donnees\/\">Introduction aux outils d&rsquo;exploration de donn\u00e9es<\/a><\/li>\n<li><a href=\"https:\/\/learn.birdscanada.org\/fr\/autres-ressources\/naturecounts\/acceder-aux-donnees-avec-naturecounts\/utilisation-de-loutil-cartes-des-especes\/\">Utilisation de l&rsquo;outil \u00ab Cartes des esp\u00e8ces \u00bb<\/a><\/li>\n<li><a href=\"https:\/\/learn.birdscanada.org\/fr\/autres-ressources\/naturecounts\/acceder-aux-donnees-avec-naturecounts\/utilisation-de-loutil-de-telechargement-des-donnees\/\">Utilisation de l&rsquo;outil de t\u00e9l\u00e9chargement des donn\u00e9es<\/a><\/li>\n<li><a href=\"https:\/\/learn.birdscanada.org\/fr\/autres-ressources\/naturecounts\/acceder-aux-donnees-avec-naturecounts\/le-processus-de-demande-et-dexamen\/\">Le processus de demande et d&rsquo;examen<\/a><\/li>\n<li><a href=\"https:\/\/learn.birdscanada.org\/fr\/autres-ressources\/naturecounts\/acceder-aux-donnees-avec-naturecounts\/longlet-mes-telechargements\/\">L&rsquo;onglet Mes T\u00e9l\u00e9chargements<\/a><\/li>\n<li><a href=\"https:\/\/learn.birdscanada.org\/fr\/autres-ressources\/naturecounts\/acceder-aux-donnees-avec-naturecounts\/acces-aux-donnees-dans-r\/\">Acc\u00e9s aux donn\u00e9es dans R<\/a><\/li>\n<li><a href=\"https:\/\/learn.birdscanada.org\/fr\/autres-ressources\/naturecounts\/acceder-aux-donnees-avec-naturecounts\/premiers-pas-avec-le-logiciel-r\/\">Premiers pas avec le logiciel R<\/a><\/li>\n<\/ul>\n<p>Citation et remerciements :<\/p>\n<ul>\n<li><a href=\"https:\/\/learn.birdscanada.org\/fr\/autres-ressources\/naturecounts\/acceder-aux-donnees-avec-naturecounts\/citer-et-remercier-naturecounts\/\">Citer et remercier NatureCounts<\/a><\/li>\n<\/ul>\n<\/div><\/div><\/div><div class=\"fusion-layout-column fusion_builder_column fusion-builder-column-1 fusion_builder_column_3_4 3_4 fusion-flex-column additional-res-content-col fusion-animated\" style=\"--awb-bg-size:cover;--awb-width-large:75%;--awb-margin-top-large:0px;--awb-spacing-right-large:1.94%;--awb-margin-bottom-large:0px;--awb-spacing-left-large:60px;--awb-width-medium:75%;--awb-order-medium:0;--awb-spacing-right-medium:1.94%;--awb-spacing-left-medium:60px;--awb-width-small:100%;--awb-order-small:0;--awb-spacing-right-small:1.455%;--awb-spacing-left-small:1.455%;\" data-animationType=\"fadeInRight\" data-animationDuration=\"0.5\" data-animationOffset=\"top-into-view\" data-scroll-devices=\"small-visibility,medium-visibility,large-visibility\"><div class=\"fusion-column-wrapper fusion-column-has-shadow fusion-flex-justify-content-flex-start fusion-content-layout-column\"><div class=\"fusion-text fusion-text-3\"><p>NatureCounts s&rsquo;efforce de respecter les <a href=\"https:\/\/www.go-fair.org\/\" target=\"_blank\" rel=\"noopener\">principes FAIR<\/a> de gestion des donn\u00e9es, en veillant \u00e0 ce que celles-ci soient faciles \u00e0 trouver, accessibles, interop\u00e9rables et r\u00e9utilisables. Pour ce faire, toutes les donn\u00e9es de NatureCounts doivent \u00eatre format\u00e9es de mani\u00e8re coh\u00e9rente.<\/p>\n<p>Toutes les donn\u00e9es NatureCounts sont format\u00e9es \u00e0 l&rsquo;aide d&rsquo;un sch\u00e9ma appel\u00e9 Bird Monitoring Data Exchange (\u00c9change de donn\u00e9es de surveillance des oiseaux; BMDE), un ensemble standard de champs de donn\u00e9es qui couvrent toutes les variables d&rsquo;une observation d&rsquo;oiseaux. Comme tous les ensembles de donn\u00e9es respectent ce format, les donn\u00e9es recueillies \u00e0 l&rsquo;aide de divers protocoles peuvent \u00eatre interop\u00e9rables et rapidement comprises.<\/p>\n<p>Le BMDE est destin\u00e9 au partage des enregistrements d&rsquo;occurrences et ne couvre pas n\u00e9cessairement tous les aspects d&rsquo;un ensemble de donn\u00e9es. Pour obtenir des donn\u00e9es compl\u00e8tes provenant de projets qui enregistrent plus que les occurrences d&rsquo;oiseaux (c&rsquo;est-\u00e0-dire les donn\u00e9es de baguage d&rsquo;oiseaux ou les donn\u00e9es de surveillance des nids), vous devrez peut-\u00eatre consulter les m\u00e9tadonn\u00e9es et\/ou contacter la ou le propri\u00e9taire des donn\u00e9es.<\/p>\n<p><img decoding=\"async\" class=\"aligncenter wp-image-3834 size-fusion-600\" src=\"https:\/\/learn.birdscanada.org\/wp-content\/uploads\/2025\/06\/strategic-plan-caja-008-binoculars-600x333.png\" alt=\"\" width=\"600\" height=\"333\" srcset=\"https:\/\/learn.birdscanada.org\/wp-content\/uploads\/2025\/06\/strategic-plan-caja-008-binoculars-200x111.png 200w, https:\/\/learn.birdscanada.org\/wp-content\/uploads\/2025\/06\/strategic-plan-caja-008-binoculars-300x166.png 300w, https:\/\/learn.birdscanada.org\/wp-content\/uploads\/2025\/06\/strategic-plan-caja-008-binoculars-400x222.png 400w, https:\/\/learn.birdscanada.org\/wp-content\/uploads\/2025\/06\/strategic-plan-caja-008-binoculars-600x333.png 600w, https:\/\/learn.birdscanada.org\/wp-content\/uploads\/2025\/06\/strategic-plan-caja-008-binoculars-768x426.png 768w, https:\/\/learn.birdscanada.org\/wp-content\/uploads\/2025\/06\/strategic-plan-caja-008-binoculars-800x443.png 800w, https:\/\/learn.birdscanada.org\/wp-content\/uploads\/2025\/06\/strategic-plan-caja-008-binoculars-1024x567.png 1024w, https:\/\/learn.birdscanada.org\/wp-content\/uploads\/2025\/06\/strategic-plan-caja-008-binoculars.png 1200w\" sizes=\"(max-width: 600px) 100vw, 600px\" \/><\/p>\n<p>Il est essentiel de bien comprendre le BMDE pour pouvoir exploiter les donn\u00e9es t\u00e9l\u00e9charg\u00e9es depuis NatureCounts. Pour une introduction au BMDE, consultez le tutoriel \u00ab<a href=\"https:\/\/learn.birdscanada.org\/fr\/autres-ressources\/naturecounts\/premiers-pas-avec-le-bmde\/\">Premiers pas avec le BMDE<\/a>\u00bb. Vous trouverez de plus amples informations sur la <a href=\"https:\/\/naturecounts.ca\/nc\/default\/nc_bmde.jsp?switchlang=FR\" target=\"_blank\" rel=\"noopener\">page BMDE du site web NatureCounts<\/a>.<\/p>\n<p>Section suivante : <a href=\"https:\/\/learn.birdscanada.org\/fr\/autres-ressources\/naturecounts\/acceder-aux-donnees-avec-naturecounts\/exploration-des-metadonnees\/\">Exploration des m\u00e9tadonn\u00e9es<\/a><\/p>\n<\/div><\/div><\/div><\/div><\/div>\n","protected":false},"excerpt":{"rendered":"","protected":false},"author":23,"featured_media":1484,"parent":4109,"menu_order":0,"comment_status":"closed","ping_status":"closed","template":"","meta":{"_acf_changed":false,"footnotes":""},"class_list":["post-4204","page","type-page","status-publish","has-post-thumbnail","hentry"],"acf":[],"_links":{"self":[{"href":"https:\/\/learn.birdscanada.org\/fr\/wp-json\/wp\/v2\/pages\/4204","targetHints":{"allow":["GET"]}}],"collection":[{"href":"https:\/\/learn.birdscanada.org\/fr\/wp-json\/wp\/v2\/pages"}],"about":[{"href":"https:\/\/learn.birdscanada.org\/fr\/wp-json\/wp\/v2\/types\/page"}],"author":[{"embeddable":true,"href":"https:\/\/learn.birdscanada.org\/fr\/wp-json\/wp\/v2\/users\/23"}],"replies":[{"embeddable":true,"href":"https:\/\/learn.birdscanada.org\/fr\/wp-json\/wp\/v2\/comments?post=4204"}],"version-history":[{"count":0,"href":"https:\/\/learn.birdscanada.org\/fr\/wp-json\/wp\/v2\/pages\/4204\/revisions"}],"up":[{"embeddable":true,"href":"https:\/\/learn.birdscanada.org\/fr\/wp-json\/wp\/v2\/pages\/4109"}],"wp:featuredmedia":[{"embeddable":true,"href":"https:\/\/learn.birdscanada.org\/fr\/wp-json\/wp\/v2\/media\/1484"}],"wp:attachment":[{"href":"https:\/\/learn.birdscanada.org\/fr\/wp-json\/wp\/v2\/media?parent=4204"}],"curies":[{"name":"wp","href":"https:\/\/api.w.org\/{rel}","templated":true}]}}