{"id":4203,"date":"2026-03-18T16:58:37","date_gmt":"2026-03-18T20:58:37","guid":{"rendered":"https:\/\/learn.birdscanada.org\/?page_id=4203"},"modified":"2026-03-18T17:29:26","modified_gmt":"2026-03-18T21:29:26","slug":"exploration-des-metadonnees","status":"publish","type":"page","link":"https:\/\/learn.birdscanada.org\/fr\/autres-ressources\/naturecounts\/acceder-aux-donnees-avec-naturecounts\/exploration-des-metadonnees\/","title":{"rendered":"Exploration des m\u00e9tadonn\u00e9es"},"content":{"rendered":"<div class=\"fusion-fullwidth fullwidth-box fusion-builder-row-1 fusion-flex-container has-pattern-background has-mask-background nonhundred-percent-fullwidth non-hundred-percent-height-scrolling\" style=\"--awb-border-radius-top-left:0px;--awb-border-radius-top-right:0px;--awb-border-radius-bottom-right:0px;--awb-border-radius-bottom-left:0px;--awb-flex-wrap:wrap;\" ><div class=\"fusion-builder-row fusion-row fusion-flex-align-items-flex-start fusion-flex-content-wrap\" style=\"max-width:1236px;margin-left: calc(-3% \/ 2 );margin-right: calc(-3% \/ 2 );\"><div class=\"fusion-layout-column fusion_builder_column fusion-builder-column-0 fusion_builder_column_1_4 1_4 fusion-flex-column additional-res-sidebar fusion-animated\" style=\"--awb-bg-size:cover;--awb-width-large:25%;--awb-margin-top-large:0px;--awb-spacing-right-large:5.82%;--awb-margin-bottom-large:0px;--awb-spacing-left-large:5.82%;--awb-width-medium:25%;--awb-order-medium:0;--awb-spacing-right-medium:5.82%;--awb-spacing-left-medium:5.82%;--awb-width-small:100%;--awb-order-small:0;--awb-spacing-right-small:1.455%;--awb-spacing-left-small:1.455%;\" data-animationType=\"fadeInLeft\" data-animationDuration=\"0.5\" data-animationOffset=\"top-into-view\" data-scroll-devices=\"small-visibility,medium-visibility,large-visibility\"><div class=\"fusion-column-wrapper fusion-column-has-shadow fusion-flex-justify-content-flex-start fusion-content-layout-column\"><div class=\"fusion-title title fusion-title-1 fusion-sep-none fusion-title-text fusion-title-size-three additional-res-sidebar-title\" style=\"--awb-margin-bottom:8px;\"><h3 class=\"fusion-title-heading title-heading-left\" style=\"margin:0;\"><a href=\"https:\/\/learn.birdscanada.org\/fr\/autres-ressources\/naturecounts\/acceder-aux-donnees-avec-naturecounts\/\">Acc\u00e9der aux donn\u00e9es avec NatureCountsNatureCounts<\/a><\/h3><\/div><div class=\"fusion-text fusion-text-1 fusion-text-no-margin additional-res-sidebar-sub\"><p>(Choisissez des sujets ci-dessous)<\/p>\n<\/div><div class=\"fusion-separator fusion-full-width-sep\" style=\"align-self: center;margin-left: auto;margin-right: auto;margin-top:10px;width:100%;\"><div class=\"fusion-separator-border sep-single sep-solid\" style=\"--awb-height:20px;--awb-amount:20px;--awb-sep-color:var(--awb-custom_color_3);border-color:var(--awb-custom_color_3);border-top-width:1px;\"><\/div><\/div><div class=\"fusion-text fusion-text-2 additional-res-sidebar-text\"><p>Premiers pas :<\/p>\n<ul>\n<li><a href=\"https:\/\/learn.birdscanada.org\/fr\/autres-ressources\/naturecounts\/acceder-aux-donnees-avec-naturecounts\/quest-ce-que-naturecounts\/\">Qu&rsquo;est-ce que NatureCounts?<\/a><\/li>\n<li><a href=\"https:\/\/learn.birdscanada.org\/fr\/autres-ressources\/naturecounts\/acceder-aux-donnees-avec-naturecounts\/introduction-a-lacces-aux-donnees\/\">Introduction \u00e0 l&rsquo;acc\u00e8s aux donn\u00e9es<\/a><\/li>\n<li><a href=\"https:\/\/learn.birdscanada.org\/fr\/autres-ressources\/naturecounts\/acceder-aux-donnees-avec-naturecounts\/creation-dun-compte-naturecounts\/\">Cr\u00e9ation d\u2019un compte NatureCounts<\/a><\/li>\n<\/ul>\n<p>Comprendre les donn\u00e9es :<\/p>\n<ul>\n<li><a href=\"https:\/\/learn.birdscanada.org\/fr\/autres-ressources\/naturecounts\/acceder-aux-donnees-avec-naturecounts\/a-propos-des-donnees-naturecounts\/\">\u00c0 propos des donn\u00e9es NatureCounts<\/a><\/li>\n<li><a href=\"https:\/\/learn.birdscanada.org\/fr\/autres-ressources\/naturecounts\/acceder-aux-donnees-avec-naturecounts\/normes-de-donnees-naturecounts\/\">Normes de donn\u00e9es NatureCounts<\/a><\/li>\n<li><a href=\"https:\/\/learn.birdscanada.org\/fr\/autres-ressources\/naturecounts\/acceder-aux-donnees-avec-naturecounts\/exploration-des-metadonnees\/\">Exploration des m\u00e9tadonn\u00e9es<\/a><\/li>\n<li><a href=\"https:\/\/learn.birdscanada.org\/fr\/autres-ressources\/naturecounts\/acceder-aux-donnees-avec-naturecounts\/niveaux-dacces-aux-donnees\/\">Niveaux d&rsquo;acc\u00e8s aux donn\u00e9es<\/a><\/li>\n<\/ul>\n<p>Explorer et acc\u00e9der aux donn\u00e9es :<\/p>\n<ul>\n<li><a href=\"https:\/\/learn.birdscanada.org\/fr\/autres-ressources\/naturecounts\/acceder-aux-donnees-avec-naturecounts\/introduction-aux-outils-dexploration-de-donnees\/\">Introduction aux outils d&rsquo;exploration de donn\u00e9es<\/a><\/li>\n<li><a href=\"https:\/\/learn.birdscanada.org\/fr\/autres-ressources\/naturecounts\/acceder-aux-donnees-avec-naturecounts\/utilisation-de-loutil-cartes-des-especes\/\">Utilisation de l&rsquo;outil \u00ab Cartes des esp\u00e8ces \u00bb<\/a><\/li>\n<li><a href=\"https:\/\/learn.birdscanada.org\/fr\/autres-ressources\/naturecounts\/acceder-aux-donnees-avec-naturecounts\/utilisation-de-loutil-de-telechargement-des-donnees\/\">Utilisation de l&rsquo;outil de t\u00e9l\u00e9chargement des donn\u00e9es<\/a><\/li>\n<li><a href=\"https:\/\/learn.birdscanada.org\/fr\/autres-ressources\/naturecounts\/acceder-aux-donnees-avec-naturecounts\/le-processus-de-demande-et-dexamen\/\">Le processus de demande et d&rsquo;examen<\/a><\/li>\n<li><a href=\"https:\/\/learn.birdscanada.org\/fr\/autres-ressources\/naturecounts\/acceder-aux-donnees-avec-naturecounts\/longlet-mes-telechargements\/\">L&rsquo;onglet Mes T\u00e9l\u00e9chargements<\/a><\/li>\n<li><a href=\"https:\/\/learn.birdscanada.org\/fr\/autres-ressources\/naturecounts\/acceder-aux-donnees-avec-naturecounts\/acces-aux-donnees-dans-r\/\">Acc\u00e9s aux donn\u00e9es dans R<\/a><\/li>\n<li><a href=\"https:\/\/learn.birdscanada.org\/fr\/autres-ressources\/naturecounts\/acceder-aux-donnees-avec-naturecounts\/premiers-pas-avec-le-logiciel-r\/\">Premiers pas avec le logiciel R<\/a><\/li>\n<\/ul>\n<p>Citation et remerciements :<\/p>\n<ul>\n<li><a href=\"https:\/\/learn.birdscanada.org\/fr\/autres-ressources\/naturecounts\/acceder-aux-donnees-avec-naturecounts\/citer-et-remercier-naturecounts\/\">Citer et remercier NatureCounts<\/a><\/li>\n<\/ul>\n<\/div><\/div><\/div><div class=\"fusion-layout-column fusion_builder_column fusion-builder-column-1 fusion_builder_column_3_4 3_4 fusion-flex-column additional-res-content-col fusion-animated\" style=\"--awb-bg-size:cover;--awb-width-large:75%;--awb-margin-top-large:0px;--awb-spacing-right-large:1.94%;--awb-margin-bottom-large:0px;--awb-spacing-left-large:60px;--awb-width-medium:75%;--awb-order-medium:0;--awb-spacing-right-medium:1.94%;--awb-spacing-left-medium:60px;--awb-width-small:100%;--awb-order-small:0;--awb-spacing-right-small:1.455%;--awb-spacing-left-small:1.455%;\" data-animationType=\"fadeInRight\" data-animationDuration=\"0.5\" data-animationOffset=\"top-into-view\" data-scroll-devices=\"small-visibility,medium-visibility,large-visibility\"><div class=\"fusion-column-wrapper fusion-column-has-shadow fusion-flex-justify-content-flex-start fusion-content-layout-column\"><div class=\"fusion-text fusion-text-3\"><p>Tous les ensembles de donn\u00e9es h\u00e9berg\u00e9s sur NatureCounts doivent \u00eatre accompagn\u00e9s de m\u00e9tadonn\u00e9es. Les m\u00e9tadonn\u00e9es d\u00e9crivent la port\u00e9e des donn\u00e9es, les m\u00e9thodes de collecte, la propri\u00e9t\u00e9 des donn\u00e9es et parfois la mani\u00e8re d&rsquo;acc\u00e9der aux donn\u00e9es connexes. Cela vous permet de toujours savoir d&rsquo;o\u00f9 proviennent les donn\u00e9es et de disposer de toutes les autres informations pertinentes dont vous pourriez avoir besoin. Les m\u00e9tadonn\u00e9es sont stock\u00e9es au format <a href=\"https:\/\/naturecounts.ca\/nc\/default\/nc_bmdr.jsp?switchlang=FR\" target=\"_blank\" rel=\"noopener\">BMDR<\/a> (Bird Monitoring Data Registry; Registre des donn\u00e9es de surveillance des oiseaux).<\/p>\n<p>Avant d&rsquo;utiliser les donn\u00e9es de NatureCounts, il est important de consulter les m\u00e9tadonn\u00e9es du ou des ensembles de donn\u00e9es que vous utilisez. Cela vous aidera \u00e0 comprendre comment en tirer le meilleur parti et \u00e0 qui attribuer les donn\u00e9es dans tout travail publi\u00e9.<\/p>\n<p>Vous trouverez ci-dessous une partie des m\u00e9tadonn\u00e9es relatives au l&rsquo;Atlas des oiseaux nicheurs du Qu\u00e9bec:<\/p>\n<p><img decoding=\"async\" class=\"alignnone wp-image-4150 size-full\" src=\"https:\/\/learn.birdscanada.org\/wp-content\/uploads\/2026\/03\/Screenshot-2026-03-17-150717.png\" alt=\"\" width=\"1388\" height=\"797\" srcset=\"https:\/\/learn.birdscanada.org\/wp-content\/uploads\/2026\/03\/Screenshot-2026-03-17-150717-200x115.png 200w, https:\/\/learn.birdscanada.org\/wp-content\/uploads\/2026\/03\/Screenshot-2026-03-17-150717-300x172.png 300w, https:\/\/learn.birdscanada.org\/wp-content\/uploads\/2026\/03\/Screenshot-2026-03-17-150717-400x230.png 400w, https:\/\/learn.birdscanada.org\/wp-content\/uploads\/2026\/03\/Screenshot-2026-03-17-150717-600x345.png 600w, https:\/\/learn.birdscanada.org\/wp-content\/uploads\/2026\/03\/Screenshot-2026-03-17-150717-768x441.png 768w, https:\/\/learn.birdscanada.org\/wp-content\/uploads\/2026\/03\/Screenshot-2026-03-17-150717-800x459.png 800w, https:\/\/learn.birdscanada.org\/wp-content\/uploads\/2026\/03\/Screenshot-2026-03-17-150717-1024x588.png 1024w, https:\/\/learn.birdscanada.org\/wp-content\/uploads\/2026\/03\/Screenshot-2026-03-17-150717-1200x689.png 1200w, https:\/\/learn.birdscanada.org\/wp-content\/uploads\/2026\/03\/Screenshot-2026-03-17-150717.png 1388w\" sizes=\"(max-width: 1388px) 100vw, 1388px\" \/><\/p>\n<p>Vous pouvez trouver les m\u00e9tadonn\u00e9es en cliquant sur l&rsquo;ensemble de donn\u00e9es souhait\u00e9 sur la <a href=\"https:\/\/naturecounts.ca\/nc\/default\/datasets.jsp?switchlang=FR\" target=\"_blank\" rel=\"noopener\">page des ensembles de donn\u00e9es<\/a> du site web NatureCounts. Vous pouvez \u00e9galement acc\u00e9der aux m\u00e9tadonn\u00e9es \u00e0 partir des outils \u00abT\u00e9l\u00e9charger donn\u00e9es\u00bb et \u00abMes t\u00e9l\u00e9chargements\u00bb, qui sont d\u00e9crits dans d&rsquo;autres sections de la pr\u00e9sente ressource.<\/p>\n<p>Section suivante : <a href=\"https:\/\/learn.birdscanada.org\/fr\/autres-ressources\/naturecounts\/acceder-aux-donnees-avec-naturecounts\/niveaux-dacces-aux-donnees\/\">Niveaux d&rsquo;acc\u00e8s aux donn\u00e9es<\/a><\/p>\n<\/div><\/div><\/div><\/div><\/div>\n","protected":false},"excerpt":{"rendered":"","protected":false},"author":23,"featured_media":1484,"parent":4109,"menu_order":0,"comment_status":"closed","ping_status":"closed","template":"","meta":{"_acf_changed":false,"footnotes":""},"class_list":["post-4203","page","type-page","status-publish","has-post-thumbnail","hentry"],"acf":[],"_links":{"self":[{"href":"https:\/\/learn.birdscanada.org\/fr\/wp-json\/wp\/v2\/pages\/4203","targetHints":{"allow":["GET"]}}],"collection":[{"href":"https:\/\/learn.birdscanada.org\/fr\/wp-json\/wp\/v2\/pages"}],"about":[{"href":"https:\/\/learn.birdscanada.org\/fr\/wp-json\/wp\/v2\/types\/page"}],"author":[{"embeddable":true,"href":"https:\/\/learn.birdscanada.org\/fr\/wp-json\/wp\/v2\/users\/23"}],"replies":[{"embeddable":true,"href":"https:\/\/learn.birdscanada.org\/fr\/wp-json\/wp\/v2\/comments?post=4203"}],"version-history":[{"count":0,"href":"https:\/\/learn.birdscanada.org\/fr\/wp-json\/wp\/v2\/pages\/4203\/revisions"}],"up":[{"embeddable":true,"href":"https:\/\/learn.birdscanada.org\/fr\/wp-json\/wp\/v2\/pages\/4109"}],"wp:featuredmedia":[{"embeddable":true,"href":"https:\/\/learn.birdscanada.org\/fr\/wp-json\/wp\/v2\/media\/1484"}],"wp:attachment":[{"href":"https:\/\/learn.birdscanada.org\/fr\/wp-json\/wp\/v2\/media?parent=4203"}],"curies":[{"name":"wp","href":"https:\/\/api.w.org\/{rel}","templated":true}]}}