{"id":4178,"date":"2026-03-18T13:36:05","date_gmt":"2026-03-18T17:36:05","guid":{"rendered":"https:\/\/learn.birdscanada.org\/?page_id=4178"},"modified":"2026-03-18T17:29:47","modified_gmt":"2026-03-18T21:29:47","slug":"longlet-mes-telechargements","status":"publish","type":"page","link":"https:\/\/learn.birdscanada.org\/fr\/autres-ressources\/naturecounts\/acceder-aux-donnees-avec-naturecounts\/longlet-mes-telechargements\/","title":{"rendered":"L&rsquo;onglet Mes T\u00e9l\u00e9chargements"},"content":{"rendered":"<div class=\"fusion-fullwidth fullwidth-box fusion-builder-row-1 fusion-flex-container has-pattern-background has-mask-background nonhundred-percent-fullwidth non-hundred-percent-height-scrolling\" style=\"--awb-border-radius-top-left:0px;--awb-border-radius-top-right:0px;--awb-border-radius-bottom-right:0px;--awb-border-radius-bottom-left:0px;--awb-flex-wrap:wrap;\" ><div class=\"fusion-builder-row fusion-row fusion-flex-align-items-flex-start fusion-flex-content-wrap\" style=\"max-width:1236px;margin-left: calc(-3% \/ 2 );margin-right: calc(-3% \/ 2 );\"><div class=\"fusion-layout-column fusion_builder_column fusion-builder-column-0 fusion_builder_column_1_4 1_4 fusion-flex-column additional-res-sidebar fusion-animated\" style=\"--awb-bg-size:cover;--awb-width-large:25%;--awb-margin-top-large:0px;--awb-spacing-right-large:5.82%;--awb-margin-bottom-large:0px;--awb-spacing-left-large:5.82%;--awb-width-medium:25%;--awb-order-medium:0;--awb-spacing-right-medium:5.82%;--awb-spacing-left-medium:5.82%;--awb-width-small:100%;--awb-order-small:0;--awb-spacing-right-small:1.455%;--awb-spacing-left-small:1.455%;\" data-animationType=\"fadeInLeft\" data-animationDuration=\"0.5\" data-animationOffset=\"top-into-view\" data-scroll-devices=\"small-visibility,medium-visibility,large-visibility\"><div class=\"fusion-column-wrapper fusion-column-has-shadow fusion-flex-justify-content-flex-start fusion-content-layout-column\"><div class=\"fusion-title title fusion-title-1 fusion-sep-none fusion-title-text fusion-title-size-three additional-res-sidebar-title\" style=\"--awb-margin-bottom:8px;\"><h3 class=\"fusion-title-heading title-heading-left\" style=\"margin:0;\"><a href=\"https:\/\/learn.birdscanada.org\/fr\/autres-ressources\/naturecounts\/acceder-aux-donnees-avec-naturecounts\/\">Acc\u00e9der aux donn\u00e9es avec NatureCountsNatureCounts<\/a><\/h3><\/div><div class=\"fusion-text fusion-text-1 fusion-text-no-margin additional-res-sidebar-sub\"><p>(Choisissez des sujets ci-dessous)<\/p>\n<\/div><div class=\"fusion-separator fusion-full-width-sep\" style=\"align-self: center;margin-left: auto;margin-right: auto;margin-top:10px;width:100%;\"><div class=\"fusion-separator-border sep-single sep-solid\" style=\"--awb-height:20px;--awb-amount:20px;--awb-sep-color:var(--awb-custom_color_3);border-color:var(--awb-custom_color_3);border-top-width:1px;\"><\/div><\/div><div class=\"fusion-text fusion-text-2 additional-res-sidebar-text\"><p>Premiers pas :<\/p>\n<ul>\n<li><a href=\"https:\/\/learn.birdscanada.org\/fr\/autres-ressources\/naturecounts\/acceder-aux-donnees-avec-naturecounts\/quest-ce-que-naturecounts\/\">Qu&rsquo;est-ce que NatureCounts?<\/a><\/li>\n<li><a href=\"https:\/\/learn.birdscanada.org\/fr\/autres-ressources\/naturecounts\/acceder-aux-donnees-avec-naturecounts\/introduction-a-lacces-aux-donnees\/\">Introduction \u00e0 l&rsquo;acc\u00e8s aux donn\u00e9es<\/a><\/li>\n<li><a href=\"https:\/\/learn.birdscanada.org\/fr\/autres-ressources\/naturecounts\/acceder-aux-donnees-avec-naturecounts\/creation-dun-compte-naturecounts\/\">Cr\u00e9ation d\u2019un compte NatureCounts<\/a><\/li>\n<\/ul>\n<p>Comprendre les donn\u00e9es :<\/p>\n<ul>\n<li><a href=\"https:\/\/learn.birdscanada.org\/fr\/autres-ressources\/naturecounts\/acceder-aux-donnees-avec-naturecounts\/a-propos-des-donnees-naturecounts\/\">\u00c0 propos des donn\u00e9es NatureCounts<\/a><\/li>\n<li><a href=\"https:\/\/learn.birdscanada.org\/fr\/autres-ressources\/naturecounts\/acceder-aux-donnees-avec-naturecounts\/normes-de-donnees-naturecounts\/\">Normes de donn\u00e9es NatureCounts<\/a><\/li>\n<li><a href=\"https:\/\/learn.birdscanada.org\/fr\/autres-ressources\/naturecounts\/acceder-aux-donnees-avec-naturecounts\/exploration-des-metadonnees\/\">Exploration des m\u00e9tadonn\u00e9es<\/a><\/li>\n<li><a href=\"https:\/\/learn.birdscanada.org\/fr\/autres-ressources\/naturecounts\/acceder-aux-donnees-avec-naturecounts\/niveaux-dacces-aux-donnees\/\">Niveaux d&rsquo;acc\u00e8s aux donn\u00e9es<\/a><\/li>\n<\/ul>\n<p>Explorer et acc\u00e9der aux donn\u00e9es :<\/p>\n<ul>\n<li><a href=\"https:\/\/learn.birdscanada.org\/fr\/autres-ressources\/naturecounts\/acceder-aux-donnees-avec-naturecounts\/introduction-aux-outils-dexploration-de-donnees\/\">Introduction aux outils d&rsquo;exploration de donn\u00e9es<\/a><\/li>\n<li><a href=\"https:\/\/learn.birdscanada.org\/fr\/autres-ressources\/naturecounts\/acceder-aux-donnees-avec-naturecounts\/utilisation-de-loutil-cartes-des-especes\/\">Utilisation de l&rsquo;outil \u00ab Cartes des esp\u00e8ces \u00bb<\/a><\/li>\n<li><a href=\"https:\/\/learn.birdscanada.org\/fr\/autres-ressources\/naturecounts\/acceder-aux-donnees-avec-naturecounts\/utilisation-de-loutil-de-telechargement-des-donnees\/\">Utilisation de l&rsquo;outil de t\u00e9l\u00e9chargement des donn\u00e9es<\/a><\/li>\n<li><a href=\"https:\/\/learn.birdscanada.org\/fr\/autres-ressources\/naturecounts\/acceder-aux-donnees-avec-naturecounts\/le-processus-de-demande-et-dexamen\/\">Le processus de demande et d&rsquo;examen<\/a><\/li>\n<li><a href=\"https:\/\/learn.birdscanada.org\/fr\/autres-ressources\/naturecounts\/acceder-aux-donnees-avec-naturecounts\/longlet-mes-telechargements\/\">L&rsquo;onglet Mes T\u00e9l\u00e9chargements<\/a><\/li>\n<li><a href=\"https:\/\/learn.birdscanada.org\/fr\/autres-ressources\/naturecounts\/acceder-aux-donnees-avec-naturecounts\/acces-aux-donnees-dans-r\/\">Acc\u00e9s aux donn\u00e9es dans R<\/a><\/li>\n<li><a href=\"https:\/\/learn.birdscanada.org\/fr\/autres-ressources\/naturecounts\/acceder-aux-donnees-avec-naturecounts\/premiers-pas-avec-le-logiciel-r\/\">Premiers pas avec le logiciel R<\/a><\/li>\n<\/ul>\n<p>Citation et remerciements :<\/p>\n<ul>\n<li><a href=\"https:\/\/learn.birdscanada.org\/fr\/autres-ressources\/naturecounts\/acceder-aux-donnees-avec-naturecounts\/citer-et-remercier-naturecounts\/\">Citer et remercier NatureCounts<\/a><\/li>\n<\/ul>\n<\/div><\/div><\/div><div class=\"fusion-layout-column fusion_builder_column fusion-builder-column-1 fusion_builder_column_3_4 3_4 fusion-flex-column additional-res-content-col fusion-animated\" style=\"--awb-bg-size:cover;--awb-width-large:75%;--awb-margin-top-large:0px;--awb-spacing-right-large:1.94%;--awb-margin-bottom-large:0px;--awb-spacing-left-large:60px;--awb-width-medium:75%;--awb-order-medium:0;--awb-spacing-right-medium:1.94%;--awb-spacing-left-medium:60px;--awb-width-small:100%;--awb-order-small:0;--awb-spacing-right-small:1.455%;--awb-spacing-left-small:1.455%;\" data-animationType=\"fadeInRight\" data-animationDuration=\"0.5\" data-animationOffset=\"top-into-view\" data-scroll-devices=\"small-visibility,medium-visibility,large-visibility\"><div class=\"fusion-column-wrapper fusion-column-has-shadow fusion-flex-justify-content-flex-start fusion-content-layout-column\"><div class=\"fusion-text fusion-text-3\"><p>Dans l&rsquo;onglet Mes T\u00e9l\u00e9chargements, vous pouvez consulter toutes vos demandes de donn\u00e9es pr\u00e9c\u00e9dentes et t\u00e9l\u00e9charger toutes celles auxquelles vous avez acc\u00e8s. Acc\u00e9dez \u00e0 Mes T\u00e9l\u00e9chargements en cliquant sur l&rsquo;onglet Mes T\u00e9l\u00e9chargements en haut des <a href=\"https:\/\/naturecounts.ca\/nc\/default\/explore.jsp?switchlang=FR\" target=\"_blank\" rel=\"noopener\">outils d&rsquo;exploration de donn\u00e9es<\/a>.<\/p>\n<p><img decoding=\"async\" class=\"alignnone wp-image-4179 size-full\" src=\"https:\/\/learn.birdscanada.org\/wp-content\/uploads\/2026\/03\/Screenshot-2026-03-18-103428.png\" alt=\"\" width=\"1890\" height=\"894\" srcset=\"https:\/\/learn.birdscanada.org\/wp-content\/uploads\/2026\/03\/Screenshot-2026-03-18-103428-200x95.png 200w, https:\/\/learn.birdscanada.org\/wp-content\/uploads\/2026\/03\/Screenshot-2026-03-18-103428-300x142.png 300w, https:\/\/learn.birdscanada.org\/wp-content\/uploads\/2026\/03\/Screenshot-2026-03-18-103428-400x189.png 400w, https:\/\/learn.birdscanada.org\/wp-content\/uploads\/2026\/03\/Screenshot-2026-03-18-103428-600x284.png 600w, https:\/\/learn.birdscanada.org\/wp-content\/uploads\/2026\/03\/Screenshot-2026-03-18-103428-768x363.png 768w, https:\/\/learn.birdscanada.org\/wp-content\/uploads\/2026\/03\/Screenshot-2026-03-18-103428-800x378.png 800w, https:\/\/learn.birdscanada.org\/wp-content\/uploads\/2026\/03\/Screenshot-2026-03-18-103428-1024x484.png 1024w, https:\/\/learn.birdscanada.org\/wp-content\/uploads\/2026\/03\/Screenshot-2026-03-18-103428-1200x568.png 1200w, https:\/\/learn.birdscanada.org\/wp-content\/uploads\/2026\/03\/Screenshot-2026-03-18-103428-1536x727.png 1536w, https:\/\/learn.birdscanada.org\/wp-content\/uploads\/2026\/03\/Screenshot-2026-03-18-103428.png 1890w\" sizes=\"(max-width: 1890px) 100vw, 1890px\" \/><\/p>\n<p>Sur le c\u00f4t\u00e9 gauche de l&rsquo;outil Mes T\u00e9l\u00e9chargements, vous verrez toutes vos demandes de donn\u00e9es tri\u00e9es par date. En cliquant sur une demande, vous verrez les d\u00e9tails de cette demande et chaque ensemble de donn\u00e9es qui y \u00e9tait inclus. Pour chaque ensemble de donn\u00e9es, vous verrez le nombre d&rsquo;enregistrements, un lien \u00abEn savoir plus\u00bb vers les m\u00e9tadonn\u00e9es de cet ensemble et un statut (\u00abEn attente\u00bb, \u00abDisponible\u00bb ou \u00abRefus\u00e9\u00bb).<\/p>\n<p>Si un ensemble de donn\u00e9es est refus\u00e9, vous recevrez un courriel expliquant pourquoi. Le plus souvent, les demandes sont refus\u00e9es en raison d&rsquo;informations insuffisantes sur l&rsquo;utilisation pr\u00e9vue des donn\u00e9es. Fournir des informations compl\u00e8tes dans votre demande vous aidera \u00e0 \u00e9viter cela. Si une demande est refus\u00e9e pour cette raison, vous pouvez la soumettre \u00e0 nouveau en fournissant les informations n\u00e9cessaires.<\/p>\n<p>Si un ensemble de donn\u00e9es est disponible, vous verrez \u00e9galement un bouton de t\u00e9l\u00e9chargement \u00e0 droite du statut. Cliquez sur ce bouton pour t\u00e9l\u00e9charger vos donn\u00e9es. Les ensembles de donn\u00e9es dont le statut est \u00abDisponible\u00bb sont \u00e9galement accessibles \u00e0 l&rsquo;aide du logiciel R.<\/p>\n<p>Section suivante : <a href=\"https:\/\/learn.birdscanada.org\/fr\/autres-ressources\/naturecounts\/acceder-aux-donnees-avec-naturecounts\/acces-aux-donnees-dans-r\/\">Acc\u00e9der aux donn\u00e9es dans R<\/a><\/p>\n<\/div><\/div><\/div><\/div><\/div>\n","protected":false},"excerpt":{"rendered":"","protected":false},"author":23,"featured_media":1484,"parent":4109,"menu_order":0,"comment_status":"closed","ping_status":"closed","template":"","meta":{"_acf_changed":false,"footnotes":""},"class_list":["post-4178","page","type-page","status-publish","has-post-thumbnail","hentry"],"acf":[],"_links":{"self":[{"href":"https:\/\/learn.birdscanada.org\/fr\/wp-json\/wp\/v2\/pages\/4178","targetHints":{"allow":["GET"]}}],"collection":[{"href":"https:\/\/learn.birdscanada.org\/fr\/wp-json\/wp\/v2\/pages"}],"about":[{"href":"https:\/\/learn.birdscanada.org\/fr\/wp-json\/wp\/v2\/types\/page"}],"author":[{"embeddable":true,"href":"https:\/\/learn.birdscanada.org\/fr\/wp-json\/wp\/v2\/users\/23"}],"replies":[{"embeddable":true,"href":"https:\/\/learn.birdscanada.org\/fr\/wp-json\/wp\/v2\/comments?post=4178"}],"version-history":[{"count":0,"href":"https:\/\/learn.birdscanada.org\/fr\/wp-json\/wp\/v2\/pages\/4178\/revisions"}],"up":[{"embeddable":true,"href":"https:\/\/learn.birdscanada.org\/fr\/wp-json\/wp\/v2\/pages\/4109"}],"wp:featuredmedia":[{"embeddable":true,"href":"https:\/\/learn.birdscanada.org\/fr\/wp-json\/wp\/v2\/media\/1484"}],"wp:attachment":[{"href":"https:\/\/learn.birdscanada.org\/fr\/wp-json\/wp\/v2\/media?parent=4178"}],"curies":[{"name":"wp","href":"https:\/\/api.w.org\/{rel}","templated":true}]}}