{"id":4165,"date":"2026-03-17T19:25:02","date_gmt":"2026-03-17T23:25:02","guid":{"rendered":"https:\/\/learn.birdscanada.org\/?page_id=4165"},"modified":"2026-03-17T19:43:46","modified_gmt":"2026-03-17T23:43:46","slug":"versions-et-extensions-du-bmde","status":"publish","type":"page","link":"https:\/\/learn.birdscanada.org\/fr\/autres-ressources\/naturecounts\/premiers-pas-avec-le-bmde\/versions-et-extensions-du-bmde\/","title":{"rendered":"Versions et extensions du BMDE"},"content":{"rendered":"<div class=\"fusion-fullwidth fullwidth-box fusion-builder-row-1 fusion-flex-container has-pattern-background has-mask-background nonhundred-percent-fullwidth non-hundred-percent-height-scrolling\" style=\"--awb-border-radius-top-left:0px;--awb-border-radius-top-right:0px;--awb-border-radius-bottom-right:0px;--awb-border-radius-bottom-left:0px;--awb-flex-wrap:wrap;\" ><div class=\"fusion-builder-row fusion-row fusion-flex-align-items-flex-start fusion-flex-content-wrap\" style=\"max-width:1236px;margin-left: calc(-3% \/ 2 );margin-right: calc(-3% \/ 2 );\"><div class=\"fusion-layout-column fusion_builder_column fusion-builder-column-0 fusion_builder_column_1_4 1_4 fusion-flex-column additional-res-sidebar fusion-animated\" style=\"--awb-bg-size:cover;--awb-width-large:25%;--awb-margin-top-large:0px;--awb-spacing-right-large:5.82%;--awb-margin-bottom-large:0px;--awb-spacing-left-large:5.82%;--awb-width-medium:25%;--awb-order-medium:0;--awb-spacing-right-medium:5.82%;--awb-spacing-left-medium:5.82%;--awb-width-small:100%;--awb-order-small:0;--awb-spacing-right-small:1.455%;--awb-spacing-left-small:1.455%;\" data-animationType=\"fadeInLeft\" data-animationDuration=\"0.5\" data-animationOffset=\"top-into-view\" data-scroll-devices=\"small-visibility,medium-visibility,large-visibility\"><div class=\"fusion-column-wrapper fusion-column-has-shadow fusion-flex-justify-content-flex-start fusion-content-layout-column\"><div class=\"fusion-title title fusion-title-1 fusion-sep-none fusion-title-text fusion-title-size-three additional-res-sidebar-title\" style=\"--awb-margin-bottom:8px;\"><h3 class=\"fusion-title-heading title-heading-left\" style=\"margin:0;\"><a href=\"https:\/\/learn.birdscanada.org\/fr\/autres-ressources\/naturecounts\/premiers-pas-avec-le-bmde\/\">Premiers pas avec le BMDE<\/a><\/h3><\/div><div class=\"fusion-text fusion-text-1 fusion-text-no-margin additional-res-sidebar-sub\"><p>(Choisissez des sujets ci-dessous)<\/p>\n<\/div><div class=\"fusion-separator fusion-full-width-sep\" style=\"align-self: center;margin-left: auto;margin-right: auto;margin-top:10px;width:100%;\"><div class=\"fusion-separator-border sep-single sep-solid\" style=\"--awb-height:20px;--awb-amount:20px;--awb-sep-color:var(--awb-custom_color_3);border-color:var(--awb-custom_color_3);border-top-width:1px;\"><\/div><\/div><div class=\"fusion-text fusion-text-2 additional-res-sidebar-text\"><p>Comprendre le BMDE :<\/p>\n<ul>\n<li><a href=\"https:\/\/learn.birdscanada.org\/fr\/autres-ressources\/naturecounts\/premiers-pas-avec-le-bmde\/contexte-et-definitions\/\">Contexte et d\u00e9finitions<\/a><\/li>\n<li><a href=\"https:\/\/learn.birdscanada.org\/fr\/autres-ressources\/naturecounts\/premiers-pas-avec-le-bmde\/quest-ce-que-le-bmde\/\">Qu&rsquo;est-ce que le BMDE ?<\/a><\/li>\n<li><a href=\"https:\/\/learn.birdscanada.org\/fr\/autres-ressources\/naturecounts\/premiers-pas-avec-le-bmde\/pourquoi-utilisons-nous-le-bmde\/\">Pourquoi utilisons-nous le BMDE ?<\/a><\/li>\n<li><a href=\"https:\/\/learn.birdscanada.org\/fr\/autres-ressources\/naturecounts\/premiers-pas-avec-le-bmde\/versions-et-extensions-du-bmde\/\">Versions et extensions du BMDE<\/a><\/li>\n<li><a href=\"https:\/\/learn.birdscanada.org\/fr\/autres-ressources\/naturecounts\/premiers-pas-avec-le-bmde\/champs-bmde\/\">Champs BMDE<\/a>\n<ul>\n<li><a href=\"https:\/\/learn.birdscanada.org\/fr\/autres-ressources\/naturecounts\/premiers-pas-avec-le-bmde\/identifiant-unique-mondial\/\">Identifiant unique mondial<\/a><\/li>\n<li><a href=\"https:\/\/learn.birdscanada.org\/fr\/autres-ressources\/naturecounts\/premiers-pas-avec-le-bmde\/identifiant-devenement-dechantillonnage\/\">Identifiants d&rsquo;\u00e9v\u00e9nements d&rsquo;\u00e9chantillonnage<\/a><\/li>\n<li><a href=\"https:\/\/learn.birdscanada.org\/fr\/autres-ressources\/naturecounts\/premiers-pas-avec-le-bmde\/champs-de-localisation\/\">Champs de localisation<\/a><\/li>\n<li><a href=\"https:\/\/learn.birdscanada.org\/fr\/autres-ressources\/naturecounts\/premiers-pas-avec-le-bmde\/champs-relatifs-au-protocole\/\">Champs relatifs au protocole<\/a><\/li>\n<li><a href=\"https:\/\/learn.birdscanada.org\/fr\/autres-ressources\/naturecounts\/premiers-pas-avec-le-bmde\/champs-effort\/\">Champs Effort<\/a><\/li>\n<li><a href=\"https:\/\/learn.birdscanada.org\/fr\/autres-ressources\/naturecounts\/premiers-pas-avec-le-bmde\/champs-observation\/\">Champs Observation<\/a><\/li>\n<\/ul>\n<\/li>\n<li><a href=\"https:\/\/learn.birdscanada.org\/fr\/autres-ressources\/naturecounts\/premiers-pas-avec-le-bmde\/types-densembles-de-donnees\/\">Types d&rsquo;ensembles de donn\u00e9es<\/a><\/li>\n<li><a href=\"https:\/\/learn.birdscanada.org\/fr\/autres-ressources\/naturecounts\/premiers-pas-avec-le-bmde\/types-de-structures-des-donnees\/\">Types de structures des donn\u00e9es<\/a><\/li>\n<li><a href=\"https:\/\/learn.birdscanada.org\/fr\/autres-ressources\/naturecounts\/premiers-pas-avec-le-bmde\/metadonnees\/\">M\u00e9tadonn\u00e9es<\/a><\/li>\n<li><a href=\"https:\/\/learn.birdscanada.org\/fr\/autres-ressources\/naturecounts\/premiers-pas-avec-le-bmde\/le-logiciel-r\/\">Le logiciel R<\/a><\/li>\n<\/ul>\n<\/div><\/div><\/div><div class=\"fusion-layout-column fusion_builder_column fusion-builder-column-1 fusion_builder_column_3_4 3_4 fusion-flex-column additional-res-content-col fusion-animated\" style=\"--awb-bg-size:cover;--awb-width-large:75%;--awb-margin-top-large:0px;--awb-spacing-right-large:1.94%;--awb-margin-bottom-large:0px;--awb-spacing-left-large:60px;--awb-width-medium:75%;--awb-order-medium:0;--awb-spacing-right-medium:1.94%;--awb-spacing-left-medium:60px;--awb-width-small:100%;--awb-order-small:0;--awb-spacing-right-small:1.455%;--awb-spacing-left-small:1.455%;\" data-animationType=\"fadeInRight\" data-animationDuration=\"0.5\" data-animationOffset=\"top-into-view\" data-scroll-devices=\"small-visibility,medium-visibility,large-visibility\"><div class=\"fusion-column-wrapper fusion-column-has-shadow fusion-flex-justify-content-flex-start fusion-content-layout-column\"><div class=\"fusion-text fusion-text-3\"><p>Il existe plusieurs versions du BMDE que vous pouvez rencontrer lorsque vous acc\u00e9dez aux donn\u00e9es via NatureCounts. La version de base actuelle comprend 169 champs qui couvrent les diff\u00e9rents aspects d&rsquo;une observation. Une version \u00e9tendue a \u00e9t\u00e9 cr\u00e9\u00e9e en 2018 et contient 265 champs, mais la plupart des ensembles de donn\u00e9es disponibles sur NatureCounts n&rsquo;utilisent que la version de base, plus petite.<\/p>\n<p>Les versions du BMDE que vous pouvez rencontrer sont les suivantes::<\/p>\n<ul>\n<li><strong>BMDE 2.0<\/strong> (169 champs) \u2013 Il s&rsquo;agit de la version de base actuelle du BMDE.<\/li>\n<\/ul>\n<ul>\n<li><strong>BMDE 2.0 Minimum<\/strong> (37 champs) \u2013 Cette version contient un sous-ensemble des champs de base, adapt\u00e9 \u00e0 certaines \u00e9tudes simples.<\/li>\n<\/ul>\n<ul>\n<li><strong>BMDE 2.0 \u00c9tendu<\/strong> (265 champs) \u2013 La version \u00e9tendue, la plus compl\u00e8te, comporte des champs suppl\u00e9mentaires permettant de saisir davantage de donn\u00e9es d&rsquo;observation, ainsi que des champs de mesure permettant de saisir des informations sur les individus marqu\u00e9s ou mesur\u00e9s dans la main.<\/li>\n<\/ul>\n<p>Vous pouvez comparer les champs disponibles dans chaque version du BMDE sur la <a href=\"https:\/\/naturecounts.ca\/nc\/default\/nc_bmde_fields.jsp?switchlang=FR\" target=\"_blank\" rel=\"noopener\">page Bird Monitoring Data Registry du site web NatureCounts<\/a>.<\/p>\n<p>Quelques extensions (ensembles de champs suppl\u00e9mentaires pour diff\u00e9rents types d&rsquo;observations) ont \u00e9t\u00e9 \u00e9tablies. Il s&rsquo;agit notamment d&rsquo;extensions pour les donn\u00e9es de baguage d&rsquo;oiseaux et d&rsquo;enregistrement de nids et les observations des papillons monarques. Les champs associ\u00e9s \u00e0 ces extensions ne sont actuellement pas impl\u00e9ment\u00e9s dans NatureCounts.<\/p>\n<p>Section suivante:: <a href=\"https:\/\/learn.birdscanada.org\/fr\/autres-ressources\/naturecounts\/premiers-pas-avec-le-bmde\/champs-bmde\/\">Champs BMDE<\/a><\/p>\n<\/div><\/div><\/div><\/div><\/div>\n","protected":false},"excerpt":{"rendered":"","protected":false},"author":23,"featured_media":3763,"parent":4113,"menu_order":0,"comment_status":"closed","ping_status":"closed","template":"","meta":{"_acf_changed":false,"footnotes":""},"class_list":["post-4165","page","type-page","status-publish","has-post-thumbnail","hentry"],"acf":[],"_links":{"self":[{"href":"https:\/\/learn.birdscanada.org\/fr\/wp-json\/wp\/v2\/pages\/4165","targetHints":{"allow":["GET"]}}],"collection":[{"href":"https:\/\/learn.birdscanada.org\/fr\/wp-json\/wp\/v2\/pages"}],"about":[{"href":"https:\/\/learn.birdscanada.org\/fr\/wp-json\/wp\/v2\/types\/page"}],"author":[{"embeddable":true,"href":"https:\/\/learn.birdscanada.org\/fr\/wp-json\/wp\/v2\/users\/23"}],"replies":[{"embeddable":true,"href":"https:\/\/learn.birdscanada.org\/fr\/wp-json\/wp\/v2\/comments?post=4165"}],"version-history":[{"count":0,"href":"https:\/\/learn.birdscanada.org\/fr\/wp-json\/wp\/v2\/pages\/4165\/revisions"}],"up":[{"embeddable":true,"href":"https:\/\/learn.birdscanada.org\/fr\/wp-json\/wp\/v2\/pages\/4113"}],"wp:featuredmedia":[{"embeddable":true,"href":"https:\/\/learn.birdscanada.org\/fr\/wp-json\/wp\/v2\/media\/3763"}],"wp:attachment":[{"href":"https:\/\/learn.birdscanada.org\/fr\/wp-json\/wp\/v2\/media?parent=4165"}],"curies":[{"name":"wp","href":"https:\/\/api.w.org\/{rel}","templated":true}]}}