{"id":4161,"date":"2026-03-17T18:58:45","date_gmt":"2026-03-17T22:58:45","guid":{"rendered":"https:\/\/learn.birdscanada.org\/?page_id=4161"},"modified":"2026-03-17T19:42:23","modified_gmt":"2026-03-17T23:42:23","slug":"identifiant-unique-mondial","status":"publish","type":"page","link":"https:\/\/learn.birdscanada.org\/fr\/autres-ressources\/naturecounts\/premiers-pas-avec-le-bmde\/identifiant-unique-mondial\/","title":{"rendered":"Identifiant unique mondial"},"content":{"rendered":"<div class=\"fusion-fullwidth fullwidth-box fusion-builder-row-1 fusion-flex-container has-pattern-background has-mask-background nonhundred-percent-fullwidth non-hundred-percent-height-scrolling\" style=\"--awb-border-radius-top-left:0px;--awb-border-radius-top-right:0px;--awb-border-radius-bottom-right:0px;--awb-border-radius-bottom-left:0px;--awb-flex-wrap:wrap;\" ><div class=\"fusion-builder-row fusion-row fusion-flex-align-items-flex-start fusion-flex-content-wrap\" style=\"max-width:1236px;margin-left: calc(-3% \/ 2 );margin-right: calc(-3% \/ 2 );\"><div class=\"fusion-layout-column fusion_builder_column fusion-builder-column-0 fusion_builder_column_1_4 1_4 fusion-flex-column additional-res-sidebar fusion-animated\" style=\"--awb-bg-size:cover;--awb-width-large:25%;--awb-margin-top-large:0px;--awb-spacing-right-large:5.82%;--awb-margin-bottom-large:0px;--awb-spacing-left-large:5.82%;--awb-width-medium:25%;--awb-order-medium:0;--awb-spacing-right-medium:5.82%;--awb-spacing-left-medium:5.82%;--awb-width-small:100%;--awb-order-small:0;--awb-spacing-right-small:1.455%;--awb-spacing-left-small:1.455%;\" data-animationType=\"fadeInLeft\" data-animationDuration=\"0.5\" data-animationOffset=\"top-into-view\" data-scroll-devices=\"small-visibility,medium-visibility,large-visibility\"><div class=\"fusion-column-wrapper fusion-column-has-shadow fusion-flex-justify-content-flex-start fusion-content-layout-column\"><div class=\"fusion-title title fusion-title-1 fusion-sep-none fusion-title-text fusion-title-size-three additional-res-sidebar-title\" style=\"--awb-margin-bottom:8px;\"><h3 class=\"fusion-title-heading title-heading-left\" style=\"margin:0;\"><a href=\"https:\/\/learn.birdscanada.org\/fr\/autres-ressources\/naturecounts\/premiers-pas-avec-le-bmde\/\">Premiers pas avec le BMDE<\/a><\/h3><\/div><div class=\"fusion-text fusion-text-1 fusion-text-no-margin additional-res-sidebar-sub\"><p>(Choisissez des sujets ci-dessous)<\/p>\n<\/div><div class=\"fusion-separator fusion-full-width-sep\" style=\"align-self: center;margin-left: auto;margin-right: auto;margin-top:10px;width:100%;\"><div class=\"fusion-separator-border sep-single sep-solid\" style=\"--awb-height:20px;--awb-amount:20px;--awb-sep-color:var(--awb-custom_color_3);border-color:var(--awb-custom_color_3);border-top-width:1px;\"><\/div><\/div><div class=\"fusion-text fusion-text-2 additional-res-sidebar-text\"><p>Comprendre le BMDE :<\/p>\n<ul>\n<li><a href=\"https:\/\/learn.birdscanada.org\/fr\/autres-ressources\/naturecounts\/premiers-pas-avec-le-bmde\/contexte-et-definitions\/\">Contexte et d\u00e9finitions<\/a><\/li>\n<li><a href=\"https:\/\/learn.birdscanada.org\/fr\/autres-ressources\/naturecounts\/premiers-pas-avec-le-bmde\/quest-ce-que-le-bmde\/\">Qu&rsquo;est-ce que le BMDE ?<\/a><\/li>\n<li><a href=\"https:\/\/learn.birdscanada.org\/fr\/autres-ressources\/naturecounts\/premiers-pas-avec-le-bmde\/pourquoi-utilisons-nous-le-bmde\/\">Pourquoi utilisons-nous le BMDE ?<\/a><\/li>\n<li><a href=\"https:\/\/learn.birdscanada.org\/fr\/autres-ressources\/naturecounts\/premiers-pas-avec-le-bmde\/versions-et-extensions-du-bmde\/\">Versions et extensions du BMDE<\/a><\/li>\n<li><a href=\"https:\/\/learn.birdscanada.org\/fr\/autres-ressources\/naturecounts\/premiers-pas-avec-le-bmde\/champs-bmde\/\">Champs BMDE<\/a>\n<ul>\n<li><a href=\"https:\/\/learn.birdscanada.org\/fr\/autres-ressources\/naturecounts\/premiers-pas-avec-le-bmde\/identifiant-unique-mondial\/\">Identifiant unique mondial<\/a><\/li>\n<li><a href=\"https:\/\/learn.birdscanada.org\/fr\/autres-ressources\/naturecounts\/premiers-pas-avec-le-bmde\/identifiant-devenement-dechantillonnage\/\">Identifiants d&rsquo;\u00e9v\u00e9nements d&rsquo;\u00e9chantillonnage<\/a><\/li>\n<li><a href=\"https:\/\/learn.birdscanada.org\/fr\/autres-ressources\/naturecounts\/premiers-pas-avec-le-bmde\/champs-de-localisation\/\">Champs de localisation<\/a><\/li>\n<li><a href=\"https:\/\/learn.birdscanada.org\/fr\/autres-ressources\/naturecounts\/premiers-pas-avec-le-bmde\/champs-relatifs-au-protocole\/\">Champs relatifs au protocole<\/a><\/li>\n<li><a href=\"https:\/\/learn.birdscanada.org\/fr\/autres-ressources\/naturecounts\/premiers-pas-avec-le-bmde\/champs-effort\/\">Champs Effort<\/a><\/li>\n<li><a href=\"https:\/\/learn.birdscanada.org\/fr\/autres-ressources\/naturecounts\/premiers-pas-avec-le-bmde\/champs-observation\/\">Champs Observation<\/a><\/li>\n<\/ul>\n<\/li>\n<li><a href=\"https:\/\/learn.birdscanada.org\/fr\/autres-ressources\/naturecounts\/premiers-pas-avec-le-bmde\/types-densembles-de-donnees\/\">Types d&rsquo;ensembles de donn\u00e9es<\/a><\/li>\n<li><a href=\"https:\/\/learn.birdscanada.org\/fr\/autres-ressources\/naturecounts\/premiers-pas-avec-le-bmde\/types-de-structures-des-donnees\/\">Types de structures des donn\u00e9es<\/a><\/li>\n<li><a href=\"https:\/\/learn.birdscanada.org\/fr\/autres-ressources\/naturecounts\/premiers-pas-avec-le-bmde\/metadonnees\/\">M\u00e9tadonn\u00e9es<\/a><\/li>\n<li><a href=\"https:\/\/learn.birdscanada.org\/fr\/autres-ressources\/naturecounts\/premiers-pas-avec-le-bmde\/le-logiciel-r\/\">Le logiciel R<\/a><\/li>\n<\/ul>\n<\/div><\/div><\/div><div class=\"fusion-layout-column fusion_builder_column fusion-builder-column-1 fusion_builder_column_3_4 3_4 fusion-flex-column additional-res-content-col fusion-animated\" style=\"--awb-bg-size:cover;--awb-width-large:75%;--awb-margin-top-large:0px;--awb-spacing-right-large:1.94%;--awb-margin-bottom-large:0px;--awb-spacing-left-large:60px;--awb-width-medium:75%;--awb-order-medium:0;--awb-spacing-right-medium:1.94%;--awb-spacing-left-medium:60px;--awb-width-small:100%;--awb-order-small:0;--awb-spacing-right-small:1.455%;--awb-spacing-left-small:1.455%;\" data-animationType=\"fadeInRight\" data-animationDuration=\"0.5\" data-animationOffset=\"top-into-view\" data-scroll-devices=\"small-visibility,medium-visibility,large-visibility\"><div class=\"fusion-column-wrapper fusion-column-has-shadow fusion-flex-justify-content-flex-start fusion-content-layout-column\"><div class=\"fusion-text fusion-text-3\"><p>Le premier champ de chaque version du BMDE est <em>GlobalUniqueIdentifier<\/em>, et ce champ est obligatoire pour toutes les donn\u00e9es soumises \u00e0 NatureCounts. Un identifiant unique mondial est une combinaison unique de lettres et de chiffres qui identifie un enregistrement (appel\u00e9 Uniform Resource Name ou URN) et le distingue de tous les autres enregistrements possibles dans tous les ensembles de donn\u00e9es. En d&rsquo;autres termes, il est unique au monde:: aucun enregistrement dans NatureCounts ne poss\u00e8de le m\u00eame identifiant unique mondial qu\u2019un autre.<\/p>\n<p>L\u2019identifiant unique mondial est permanent dans le temps. Cela signifie que si vous t\u00e9l\u00e9chargez le m\u00eame ensemble de donn\u00e9es \u00e0 diff\u00e9rents moments, un enregistrement donn\u00e9 aura toujours le m\u00eame identifiant unique mondial.<\/p>\n<p>L&rsquo;identifiant unique mondial est construit de la m\u00eame mani\u00e8re pour chaque enregistrement dans NatureCounts. Il est le suivant::<\/p>\n<p style=\"text-align: center;\"><strong>URN:catalogue:[InstitutionCode]:[CollectionCode]:[CatalogNumber]<\/strong><\/p>\n<p>O\u00f9 [InstitutionCode] repr\u00e9sente l&rsquo;institution (l\u2019entit\u00e9) qui a recueilli les donn\u00e9es, [CollectionCode] repr\u00e9sente le projet dans le cadre duquel les donn\u00e9es ont \u00e9t\u00e9 recueillies, et [CatalogNumber] est une combinaison unique de lettres et\/ou de chiffres pour l&rsquo;enregistrement dans le cadre de ce projet. Souvent, le num\u00e9ro de catalogue est une combinaison d&rsquo;un identifiant unique de liste d\u2019observation, d&rsquo;un identifiant de station et d&rsquo;un identifiant d&rsquo;enregistrement. Par exemple, un enregistrement du Programme de surveillance des marais pourrait avoir l&rsquo;identifiant unique mondial suivant::<\/p>\n<p style=\"text-align: center;\"><strong>URN:catalog:BIRDSCANADA:MMPBIRDS:12345-A-RWBL<\/strong><\/p>\n<p>L&rsquo;identifiant unique mondial sert \u00e0 identifier un enregistrement individuel dans NatureCounts. Bien qu&rsquo;il puisse contenir des informations sur l&rsquo;enregistrement, son objectif n&rsquo;est pas de fournir des informations d\u00e9taill\u00e9es. Pour plus d&rsquo;informations sur l&rsquo;entit\u00e9, le projet ou les protocoles relatifs \u00e0 un enregistrement donn\u00e9, vous devez vous r\u00e9f\u00e9rer aux <a href=\"https:\/\/learn.birdscanada.org\/fr\/autres-ressources\/naturecounts\/premiers-pas-avec-le-bmde\/metadonnees\/\">m\u00e9tadonn\u00e9es<\/a> associ\u00e9es.<\/p>\n<p>Section suivante:: <a href=\"https:\/\/learn.birdscanada.org\/fr\/autres-ressources\/naturecounts\/premiers-pas-avec-le-bmde\/identifiant-devenement-dechantillonnage\/\">Identifiant d&rsquo;\u00e9v\u00e9nement d&rsquo;\u00e9chantillonnage<\/a><\/p>\n<\/div><\/div><\/div><\/div><\/div>\n","protected":false},"excerpt":{"rendered":"","protected":false},"author":23,"featured_media":3763,"parent":4113,"menu_order":0,"comment_status":"closed","ping_status":"closed","template":"","meta":{"_acf_changed":false,"footnotes":""},"class_list":["post-4161","page","type-page","status-publish","has-post-thumbnail","hentry"],"acf":[],"_links":{"self":[{"href":"https:\/\/learn.birdscanada.org\/fr\/wp-json\/wp\/v2\/pages\/4161","targetHints":{"allow":["GET"]}}],"collection":[{"href":"https:\/\/learn.birdscanada.org\/fr\/wp-json\/wp\/v2\/pages"}],"about":[{"href":"https:\/\/learn.birdscanada.org\/fr\/wp-json\/wp\/v2\/types\/page"}],"author":[{"embeddable":true,"href":"https:\/\/learn.birdscanada.org\/fr\/wp-json\/wp\/v2\/users\/23"}],"replies":[{"embeddable":true,"href":"https:\/\/learn.birdscanada.org\/fr\/wp-json\/wp\/v2\/comments?post=4161"}],"version-history":[{"count":0,"href":"https:\/\/learn.birdscanada.org\/fr\/wp-json\/wp\/v2\/pages\/4161\/revisions"}],"up":[{"embeddable":true,"href":"https:\/\/learn.birdscanada.org\/fr\/wp-json\/wp\/v2\/pages\/4113"}],"wp:featuredmedia":[{"embeddable":true,"href":"https:\/\/learn.birdscanada.org\/fr\/wp-json\/wp\/v2\/media\/3763"}],"wp:attachment":[{"href":"https:\/\/learn.birdscanada.org\/fr\/wp-json\/wp\/v2\/media?parent=4161"}],"curies":[{"name":"wp","href":"https:\/\/api.w.org\/{rel}","templated":true}]}}