{"id":4149,"date":"2026-03-17T18:09:48","date_gmt":"2026-03-17T22:09:48","guid":{"rendered":"https:\/\/learn.birdscanada.org\/?page_id=4149"},"modified":"2026-03-17T19:42:45","modified_gmt":"2026-03-17T23:42:45","slug":"metadonnees","status":"publish","type":"page","link":"https:\/\/learn.birdscanada.org\/fr\/autres-ressources\/naturecounts\/premiers-pas-avec-le-bmde\/metadonnees\/","title":{"rendered":"M\u00e9tadonn\u00e9es"},"content":{"rendered":"<div class=\"fusion-fullwidth fullwidth-box fusion-builder-row-1 fusion-flex-container has-pattern-background has-mask-background nonhundred-percent-fullwidth non-hundred-percent-height-scrolling\" style=\"--awb-border-radius-top-left:0px;--awb-border-radius-top-right:0px;--awb-border-radius-bottom-right:0px;--awb-border-radius-bottom-left:0px;--awb-flex-wrap:wrap;\" ><div class=\"fusion-builder-row fusion-row fusion-flex-align-items-flex-start fusion-flex-content-wrap\" style=\"max-width:1236px;margin-left: calc(-3% \/ 2 );margin-right: calc(-3% \/ 2 );\"><div class=\"fusion-layout-column fusion_builder_column fusion-builder-column-0 fusion_builder_column_1_4 1_4 fusion-flex-column additional-res-sidebar fusion-animated\" style=\"--awb-bg-size:cover;--awb-width-large:25%;--awb-margin-top-large:0px;--awb-spacing-right-large:5.82%;--awb-margin-bottom-large:0px;--awb-spacing-left-large:5.82%;--awb-width-medium:25%;--awb-order-medium:0;--awb-spacing-right-medium:5.82%;--awb-spacing-left-medium:5.82%;--awb-width-small:100%;--awb-order-small:0;--awb-spacing-right-small:1.455%;--awb-spacing-left-small:1.455%;\" data-animationType=\"fadeInLeft\" data-animationDuration=\"0.5\" data-animationOffset=\"top-into-view\" data-scroll-devices=\"small-visibility,medium-visibility,large-visibility\"><div class=\"fusion-column-wrapper fusion-column-has-shadow fusion-flex-justify-content-flex-start fusion-content-layout-column\"><div class=\"fusion-title title fusion-title-1 fusion-sep-none fusion-title-text fusion-title-size-three additional-res-sidebar-title\" style=\"--awb-margin-bottom:8px;\"><h3 class=\"fusion-title-heading title-heading-left\" style=\"margin:0;\"><a href=\"https:\/\/learn.birdscanada.org\/fr\/autres-ressources\/naturecounts\/premiers-pas-avec-le-bmde\/\">Premiers pas avec le BMDE<\/a><\/h3><\/div><div class=\"fusion-text fusion-text-1 fusion-text-no-margin additional-res-sidebar-sub\"><p>(Choisissez des sujets ci-dessous)<\/p>\n<\/div><div class=\"fusion-separator fusion-full-width-sep\" style=\"align-self: center;margin-left: auto;margin-right: auto;margin-top:10px;width:100%;\"><div class=\"fusion-separator-border sep-single sep-solid\" style=\"--awb-height:20px;--awb-amount:20px;--awb-sep-color:var(--awb-custom_color_3);border-color:var(--awb-custom_color_3);border-top-width:1px;\"><\/div><\/div><div class=\"fusion-text fusion-text-2 additional-res-sidebar-text\"><p>Comprendre le BMDE :<\/p>\n<ul>\n<li><a href=\"https:\/\/learn.birdscanada.org\/fr\/autres-ressources\/naturecounts\/premiers-pas-avec-le-bmde\/contexte-et-definitions\/\">Contexte et d\u00e9finitions<\/a><\/li>\n<li><a href=\"https:\/\/learn.birdscanada.org\/fr\/autres-ressources\/naturecounts\/premiers-pas-avec-le-bmde\/quest-ce-que-le-bmde\/\">Qu&rsquo;est-ce que le BMDE ?<\/a><\/li>\n<li><a href=\"https:\/\/learn.birdscanada.org\/fr\/autres-ressources\/naturecounts\/premiers-pas-avec-le-bmde\/pourquoi-utilisons-nous-le-bmde\/\">Pourquoi utilisons-nous le BMDE ?<\/a><\/li>\n<li><a href=\"https:\/\/learn.birdscanada.org\/fr\/autres-ressources\/naturecounts\/premiers-pas-avec-le-bmde\/versions-et-extensions-du-bmde\/\">Versions et extensions du BMDE<\/a><\/li>\n<li><a href=\"https:\/\/learn.birdscanada.org\/fr\/autres-ressources\/naturecounts\/premiers-pas-avec-le-bmde\/champs-bmde\/\">Champs BMDE<\/a>\n<ul>\n<li><a href=\"https:\/\/learn.birdscanada.org\/fr\/autres-ressources\/naturecounts\/premiers-pas-avec-le-bmde\/identifiant-unique-mondial\/\">Identifiant unique mondial<\/a><\/li>\n<li><a href=\"https:\/\/learn.birdscanada.org\/fr\/autres-ressources\/naturecounts\/premiers-pas-avec-le-bmde\/identifiant-devenement-dechantillonnage\/\">Identifiants d&rsquo;\u00e9v\u00e9nements d&rsquo;\u00e9chantillonnage<\/a><\/li>\n<li><a href=\"https:\/\/learn.birdscanada.org\/fr\/autres-ressources\/naturecounts\/premiers-pas-avec-le-bmde\/champs-de-localisation\/\">Champs de localisation<\/a><\/li>\n<li><a href=\"https:\/\/learn.birdscanada.org\/fr\/autres-ressources\/naturecounts\/premiers-pas-avec-le-bmde\/champs-relatifs-au-protocole\/\">Champs relatifs au protocole<\/a><\/li>\n<li><a href=\"https:\/\/learn.birdscanada.org\/fr\/autres-ressources\/naturecounts\/premiers-pas-avec-le-bmde\/champs-effort\/\">Champs Effort<\/a><\/li>\n<li><a href=\"https:\/\/learn.birdscanada.org\/fr\/autres-ressources\/naturecounts\/premiers-pas-avec-le-bmde\/champs-observation\/\">Champs Observation<\/a><\/li>\n<\/ul>\n<\/li>\n<li><a href=\"https:\/\/learn.birdscanada.org\/fr\/autres-ressources\/naturecounts\/premiers-pas-avec-le-bmde\/types-densembles-de-donnees\/\">Types d&rsquo;ensembles de donn\u00e9es<\/a><\/li>\n<li><a href=\"https:\/\/learn.birdscanada.org\/fr\/autres-ressources\/naturecounts\/premiers-pas-avec-le-bmde\/types-de-structures-des-donnees\/\">Types de structures des donn\u00e9es<\/a><\/li>\n<li><a href=\"https:\/\/learn.birdscanada.org\/fr\/autres-ressources\/naturecounts\/premiers-pas-avec-le-bmde\/metadonnees\/\">M\u00e9tadonn\u00e9es<\/a><\/li>\n<li><a href=\"https:\/\/learn.birdscanada.org\/fr\/autres-ressources\/naturecounts\/premiers-pas-avec-le-bmde\/le-logiciel-r\/\">Le logiciel R<\/a><\/li>\n<\/ul>\n<\/div><\/div><\/div><div class=\"fusion-layout-column fusion_builder_column fusion-builder-column-1 fusion_builder_column_3_4 3_4 fusion-flex-column additional-res-content-col fusion-animated\" style=\"--awb-bg-size:cover;--awb-width-large:75%;--awb-margin-top-large:0px;--awb-spacing-right-large:1.94%;--awb-margin-bottom-large:0px;--awb-spacing-left-large:60px;--awb-width-medium:75%;--awb-order-medium:0;--awb-spacing-right-medium:1.94%;--awb-spacing-left-medium:60px;--awb-width-small:100%;--awb-order-small:0;--awb-spacing-right-small:1.455%;--awb-spacing-left-small:1.455%;\" data-animationType=\"fadeInRight\" data-animationDuration=\"0.5\" data-animationOffset=\"top-into-view\" data-scroll-devices=\"small-visibility,medium-visibility,large-visibility\"><div class=\"fusion-column-wrapper fusion-column-has-shadow fusion-flex-justify-content-flex-start fusion-content-layout-column\"><div class=\"fusion-text fusion-text-3\"><p>Toutes les donn\u00e9es dans NatureCounts doivent \u00eatre accompagn\u00e9es de m\u00e9tadonn\u00e9es compl\u00e8tes, qui d\u00e9crivent quand, o\u00f9, comment et par qui les donn\u00e9es ont \u00e9t\u00e9 r\u00e9colt\u00e9es. Les m\u00e9tadonn\u00e9es sont stock\u00e9es au <a href=\"https:\/\/naturecounts.ca\/nc\/default\/nc_standards.jsp?switchlang=FR\" target=\"_blank\" rel=\"noopener\">format BMDR<\/a> (Bird Monitoring Data Registry; Registre des donn\u00e9es de surveillance des oiseaux). Les m\u00e9tadonn\u00e9es aident les utilisateurs \u00e0 comprendre et \u00e0 analyser un ensemble de donn\u00e9es d\u00e9termin\u00e9 et \u00e0 citer correctement la source des donn\u00e9es dans tout travail publi\u00e9. Vous trouverez ci-dessous un exemple de page de m\u00e9tadonn\u00e9es pour l&rsquo;Atlas des oiseaux nicheurs du Qu\u00e9bec.<\/p>\n<p><img decoding=\"async\" class=\"alignnone wp-image-4150 size-full\" src=\"https:\/\/learn.birdscanada.org\/wp-content\/uploads\/2026\/03\/Screenshot-2026-03-17-150717.png\" alt=\"\" width=\"1388\" height=\"797\" srcset=\"https:\/\/learn.birdscanada.org\/wp-content\/uploads\/2026\/03\/Screenshot-2026-03-17-150717-200x115.png 200w, https:\/\/learn.birdscanada.org\/wp-content\/uploads\/2026\/03\/Screenshot-2026-03-17-150717-300x172.png 300w, https:\/\/learn.birdscanada.org\/wp-content\/uploads\/2026\/03\/Screenshot-2026-03-17-150717-400x230.png 400w, https:\/\/learn.birdscanada.org\/wp-content\/uploads\/2026\/03\/Screenshot-2026-03-17-150717-600x345.png 600w, https:\/\/learn.birdscanada.org\/wp-content\/uploads\/2026\/03\/Screenshot-2026-03-17-150717-768x441.png 768w, https:\/\/learn.birdscanada.org\/wp-content\/uploads\/2026\/03\/Screenshot-2026-03-17-150717-800x459.png 800w, https:\/\/learn.birdscanada.org\/wp-content\/uploads\/2026\/03\/Screenshot-2026-03-17-150717-1024x588.png 1024w, https:\/\/learn.birdscanada.org\/wp-content\/uploads\/2026\/03\/Screenshot-2026-03-17-150717-1200x689.png 1200w, https:\/\/learn.birdscanada.org\/wp-content\/uploads\/2026\/03\/Screenshot-2026-03-17-150717.png 1388w\" sizes=\"(max-width: 1388px) 100vw, 1388px\" \/><\/p>\n<p>Quiconque h\u00e9bergeant des donn\u00e9es sur NatureCounts doit soumettre des m\u00e9tadonn\u00e9es sous la forme d&rsquo;un questionnaire d\u00fbment rempli. Quiconque utilisant des donn\u00e9es provenant de NatureCounts doit v\u00e9rifier les m\u00e9tadonn\u00e9es des ensembles de donn\u00e9es utilis\u00e9s.<\/p>\n<p>Les m\u00e9tadonn\u00e9es de tous les ensembles de donn\u00e9es sont disponibles sur la page \u00ab<a href=\"https:\/\/naturecounts.ca\/nc\/default\/datasets.jsp?switchlang=FR\" target=\"_blank\" rel=\"noopener\">Bases de donn\u00e9es<\/a>\u00bb (sous l\u2019onglet \u00abExplorer\u00bb) du site web NatureCounts.<\/p>\n<p>Section suivante: <a href=\"https:\/\/learn.birdscanada.org\/fr\/autres-ressources\/naturecounts\/premiers-pas-avec-le-bmde\/le-logiciel-r\/\">Le logiciel R<\/a><\/p>\n<\/div><\/div><\/div><\/div><\/div>\n","protected":false},"excerpt":{"rendered":"","protected":false},"author":23,"featured_media":3763,"parent":4113,"menu_order":0,"comment_status":"closed","ping_status":"closed","template":"","meta":{"_acf_changed":false,"footnotes":""},"class_list":["post-4149","page","type-page","status-publish","has-post-thumbnail","hentry"],"acf":[],"_links":{"self":[{"href":"https:\/\/learn.birdscanada.org\/fr\/wp-json\/wp\/v2\/pages\/4149","targetHints":{"allow":["GET"]}}],"collection":[{"href":"https:\/\/learn.birdscanada.org\/fr\/wp-json\/wp\/v2\/pages"}],"about":[{"href":"https:\/\/learn.birdscanada.org\/fr\/wp-json\/wp\/v2\/types\/page"}],"author":[{"embeddable":true,"href":"https:\/\/learn.birdscanada.org\/fr\/wp-json\/wp\/v2\/users\/23"}],"replies":[{"embeddable":true,"href":"https:\/\/learn.birdscanada.org\/fr\/wp-json\/wp\/v2\/comments?post=4149"}],"version-history":[{"count":0,"href":"https:\/\/learn.birdscanada.org\/fr\/wp-json\/wp\/v2\/pages\/4149\/revisions"}],"up":[{"embeddable":true,"href":"https:\/\/learn.birdscanada.org\/fr\/wp-json\/wp\/v2\/pages\/4113"}],"wp:featuredmedia":[{"embeddable":true,"href":"https:\/\/learn.birdscanada.org\/fr\/wp-json\/wp\/v2\/media\/3763"}],"wp:attachment":[{"href":"https:\/\/learn.birdscanada.org\/fr\/wp-json\/wp\/v2\/media?parent=4149"}],"curies":[{"name":"wp","href":"https:\/\/api.w.org\/{rel}","templated":true}]}}