{"id":4125,"date":"2026-03-13T16:45:31","date_gmt":"2026-03-13T20:45:31","guid":{"rendered":"https:\/\/learn.birdscanada.org\/?page_id=4125"},"modified":"2026-03-13T18:43:49","modified_gmt":"2026-03-13T22:43:49","slug":"diffusion-des-donnees","status":"publish","type":"page","link":"https:\/\/learn.birdscanada.org\/fr\/autres-ressources\/naturecounts\/introduction-a-naturecounts\/diffusion-des-donnees\/","title":{"rendered":"Diffusion des donn\u00e9es"},"content":{"rendered":"<div class=\"fusion-fullwidth fullwidth-box fusion-builder-row-1 fusion-flex-container has-pattern-background has-mask-background nonhundred-percent-fullwidth non-hundred-percent-height-scrolling\" style=\"--awb-border-radius-top-left:0px;--awb-border-radius-top-right:0px;--awb-border-radius-bottom-right:0px;--awb-border-radius-bottom-left:0px;--awb-flex-wrap:wrap;\" ><div class=\"fusion-builder-row fusion-row fusion-flex-align-items-flex-start fusion-flex-content-wrap\" style=\"max-width:1236px;margin-left: calc(-3% \/ 2 );margin-right: calc(-3% \/ 2 );\"><div class=\"fusion-layout-column fusion_builder_column fusion-builder-column-0 fusion_builder_column_1_4 1_4 fusion-flex-column additional-res-sidebar fusion-animated\" style=\"--awb-bg-size:cover;--awb-width-large:25%;--awb-margin-top-large:0px;--awb-spacing-right-large:5.82%;--awb-margin-bottom-large:0px;--awb-spacing-left-large:5.82%;--awb-width-medium:25%;--awb-order-medium:0;--awb-spacing-right-medium:5.82%;--awb-spacing-left-medium:5.82%;--awb-width-small:100%;--awb-order-small:0;--awb-spacing-right-small:1.455%;--awb-spacing-left-small:1.455%;\" data-animationType=\"fadeInLeft\" data-animationDuration=\"0.5\" data-animationOffset=\"top-into-view\" data-scroll-devices=\"small-visibility,medium-visibility,large-visibility\"><div class=\"fusion-column-wrapper fusion-column-has-shadow fusion-flex-justify-content-flex-start fusion-content-layout-column\"><div class=\"fusion-title title fusion-title-1 fusion-sep-none fusion-title-text fusion-title-size-three additional-res-sidebar-title\" style=\"--awb-margin-bottom:8px;\"><h3 class=\"fusion-title-heading title-heading-left\" style=\"margin:0;\"><a href=\"https:\/\/learn.birdscanada.org\/fr\/autres-ressources\/naturecounts\/introduction-a-naturecounts\/\">Introduction \u00e0 NatureCounts<\/a><\/h3><\/div><div class=\"fusion-text fusion-text-1 fusion-text-no-margin additional-res-sidebar-sub\"><p>(Choisissez des sujets ci-dessous)<\/p>\n<\/div><div class=\"fusion-separator fusion-full-width-sep\" style=\"align-self: center;margin-left: auto;margin-right: auto;margin-top:10px;width:100%;\"><div class=\"fusion-separator-border sep-single sep-solid\" style=\"--awb-height:20px;--awb-amount:20px;--awb-sep-color:var(--awb-custom_color_3);border-color:var(--awb-custom_color_3);border-top-width:1px;\"><\/div><\/div><div class=\"fusion-text fusion-text-2 additional-res-sidebar-text\"><ul>\n<li><a href=\"https:\/\/learn.birdscanada.org\/fr\/autres-ressources\/naturecounts\/introduction-a-naturecounts\/les-bases\/\">Les bases<\/a><\/li>\n<li><a href=\"https:\/\/learn.birdscanada.org\/fr\/autres-ressources\/naturecounts\/introduction-a-naturecounts\/les-donnees-fair-101\/\">Les donn\u00e9es FAIR 101<\/a><\/li>\n<li><a href=\"https:\/\/learn.birdscanada.org\/fr\/autres-ressources\/naturecounts\/introduction-a-naturecounts\/composantes-de-la-plateforme\/\">Composantes de la plateforme<\/a><\/li>\n<li><a href=\"https:\/\/learn.birdscanada.org\/fr\/autres-ressources\/naturecounts\/introduction-a-naturecounts\/collecte-de-donnees\/\">Collecte de donn\u00e9es<\/a><\/li>\n<li><a href=\"https:\/\/learn.birdscanada.org\/fr\/autres-ressources\/naturecounts\/introduction-a-naturecounts\/interpretation-des-donnees\/\">Interpr\u00e9tation des donn\u00e9es<\/a><\/li>\n<li><a href=\"https:\/\/learn.birdscanada.org\/fr\/autres-ressources\/naturecounts\/introduction-a-naturecounts\/diffusion-des-donnees\/\">Diffusion des donn\u00e9es<\/a><\/li>\n<li><a href=\"https:\/\/learn.birdscanada.org\/fr\/autres-ressources\/naturecounts\/introduction-a-naturecounts\/notre-vision\/\">Notre vision<\/a><\/li>\n<\/ul>\n<\/div><\/div><\/div><div class=\"fusion-layout-column fusion_builder_column fusion-builder-column-1 fusion_builder_column_3_4 3_4 fusion-flex-column additional-res-content-col fusion-animated\" style=\"--awb-bg-size:cover;--awb-width-large:75%;--awb-margin-top-large:0px;--awb-spacing-right-large:1.94%;--awb-margin-bottom-large:0px;--awb-spacing-left-large:60px;--awb-width-medium:75%;--awb-order-medium:0;--awb-spacing-right-medium:1.94%;--awb-spacing-left-medium:60px;--awb-width-small:100%;--awb-order-small:0;--awb-spacing-right-small:1.455%;--awb-spacing-left-small:1.455%;\" data-animationType=\"fadeInRight\" data-animationDuration=\"0.5\" data-animationOffset=\"top-into-view\" data-scroll-devices=\"small-visibility,medium-visibility,large-visibility\"><div class=\"fusion-column-wrapper fusion-column-has-shadow fusion-flex-justify-content-flex-start fusion-content-layout-column\"><div class=\"fusion-text fusion-text-3\"><p>L&rsquo;objectif de NatureCounts est de diffuser les donn\u00e9es aussi largement que possible afin qu&rsquo;elles puissent \u00eatre utilis\u00e9es \u00e0 des fins de conservation et de recherche. Comme nous l&rsquo;avons vu dans la section <a href=\"https:\/\/learn.birdscanada.org\/fr\/autres-ressources\/naturecounts\/introduction-a-naturecounts\/les-donnees-fair-101\/\">Les donn\u00e9es ouvertes 101<\/a>, nous devons \u00e9galement trouver un \u00e9quilibre entre cet objectif et la n\u00e9cessit\u00e9 d&rsquo;assurer la s\u00e9curit\u00e9 des donn\u00e9es, des esp\u00e8ces, des habitats et des personnes concern\u00e9es.<\/p>\n<p>Les donn\u00e9es de NatureCounts sont diffus\u00e9es sur le <a href=\"https:\/\/naturecounts.ca\/nc\/default\/main.jsp?switchlang=FR\" target=\"_blank\" rel=\"noopener\">site web NatureCounts<\/a>, o\u00f9 elles peuvent \u00eatre visualis\u00e9es, recherch\u00e9es, filtr\u00e9es et t\u00e9l\u00e9charg\u00e9es. Les chercheurs qui utilisent R pour leurs analyses statistiques peuvent \u00e9galement y acc\u00e9der directement \u00e0 l&rsquo;aide du <a href=\"https:\/\/birdscanada.github.io\/naturecounts\/\" target=\"_blank\" rel=\"noopener\">logiciel R NatureCounts<\/a>.<\/p>\n<p>Les donn\u00e9es de NatureCounts sont consult\u00e9es par un groupe diversifi\u00e9 d&rsquo;utilisateurs, notamment:<\/p>\n<ul>\n<li>Les gouvernements (f\u00e9d\u00e9ral, provinciaux\/territoriaux et municipaux)<\/li>\n<li>Les consultants et l&rsquo;industrie<\/li>\n<li>Les organisations environnementales \u00e0 but non lucratif<\/li>\n<li>Les chercheurs et les universitaires<\/li>\n<li>Des Premi\u00e8res Nations<\/li>\n<li>Des comit\u00e9s consultatifs scientifiques<\/li>\n<li>Les centres de donn\u00e9es de conservation<\/li>\n<li>Des \u00e9tudiants et enseignants<\/li>\n<\/ul>\n<p>Et bien d&rsquo;autres encore! Les fa\u00e7ons dont les donn\u00e9es sont utilis\u00e9es sont aussi vari\u00e9es que les personnes et entit\u00e9s qui les utilisent.<\/p>\n<p><em><strong>NatureCounts et \u00e9valuation des esp\u00e8ces<\/strong><\/em><\/p>\n<p>Les donn\u00e9es de NatureCounts sont souvent utilis\u00e9es pour aider \u00e0 comprendre la situation et la r\u00e9partition des esp\u00e8ces, en particulier les oiseaux pr\u00e9sents au Canada. Elles peuvent \u00e9galement servir \u00e0 \u00e9valuer les esp\u00e8ces en p\u00e9ril (comme le fait le <a href=\"https:\/\/cosewic.ca\/index.php\/fr\/\" target=\"_blank\" rel=\"noopener\">COSEPAC<\/a>), pour identifier les menaces et les mesures de conservation pour diverses esp\u00e8ces, ou pour produire des rapports comme le <a href=\"https:\/\/naturecounts.ca\/nc\/socb-epoc\/report\/2024\/fr\/\" target=\"_blank\" rel=\"noopener\">rapport de 2024 sur l&rsquo;\u00e9tat des populations d&rsquo;oiseaux du Canada<\/a>.<\/p>\n<div id=\"attachment_1627\" style=\"width: 610px\" class=\"wp-caption aligncenter\"><img decoding=\"async\" aria-describedby=\"caption-attachment-1627\" class=\"wp-image-1627 size-fusion-600\" src=\"https:\/\/learn.birdscanada.org\/wp-content\/uploads\/2024\/05\/canadawarbler_Kyle-Horner-600x400.jpg\" alt=\"A Canada Warbler stands on the ground at the base of a tree.\" width=\"600\" height=\"400\" srcset=\"https:\/\/learn.birdscanada.org\/wp-content\/uploads\/2024\/05\/canadawarbler_Kyle-Horner-200x133.jpg 200w, https:\/\/learn.birdscanada.org\/wp-content\/uploads\/2024\/05\/canadawarbler_Kyle-Horner-300x200.jpg 300w, https:\/\/learn.birdscanada.org\/wp-content\/uploads\/2024\/05\/canadawarbler_Kyle-Horner-400x267.jpg 400w, https:\/\/learn.birdscanada.org\/wp-content\/uploads\/2024\/05\/canadawarbler_Kyle-Horner-600x400.jpg 600w, https:\/\/learn.birdscanada.org\/wp-content\/uploads\/2024\/05\/canadawarbler_Kyle-Horner-768x512.jpg 768w, https:\/\/learn.birdscanada.org\/wp-content\/uploads\/2024\/05\/canadawarbler_Kyle-Horner-800x533.jpg 800w, https:\/\/learn.birdscanada.org\/wp-content\/uploads\/2024\/05\/canadawarbler_Kyle-Horner-1024x683.jpg 1024w, https:\/\/learn.birdscanada.org\/wp-content\/uploads\/2024\/05\/canadawarbler_Kyle-Horner-1200x800.jpg 1200w, https:\/\/learn.birdscanada.org\/wp-content\/uploads\/2024\/05\/canadawarbler_Kyle-Horner-1536x1024.jpg 1536w\" sizes=\"(max-width: 600px) 100vw, 600px\" \/><p id=\"caption-attachment-1627\" class=\"wp-caption-text\">Photo : Kyle Horner<\/p><\/div>\n<p><em><strong>NatureCounts et am\u00e9nagement du territoire<\/strong><\/em><\/p>\n<p>Les donn\u00e9es de NatureCounts sont fr\u00e9quemment utilis\u00e9es dans l&rsquo;am\u00e9nagement du territoire. Cela peut inclure la hi\u00e9rarchisation des espaces \u00e0 prot\u00e9ger et \u00e0 conserver, comme dans le cas des <a href=\"https:\/\/kbacanada.org\/fr\/\" target=\"_blank\" rel=\"noopener\">zones cl\u00e9s pour la biodiversit\u00e9 du Canada<\/a>, ou l\u2019orientation de la gestion ou encore la restauration d&rsquo;habitats essentiels. Les donn\u00e9es peuvent \u00e9galement servir \u00e0 \u00e9valuer et att\u00e9nuer les impacts de diff\u00e9rentes pratiques d&rsquo;utilisation des terres, comme dans le cas de <a href=\"https:\/\/www.oiseauxcanada.org\/etudier-les-oiseaux\/lindice-de-preservation-de-lavifaune\" target=\"_blank\" rel=\"noopener\">l\u2019Indice de pr\u00e9servation de l\u2019avifaune<\/a>.<\/p>\n<div id=\"attachment_1621\" style=\"width: 610px\" class=\"wp-caption aligncenter\"><img decoding=\"async\" aria-describedby=\"caption-attachment-1621\" class=\"wp-image-1621 size-fusion-600\" src=\"https:\/\/learn.birdscanada.org\/wp-content\/uploads\/2024\/05\/cypresshills_Katelyn-Luff-600x450.jpeg\" alt=\"A beautiful prairie landscape.\" width=\"600\" height=\"450\" srcset=\"https:\/\/learn.birdscanada.org\/wp-content\/uploads\/2024\/05\/cypresshills_Katelyn-Luff-200x150.jpeg 200w, https:\/\/learn.birdscanada.org\/wp-content\/uploads\/2024\/05\/cypresshills_Katelyn-Luff-300x225.jpeg 300w, https:\/\/learn.birdscanada.org\/wp-content\/uploads\/2024\/05\/cypresshills_Katelyn-Luff-400x300.jpeg 400w, https:\/\/learn.birdscanada.org\/wp-content\/uploads\/2024\/05\/cypresshills_Katelyn-Luff-600x450.jpeg 600w, https:\/\/learn.birdscanada.org\/wp-content\/uploads\/2024\/05\/cypresshills_Katelyn-Luff-768x576.jpeg 768w, https:\/\/learn.birdscanada.org\/wp-content\/uploads\/2024\/05\/cypresshills_Katelyn-Luff-800x600.jpeg 800w, https:\/\/learn.birdscanada.org\/wp-content\/uploads\/2024\/05\/cypresshills_Katelyn-Luff-1024x768.jpeg 1024w, https:\/\/learn.birdscanada.org\/wp-content\/uploads\/2024\/05\/cypresshills_Katelyn-Luff-1200x900.jpeg 1200w, https:\/\/learn.birdscanada.org\/wp-content\/uploads\/2024\/05\/cypresshills_Katelyn-Luff-1536x1153.jpeg 1536w\" sizes=\"(max-width: 600px) 100vw, 600px\" \/><p id=\"caption-attachment-1621\" class=\"wp-caption-text\">Photo : Katelyn Luff<\/p><\/div>\n<p><em><strong>NatureCounts et \u00e9valuation des impacts environnementaux<\/strong><\/em><\/p>\n<p>Les donn\u00e9es NatureCounts jouent un r\u00f4le cl\u00e9 dans l&rsquo;\u00e9valuation des impacts environnementaux, car elles sont utilis\u00e9es par les consultants et l&rsquo;industrie pour \u00e9valuer et att\u00e9nuer les impacts potentiels des projets de d\u00e9veloppement ou de construction. Ce type de donn\u00e9es constitue un compl\u00e9ment inestimable aux programmes de relev\u00e9s sur le terrain et peut m\u00eame contribuer \u00e0 guider les changements apport\u00e9s aux politiques et aux r\u00e9glementations relatives aux \u00e9valuations d&rsquo;impact.<\/p>\n<div id=\"attachment_1623\" style=\"width: 610px\" class=\"wp-caption aligncenter\"><img decoding=\"async\" aria-describedby=\"caption-attachment-1623\" class=\"wp-image-1623 size-fusion-600\" src=\"https:\/\/learn.birdscanada.org\/wp-content\/uploads\/2024\/05\/BankSwallowColony_PitSite_NatashaBarlow-600x450.jpg\" alt=\"A construction site with a large excavator is right beside a Bank Swallow nesting colony.\" width=\"600\" height=\"450\" srcset=\"https:\/\/learn.birdscanada.org\/wp-content\/uploads\/2024\/05\/BankSwallowColony_PitSite_NatashaBarlow-200x150.jpg 200w, https:\/\/learn.birdscanada.org\/wp-content\/uploads\/2024\/05\/BankSwallowColony_PitSite_NatashaBarlow-300x225.jpg 300w, https:\/\/learn.birdscanada.org\/wp-content\/uploads\/2024\/05\/BankSwallowColony_PitSite_NatashaBarlow-400x300.jpg 400w, https:\/\/learn.birdscanada.org\/wp-content\/uploads\/2024\/05\/BankSwallowColony_PitSite_NatashaBarlow-600x450.jpg 600w, https:\/\/learn.birdscanada.org\/wp-content\/uploads\/2024\/05\/BankSwallowColony_PitSite_NatashaBarlow-768x576.jpg 768w, https:\/\/learn.birdscanada.org\/wp-content\/uploads\/2024\/05\/BankSwallowColony_PitSite_NatashaBarlow-800x600.jpg 800w, https:\/\/learn.birdscanada.org\/wp-content\/uploads\/2024\/05\/BankSwallowColony_PitSite_NatashaBarlow-1024x768.jpg 1024w, https:\/\/learn.birdscanada.org\/wp-content\/uploads\/2024\/05\/BankSwallowColony_PitSite_NatashaBarlow-1200x900.jpg 1200w, https:\/\/learn.birdscanada.org\/wp-content\/uploads\/2024\/05\/BankSwallowColony_PitSite_NatashaBarlow-1536x1152.jpg 1536w\" sizes=\"(max-width: 600px) 100vw, 600px\" \/><p id=\"caption-attachment-1623\" class=\"wp-caption-text\">Photo : Natasha Barlow<\/p><\/div>\n<p><em><strong>NatureCounts et \u00e9ducation<\/strong><\/em><\/p>\n<p>Les donn\u00e9es de NatureCounts sont souvent utilis\u00e9es par les \u00e9tudiants de premier cycle universitaire et de cycle sup\u00e9rieur pour mener \u00e0 bien leurs travaux. La recherche bas\u00e9e sur des donn\u00e9es existantes est nettement plus abordable et accessible que les co\u00fbteuses recherches sur le terrain, et cette ressource abondante permet de nombreuses d\u00e9couvertes. Les cours universitaires utilisent \u00e9galement NatureCounts pour initier les \u00e9tudiants aux donn\u00e9es ouvertes et \u00e0 la recherche sur la biodiversit\u00e9. Gr\u00e2ce aux outils d&rsquo;exploration de donn\u00e9es, tout le monde peut utiliser NatureCounts pour en savoir plus sur les oiseaux au Canada.<\/p>\n<p><img decoding=\"async\" class=\"aligncenter wp-image-3853 size-fusion-600\" src=\"https:\/\/learn.birdscanada.org\/wp-content\/uploads\/2025\/06\/Screenshot-2025-06-09-131221-600x299.png\" alt=\"A map of North American covered by colored areas indicating the population trends of Canada Warbler.\" width=\"600\" height=\"299\" srcset=\"https:\/\/learn.birdscanada.org\/wp-content\/uploads\/2025\/06\/Screenshot-2025-06-09-131221-200x100.png 200w, https:\/\/learn.birdscanada.org\/wp-content\/uploads\/2025\/06\/Screenshot-2025-06-09-131221-300x150.png 300w, https:\/\/learn.birdscanada.org\/wp-content\/uploads\/2025\/06\/Screenshot-2025-06-09-131221-400x199.png 400w, https:\/\/learn.birdscanada.org\/wp-content\/uploads\/2025\/06\/Screenshot-2025-06-09-131221-600x299.png 600w, https:\/\/learn.birdscanada.org\/wp-content\/uploads\/2025\/06\/Screenshot-2025-06-09-131221-768x383.png 768w, https:\/\/learn.birdscanada.org\/wp-content\/uploads\/2025\/06\/Screenshot-2025-06-09-131221-800x399.png 800w, https:\/\/learn.birdscanada.org\/wp-content\/uploads\/2025\/06\/Screenshot-2025-06-09-131221-1024x510.png 1024w, https:\/\/learn.birdscanada.org\/wp-content\/uploads\/2025\/06\/Screenshot-2025-06-09-131221-1200x598.png 1200w, https:\/\/learn.birdscanada.org\/wp-content\/uploads\/2025\/06\/Screenshot-2025-06-09-131221.png 1519w\" sizes=\"(max-width: 600px) 100vw, 600px\" \/><\/p>\n<p><em><strong>NatureCounts et recherche<\/strong><\/em><\/p>\n<p>Les donn\u00e9es h\u00e9berg\u00e9es par NatureCounts sont utilis\u00e9es pour toutes sortes de recherches sur les oiseaux et la biodiversit\u00e9, notamment les travaux sur les tendances d\u00e9mographiques, les esp\u00e8ces en p\u00e9ril, les calendriers de nidification et de migration, les efforts de conservation et m\u00eame les changements climatiques. Combin\u00e9e \u00e0 la collecte de nouvelles donn\u00e9es, ou utilis\u00e9e seule, l&rsquo;imposante base de donn\u00e9es de NatureCounts offre un potentiel consid\u00e9rable pour la recherche continue et novatrice. Il n&rsquo;y a pas de limite \u00e0 ce que nous pouvons apprendre et \u00e0 la mani\u00e8re dont les donn\u00e9es peuvent \u00eatre utilis\u00e9es pour aider les esp\u00e8ces et favoriser leur conservation.<\/p>\n<div id=\"attachment_1619\" style=\"width: 610px\" class=\"wp-caption aligncenter\"><img decoding=\"async\" aria-describedby=\"caption-attachment-1619\" class=\"wp-image-1619 size-fusion-600\" src=\"https:\/\/learn.birdscanada.org\/wp-content\/uploads\/2024\/05\/PipingPlover_Angela-Mercurio_ON-600x400.jpeg\" alt=\"A Piping Plover wearing leg bands walks\" width=\"600\" height=\"400\" srcset=\"https:\/\/learn.birdscanada.org\/wp-content\/uploads\/2024\/05\/PipingPlover_Angela-Mercurio_ON-200x133.jpeg 200w, https:\/\/learn.birdscanada.org\/wp-content\/uploads\/2024\/05\/PipingPlover_Angela-Mercurio_ON-300x200.jpeg 300w, https:\/\/learn.birdscanada.org\/wp-content\/uploads\/2024\/05\/PipingPlover_Angela-Mercurio_ON-400x267.jpeg 400w, https:\/\/learn.birdscanada.org\/wp-content\/uploads\/2024\/05\/PipingPlover_Angela-Mercurio_ON-600x400.jpeg 600w, https:\/\/learn.birdscanada.org\/wp-content\/uploads\/2024\/05\/PipingPlover_Angela-Mercurio_ON-768x512.jpeg 768w, https:\/\/learn.birdscanada.org\/wp-content\/uploads\/2024\/05\/PipingPlover_Angela-Mercurio_ON-800x533.jpeg 800w, https:\/\/learn.birdscanada.org\/wp-content\/uploads\/2024\/05\/PipingPlover_Angela-Mercurio_ON-1024x682.jpeg 1024w, https:\/\/learn.birdscanada.org\/wp-content\/uploads\/2024\/05\/PipingPlover_Angela-Mercurio_ON.jpeg 1127w\" sizes=\"(max-width: 600px) 100vw, 600px\" \/><p id=\"caption-attachment-1619\" class=\"wp-caption-text\">Photo: Angela Mercurio<\/p><\/div>\n<p>De cette mani\u00e8re, et de bien d&rsquo;autres encore, NatureCounts joue un r\u00f4le essentiel dans l\u2019\u00e9tude et la conservation de la biodiversit\u00e9 au Canada et ailleurs. NatureCounts est en constante \u00e9volution, tout comme son impact et celui des donn\u00e9es qu&rsquo;elle h\u00e9berge.<\/p>\n<p>Section suivante: <a href=\"https:\/\/learn.birdscanada.org\/fr\/autres-ressources\/naturecounts\/introduction-a-naturecounts\/notre-vision\/\">Notre vision<\/a><\/p>\n<\/div><\/div><\/div><\/div><\/div>","protected":false},"excerpt":{"rendered":"","protected":false},"author":23,"featured_media":1648,"parent":4111,"menu_order":0,"comment_status":"closed","ping_status":"closed","template":"","meta":{"_acf_changed":false,"footnotes":""},"class_list":["post-4125","page","type-page","status-publish","has-post-thumbnail","hentry"],"acf":[],"_links":{"self":[{"href":"https:\/\/learn.birdscanada.org\/fr\/wp-json\/wp\/v2\/pages\/4125","targetHints":{"allow":["GET"]}}],"collection":[{"href":"https:\/\/learn.birdscanada.org\/fr\/wp-json\/wp\/v2\/pages"}],"about":[{"href":"https:\/\/learn.birdscanada.org\/fr\/wp-json\/wp\/v2\/types\/page"}],"author":[{"embeddable":true,"href":"https:\/\/learn.birdscanada.org\/fr\/wp-json\/wp\/v2\/users\/23"}],"replies":[{"embeddable":true,"href":"https:\/\/learn.birdscanada.org\/fr\/wp-json\/wp\/v2\/comments?post=4125"}],"version-history":[{"count":0,"href":"https:\/\/learn.birdscanada.org\/fr\/wp-json\/wp\/v2\/pages\/4125\/revisions"}],"up":[{"embeddable":true,"href":"https:\/\/learn.birdscanada.org\/fr\/wp-json\/wp\/v2\/pages\/4111"}],"wp:featuredmedia":[{"embeddable":true,"href":"https:\/\/learn.birdscanada.org\/fr\/wp-json\/wp\/v2\/media\/1648"}],"wp:attachment":[{"href":"https:\/\/learn.birdscanada.org\/fr\/wp-json\/wp\/v2\/media?parent=4125"}],"curies":[{"name":"wp","href":"https:\/\/api.w.org\/{rel}","templated":true}]}}