{"id":4123,"date":"2026-03-13T16:49:23","date_gmt":"2026-03-13T20:49:23","guid":{"rendered":"https:\/\/learn.birdscanada.org\/?page_id=4123"},"modified":"2026-03-13T18:04:47","modified_gmt":"2026-03-13T22:04:47","slug":"collecte-de-donnees","status":"publish","type":"page","link":"https:\/\/learn.birdscanada.org\/fr\/autres-ressources\/naturecounts\/introduction-a-naturecounts\/collecte-de-donnees\/","title":{"rendered":"Collecte de donn\u00e9es"},"content":{"rendered":"<div class=\"fusion-fullwidth fullwidth-box fusion-builder-row-1 fusion-flex-container has-pattern-background has-mask-background nonhundred-percent-fullwidth non-hundred-percent-height-scrolling\" style=\"--awb-border-radius-top-left:0px;--awb-border-radius-top-right:0px;--awb-border-radius-bottom-right:0px;--awb-border-radius-bottom-left:0px;--awb-flex-wrap:wrap;\" ><div class=\"fusion-builder-row fusion-row fusion-flex-align-items-flex-start fusion-flex-content-wrap\" style=\"max-width:1236px;margin-left: calc(-3% \/ 2 );margin-right: calc(-3% \/ 2 );\"><div class=\"fusion-layout-column fusion_builder_column fusion-builder-column-0 fusion_builder_column_1_4 1_4 fusion-flex-column additional-res-sidebar fusion-animated\" style=\"--awb-bg-size:cover;--awb-width-large:25%;--awb-margin-top-large:0px;--awb-spacing-right-large:5.82%;--awb-margin-bottom-large:0px;--awb-spacing-left-large:5.82%;--awb-width-medium:25%;--awb-order-medium:0;--awb-spacing-right-medium:5.82%;--awb-spacing-left-medium:5.82%;--awb-width-small:100%;--awb-order-small:0;--awb-spacing-right-small:1.455%;--awb-spacing-left-small:1.455%;\" data-animationType=\"fadeInLeft\" data-animationDuration=\"0.5\" data-animationOffset=\"top-into-view\" data-scroll-devices=\"small-visibility,medium-visibility,large-visibility\"><div class=\"fusion-column-wrapper fusion-column-has-shadow fusion-flex-justify-content-flex-start fusion-content-layout-column\"><div class=\"fusion-title title fusion-title-1 fusion-sep-none fusion-title-text fusion-title-size-three additional-res-sidebar-title\" style=\"--awb-margin-bottom:8px;\"><h3 class=\"fusion-title-heading title-heading-left\" style=\"margin:0;\"><a href=\"https:\/\/learn.birdscanada.org\/fr\/autres-ressources\/naturecounts\/introduction-a-naturecounts\/\">Introduction \u00e0 NatureCounts<\/a><\/h3><\/div><div class=\"fusion-text fusion-text-1 fusion-text-no-margin additional-res-sidebar-sub\"><p>(Choisissez des sujets ci-dessous)<\/p>\n<\/div><div class=\"fusion-separator fusion-full-width-sep\" style=\"align-self: center;margin-left: auto;margin-right: auto;margin-top:10px;width:100%;\"><div class=\"fusion-separator-border sep-single sep-solid\" style=\"--awb-height:20px;--awb-amount:20px;--awb-sep-color:var(--awb-custom_color_3);border-color:var(--awb-custom_color_3);border-top-width:1px;\"><\/div><\/div><div class=\"fusion-text fusion-text-2 additional-res-sidebar-text\"><ul>\n<li><a href=\"https:\/\/learn.birdscanada.org\/fr\/autres-ressources\/naturecounts\/introduction-a-naturecounts\/les-bases\/\">Les bases<\/a><\/li>\n<li><a href=\"https:\/\/learn.birdscanada.org\/fr\/autres-ressources\/naturecounts\/introduction-a-naturecounts\/les-donnees-fair-101\/\">Les donn\u00e9es FAIR 101<\/a><\/li>\n<li><a href=\"https:\/\/learn.birdscanada.org\/fr\/autres-ressources\/naturecounts\/introduction-a-naturecounts\/composantes-de-la-plateforme\/\">Composantes de la plateforme<\/a><\/li>\n<li><a href=\"https:\/\/learn.birdscanada.org\/fr\/autres-ressources\/naturecounts\/introduction-a-naturecounts\/collecte-de-donnees\/\">Collecte de donn\u00e9es<\/a><\/li>\n<li><a href=\"https:\/\/learn.birdscanada.org\/fr\/autres-ressources\/naturecounts\/introduction-a-naturecounts\/interpretation-des-donnees\/\">Interpr\u00e9tation des donn\u00e9es<\/a><\/li>\n<li><a href=\"https:\/\/learn.birdscanada.org\/fr\/autres-ressources\/naturecounts\/introduction-a-naturecounts\/diffusion-des-donnees\/\">Diffusion des donn\u00e9es<\/a><\/li>\n<li><a href=\"https:\/\/learn.birdscanada.org\/fr\/autres-ressources\/naturecounts\/introduction-a-naturecounts\/notre-vision\/\">Notre vision<\/a><\/li>\n<\/ul>\n<\/div><\/div><\/div><div class=\"fusion-layout-column fusion_builder_column fusion-builder-column-1 fusion_builder_column_3_4 3_4 fusion-flex-column additional-res-content-col fusion-animated\" style=\"--awb-bg-size:cover;--awb-width-large:75%;--awb-margin-top-large:0px;--awb-spacing-right-large:1.94%;--awb-margin-bottom-large:0px;--awb-spacing-left-large:60px;--awb-width-medium:75%;--awb-order-medium:0;--awb-spacing-right-medium:1.94%;--awb-spacing-left-medium:60px;--awb-width-small:100%;--awb-order-small:0;--awb-spacing-right-small:1.455%;--awb-spacing-left-small:1.455%;\" data-animationType=\"fadeInRight\" data-animationDuration=\"0.5\" data-animationOffset=\"top-into-view\" data-scroll-devices=\"small-visibility,medium-visibility,large-visibility\"><div class=\"fusion-column-wrapper fusion-column-has-shadow fusion-flex-justify-content-flex-start fusion-content-layout-column\"><div class=\"fusion-text fusion-text-3\"><p>NatureCounts h\u00e9berge une grande quantit\u00e9 de donn\u00e9es: plus de 250 millions d&rsquo;enregistrements provenant de centaines de projets de science citoyenne et de recherche remontant \u00e0 plus d&rsquo;un si\u00e8cle! NatureCounts soutient la collecte de donn\u00e9es dans le cadre de travaux nouveaux et actuels, mais archive \u00e9galement les donn\u00e9es historiques des travaux termin\u00e9s. Les donn\u00e9es parviennent \u00e0 NatureCounts de trois mani\u00e8res principales:<\/p>\n<p><strong>1. Via l&rsquo;application mobile ou l&rsquo;outil de saisie en ligne<\/strong><\/p>\n<p>Les auteurs de travaux qui r\u00e9coltent actuellement des donn\u00e9es peuvent en faire la saisie en temps r\u00e9el \u00e0 l&rsquo;aide de <a href=\"https:\/\/naturecounts.ca\/nc\/default\/nc_app.jsp?switchlang=FR\" target=\"_blank\" rel=\"noopener\">l&rsquo;application mobile NatureCounts<\/a>. L&rsquo;application permet de soumettre des donn\u00e9es pour divers projets et programmes de relev\u00e9s directement depuis le terrain, sans avoir \u00e0 se soucier des formulaires papier et \u00e0 retranscrire les donn\u00e9es apr\u00e8s coup. Elle guide les utilisateurs \u00e0 travers les protocoles de mani\u00e8re simple et \u00e9tape par \u00e9tape, de sorte que m\u00eame les novices en mati\u00e8re de science citoyenne peuvent recueillir des donn\u00e9es fiables et pr\u00e9cises sur la biodiversit\u00e9.<\/p>\n<p><img decoding=\"async\" class=\"aligncenter wp-image-4141 size-fusion-600\" src=\"https:\/\/learn.birdscanada.org\/wp-content\/uploads\/2026\/03\/app_trio_fr-600x489.png\" alt=\"\" width=\"600\" height=\"489\" srcset=\"https:\/\/learn.birdscanada.org\/wp-content\/uploads\/2026\/03\/app_trio_fr-200x163.png 200w, https:\/\/learn.birdscanada.org\/wp-content\/uploads\/2026\/03\/app_trio_fr-300x245.png 300w, https:\/\/learn.birdscanada.org\/wp-content\/uploads\/2026\/03\/app_trio_fr-400x326.png 400w, https:\/\/learn.birdscanada.org\/wp-content\/uploads\/2026\/03\/app_trio_fr-600x489.png 600w, https:\/\/learn.birdscanada.org\/wp-content\/uploads\/2026\/03\/app_trio_fr-768x626.png 768w, https:\/\/learn.birdscanada.org\/wp-content\/uploads\/2026\/03\/app_trio_fr-800x652.png 800w, https:\/\/learn.birdscanada.org\/wp-content\/uploads\/2026\/03\/app_trio_fr-1024x835.png 1024w, https:\/\/learn.birdscanada.org\/wp-content\/uploads\/2026\/03\/app_trio_fr-1200x978.png 1200w, https:\/\/learn.birdscanada.org\/wp-content\/uploads\/2026\/03\/app_trio_fr-1536x1252.png 1536w\" sizes=\"(max-width: 600px) 100vw, 600px\" \/><\/p>\n<p>Pour les projets qui utilisent des formulaires traditionnels, ou les personnes qui les pr\u00e9f\u00e8rent, un outil de saisie en ligne permet d\u2019entrer facilement les donn\u00e9es sur un ordinateur de bureau.<\/p>\n<p><strong>2. Via un t\u00e9l\u00e9chargement group\u00e9<\/strong><\/p>\n<p>Les responsables de projets dont la collecte de donn\u00e9es est termin\u00e9e peuvent int\u00e9grer leurs donn\u00e9es \u00e0 NatureCounts via un t\u00e9l\u00e9chargement group\u00e9. Cela permet aux donn\u00e9es de projets ant\u00e9rieurs \u00e0 NatureCounts ou qui n\u2019y ont pas \u00e9t\u00e9 initialement int\u00e9gr\u00e9s d&rsquo;\u00eatre ajout\u00e9es \u00e0 la plateforme, archiv\u00e9es de mani\u00e8re s\u00e9curis\u00e9e et mises \u00e0 disposition.<\/p>\n<p><strong>3. Par importation r\u00e9guli\u00e8re<\/strong><\/p>\n<p>Les donn\u00e9es provenant de partenaires tels que WildTrax, eBird et le Recensement des oiseaux de No\u00ebl d\u2019Audubon sont int\u00e9gr\u00e9es par importation r\u00e9guli\u00e8re \u00e0 NatureCounts, qui devient alors un v\u00e9ritable guichet unique pour les donn\u00e9es de science citoyenne.<\/p>\n<p>Une fois les donn\u00e9es collect\u00e9es dans NatureCounts, il faut les interpr\u00e9ter afin de les rendre aussi accessibles et utilisables que possible.<\/p>\n<p>Section suivante: <a href=\"https:\/\/learn.birdscanada.org\/fr\/autres-ressources\/naturecounts\/introduction-a-naturecounts\/interpretation-des-donnees\/\">Interpr\u00e9tation des donn\u00e9es<\/a><\/p>\n<\/div><\/div><\/div><\/div><\/div>\n","protected":false},"excerpt":{"rendered":"","protected":false},"author":23,"featured_media":1648,"parent":4111,"menu_order":0,"comment_status":"closed","ping_status":"closed","template":"","meta":{"_acf_changed":false,"footnotes":""},"class_list":["post-4123","page","type-page","status-publish","has-post-thumbnail","hentry"],"acf":[],"_links":{"self":[{"href":"https:\/\/learn.birdscanada.org\/fr\/wp-json\/wp\/v2\/pages\/4123","targetHints":{"allow":["GET"]}}],"collection":[{"href":"https:\/\/learn.birdscanada.org\/fr\/wp-json\/wp\/v2\/pages"}],"about":[{"href":"https:\/\/learn.birdscanada.org\/fr\/wp-json\/wp\/v2\/types\/page"}],"author":[{"embeddable":true,"href":"https:\/\/learn.birdscanada.org\/fr\/wp-json\/wp\/v2\/users\/23"}],"replies":[{"embeddable":true,"href":"https:\/\/learn.birdscanada.org\/fr\/wp-json\/wp\/v2\/comments?post=4123"}],"version-history":[{"count":0,"href":"https:\/\/learn.birdscanada.org\/fr\/wp-json\/wp\/v2\/pages\/4123\/revisions"}],"up":[{"embeddable":true,"href":"https:\/\/learn.birdscanada.org\/fr\/wp-json\/wp\/v2\/pages\/4111"}],"wp:featuredmedia":[{"embeddable":true,"href":"https:\/\/learn.birdscanada.org\/fr\/wp-json\/wp\/v2\/media\/1648"}],"wp:attachment":[{"href":"https:\/\/learn.birdscanada.org\/fr\/wp-json\/wp\/v2\/media?parent=4123"}],"curies":[{"name":"wp","href":"https:\/\/api.w.org\/{rel}","templated":true}]}}