{"id":4111,"date":"2026-03-12T19:22:28","date_gmt":"2026-03-12T23:22:28","guid":{"rendered":"https:\/\/learn.birdscanada.org\/?page_id=4111"},"modified":"2026-03-13T16:58:40","modified_gmt":"2026-03-13T20:58:40","slug":"introduction-a-naturecounts","status":"publish","type":"page","link":"https:\/\/learn.birdscanada.org\/fr\/autres-ressources\/naturecounts\/introduction-a-naturecounts\/","title":{"rendered":"Introduction \u00e0 NatureCounts"},"content":{"rendered":"<div class=\"fusion-fullwidth fullwidth-box fusion-builder-row-1 fusion-flex-container has-pattern-background has-mask-background nonhundred-percent-fullwidth non-hundred-percent-height-scrolling\" style=\"--awb-border-radius-top-left:0px;--awb-border-radius-top-right:0px;--awb-border-radius-bottom-right:0px;--awb-border-radius-bottom-left:0px;--awb-flex-wrap:wrap;\" ><div class=\"fusion-builder-row fusion-row fusion-flex-align-items-flex-start fusion-flex-content-wrap\" style=\"max-width:1236px;margin-left: calc(-3% \/ 2 );margin-right: calc(-3% \/ 2 );\"><div class=\"fusion-layout-column fusion_builder_column fusion-builder-column-0 fusion_builder_column_1_4 1_4 fusion-flex-column additional-res-sidebar fusion-animated\" style=\"--awb-bg-size:cover;--awb-width-large:25%;--awb-margin-top-large:0px;--awb-spacing-right-large:5.82%;--awb-margin-bottom-large:0px;--awb-spacing-left-large:5.82%;--awb-width-medium:25%;--awb-order-medium:0;--awb-spacing-right-medium:5.82%;--awb-spacing-left-medium:5.82%;--awb-width-small:100%;--awb-order-small:0;--awb-spacing-right-small:1.455%;--awb-spacing-left-small:1.455%;\" data-animationType=\"fadeInLeft\" data-animationDuration=\"0.5\" data-animationOffset=\"top-into-view\" data-scroll-devices=\"small-visibility,medium-visibility,large-visibility\"><div class=\"fusion-column-wrapper fusion-column-has-shadow fusion-flex-justify-content-flex-start fusion-content-layout-column\"><div class=\"fusion-title title fusion-title-1 fusion-sep-none fusion-title-text fusion-title-size-three additional-res-sidebar-title\" style=\"--awb-margin-bottom:8px;\"><h3 class=\"fusion-title-heading title-heading-left\" style=\"margin:0;\"><a href=\"https:\/\/learn.birdscanada.org\/fr\/autres-ressources\/naturecounts\/introduction-a-naturecounts\/\">Introduction \u00e0 NatureCounts<\/a><\/h3><\/div><div class=\"fusion-text fusion-text-1 fusion-text-no-margin additional-res-sidebar-sub\"><p>(Choisissez des sujets ci-dessous)<\/p>\n<\/div><div class=\"fusion-separator fusion-full-width-sep\" style=\"align-self: center;margin-left: auto;margin-right: auto;margin-top:10px;width:100%;\"><div class=\"fusion-separator-border sep-single sep-solid\" style=\"--awb-height:20px;--awb-amount:20px;--awb-sep-color:var(--awb-custom_color_3);border-color:var(--awb-custom_color_3);border-top-width:1px;\"><\/div><\/div><div class=\"fusion-text fusion-text-2 additional-res-sidebar-text\"><ul>\n<li><a href=\"https:\/\/learn.birdscanada.org\/fr\/autres-ressources\/naturecounts\/introduction-a-naturecounts\/les-bases\/\">Les bases<\/a><\/li>\n<li><a href=\"https:\/\/learn.birdscanada.org\/fr\/autres-ressources\/naturecounts\/introduction-a-naturecounts\/les-donnees-fair-101\/\">Les donn\u00e9es FAIR 101<\/a><\/li>\n<li><a href=\"https:\/\/learn.birdscanada.org\/fr\/autres-ressources\/naturecounts\/introduction-a-naturecounts\/composantes-de-la-plateforme\/\">Composantes de la plateforme<\/a><\/li>\n<li><a href=\"https:\/\/learn.birdscanada.org\/fr\/autres-ressources\/naturecounts\/introduction-a-naturecounts\/collecte-de-donnees\/\">Collecte de donn\u00e9es<\/a><\/li>\n<li><a href=\"https:\/\/learn.birdscanada.org\/fr\/autres-ressources\/naturecounts\/introduction-a-naturecounts\/interpretation-des-donnees\/\">Interpr\u00e9tation des donn\u00e9es<\/a><\/li>\n<li><a href=\"https:\/\/learn.birdscanada.org\/fr\/autres-ressources\/naturecounts\/introduction-a-naturecounts\/diffusion-des-donnees\/\">Diffusion des donn\u00e9es<\/a><\/li>\n<li><a href=\"https:\/\/learn.birdscanada.org\/fr\/autres-ressources\/naturecounts\/introduction-a-naturecounts\/notre-vision\/\">Notre vision<\/a><\/li>\n<\/ul>\n<\/div><\/div><\/div><div class=\"fusion-layout-column fusion_builder_column fusion-builder-column-1 fusion_builder_column_3_4 3_4 fusion-flex-column additional-res-content-col fusion-animated\" style=\"--awb-bg-size:cover;--awb-width-large:75%;--awb-margin-top-large:0px;--awb-spacing-right-large:1.94%;--awb-margin-bottom-large:0px;--awb-spacing-left-large:60px;--awb-width-medium:75%;--awb-order-medium:0;--awb-spacing-right-medium:1.94%;--awb-spacing-left-medium:60px;--awb-width-small:100%;--awb-order-small:0;--awb-spacing-right-small:1.455%;--awb-spacing-left-small:1.455%;\" data-animationType=\"fadeInRight\" data-animationDuration=\"0.5\" data-animationOffset=\"top-into-view\" data-scroll-devices=\"small-visibility,medium-visibility,large-visibility\"><div class=\"fusion-column-wrapper fusion-column-has-shadow fusion-flex-justify-content-flex-start fusion-content-layout-column\"><div class=\"fusion-text fusion-text-3\"><p><a href=\"https:\/\/naturecounts.ca\/\" target=\"_blank\" rel=\"noreferrer noopener\">NatureC<\/a><a href=\"https:\/\/naturecounts.ca\/\" target=\"_blank\" rel=\"noreferrer noopener\"><img decoding=\"async\" class=\"alignleft wp-image-796 size-thumbnail\" src=\"https:\/\/learn.birdscanada.org\/wp-content\/uploads\/2024\/02\/naturecounts_app_logo-150x150.png\" alt=\"The NatureCounts logo\" width=\"150\" height=\"150\" srcset=\"https:\/\/learn.birdscanada.org\/wp-content\/uploads\/2024\/02\/naturecounts_app_logo-66x66.png 66w, https:\/\/learn.birdscanada.org\/wp-content\/uploads\/2024\/02\/naturecounts_app_logo-150x150.png 150w, https:\/\/learn.birdscanada.org\/wp-content\/uploads\/2024\/02\/naturecounts_app_logo-200x200.png 200w, https:\/\/learn.birdscanada.org\/wp-content\/uploads\/2024\/02\/naturecounts_app_logo-300x300.png 300w, https:\/\/learn.birdscanada.org\/wp-content\/uploads\/2024\/02\/naturecounts_app_logo-400x400.png 400w, https:\/\/learn.birdscanada.org\/wp-content\/uploads\/2024\/02\/naturecounts_app_logo.png 512w\" sizes=\"(max-width: 150px) 100vw, 150px\" \/><\/a><a href=\"https:\/\/naturecounts.ca\/nc\/default\/main.jsp?switchlang=FR\" target=\"_blank\" rel=\"noreferrer noopener\">ounts<\/a> est une plateforme de donn\u00e9es et de technologie de <a href=\"https:\/\/www.oiseauxcanada.org\/\" target=\"_blank\" rel=\"noopener\">Oiseaux Canada<\/a> qui soutient la collecte, la gestion, l&rsquo;interpr\u00e9tation et le partage de donn\u00e9es sur la biodiversit\u00e9 \u00e0 des fins de conservation et de recherche.<\/p>\n<p>Que vous soyez un citoyen scientifique b\u00e9n\u00e9vole, un chercheur, un acteur de la conservation, un \u00e9tudiant ou simplement curieux au sujet des oiseaux et des donn\u00e9es ornithologiques, ce court tutoriel vous aidera \u00e0 comprendre ce qu&rsquo;est NatureCounts et comment vous pouvez l&rsquo;utiliser pour votre travail, vos \u00e9tudes ou votre apprentissage personnel. Vous pouvez utiliser le menu \u00e0 gauche pour naviguer entre les diff\u00e9rentes sections, ou simplement suivre les liens dans le texte pour parcourir les sections dans l&rsquo;ordre.<\/p>\n<p>Une fois que vous aurez mieux compris NatureCounts, vous voudrez peut-\u00eatre consulter les autres tutoriels et ressources disponibles concernant NatureCounts \u00e0 L&rsquo;\u00c9cole d&rsquo;Oiseaux Canada. Merci de l&rsquo;int\u00e9r\u00eat que vous portez \u00e0 NatureCounts!<\/p>\n<p>Pour commencer: <a href=\"https:\/\/learn.birdscanada.org\/fr\/autres-ressources\/naturecounts\/introduction-a-naturecounts\/les-bases\/\">Les bases<\/a><\/p>\n<p><img decoding=\"async\" class=\"aligncenter wp-image-1557 size-fusion-800\" src=\"https:\/\/learn.birdscanada.org\/wp-content\/uploads\/2024\/04\/strategic-plan-caja-006-squirrel-1-800x424.png\" alt=\"An illustration of a Canada Jay and a Red Squirrel.\" width=\"800\" height=\"424\" srcset=\"https:\/\/learn.birdscanada.org\/wp-content\/uploads\/2024\/04\/strategic-plan-caja-006-squirrel-1-200x106.png 200w, https:\/\/learn.birdscanada.org\/wp-content\/uploads\/2024\/04\/strategic-plan-caja-006-squirrel-1-300x159.png 300w, https:\/\/learn.birdscanada.org\/wp-content\/uploads\/2024\/04\/strategic-plan-caja-006-squirrel-1-400x212.png 400w, https:\/\/learn.birdscanada.org\/wp-content\/uploads\/2024\/04\/strategic-plan-caja-006-squirrel-1-600x318.png 600w, https:\/\/learn.birdscanada.org\/wp-content\/uploads\/2024\/04\/strategic-plan-caja-006-squirrel-1-768x407.png 768w, https:\/\/learn.birdscanada.org\/wp-content\/uploads\/2024\/04\/strategic-plan-caja-006-squirrel-1-800x424.png 800w, https:\/\/learn.birdscanada.org\/wp-content\/uploads\/2024\/04\/strategic-plan-caja-006-squirrel-1-1024x543.png 1024w, https:\/\/learn.birdscanada.org\/wp-content\/uploads\/2024\/04\/strategic-plan-caja-006-squirrel-1.png 1200w\" sizes=\"(max-width: 800px) 100vw, 800px\" \/><\/p>\n<p>&nbsp;<\/p>\n<p>&nbsp;<\/p>\n<\/div><\/div><\/div><\/div><\/div>","protected":false},"excerpt":{"rendered":"","protected":false},"author":23,"featured_media":1648,"parent":4106,"menu_order":0,"comment_status":"closed","ping_status":"closed","template":"","meta":{"_acf_changed":false,"footnotes":""},"class_list":["post-4111","page","type-page","status-publish","has-post-thumbnail","hentry"],"acf":[],"_links":{"self":[{"href":"https:\/\/learn.birdscanada.org\/fr\/wp-json\/wp\/v2\/pages\/4111","targetHints":{"allow":["GET"]}}],"collection":[{"href":"https:\/\/learn.birdscanada.org\/fr\/wp-json\/wp\/v2\/pages"}],"about":[{"href":"https:\/\/learn.birdscanada.org\/fr\/wp-json\/wp\/v2\/types\/page"}],"author":[{"embeddable":true,"href":"https:\/\/learn.birdscanada.org\/fr\/wp-json\/wp\/v2\/users\/23"}],"replies":[{"embeddable":true,"href":"https:\/\/learn.birdscanada.org\/fr\/wp-json\/wp\/v2\/comments?post=4111"}],"version-history":[{"count":0,"href":"https:\/\/learn.birdscanada.org\/fr\/wp-json\/wp\/v2\/pages\/4111\/revisions"}],"up":[{"embeddable":true,"href":"https:\/\/learn.birdscanada.org\/fr\/wp-json\/wp\/v2\/pages\/4106"}],"wp:featuredmedia":[{"embeddable":true,"href":"https:\/\/learn.birdscanada.org\/fr\/wp-json\/wp\/v2\/media\/1648"}],"wp:attachment":[{"href":"https:\/\/learn.birdscanada.org\/fr\/wp-json\/wp\/v2\/media?parent=4111"}],"curies":[{"name":"wp","href":"https:\/\/api.w.org\/{rel}","templated":true}]}}