{"id":4106,"date":"2026-03-12T13:50:29","date_gmt":"2026-03-12T17:50:29","guid":{"rendered":"https:\/\/learn.birdscanada.org\/?page_id=4106"},"modified":"2026-03-16T18:51:49","modified_gmt":"2026-03-16T22:51:49","slug":"naturecounts","status":"publish","type":"page","link":"https:\/\/learn.birdscanada.org\/fr\/autres-ressources\/naturecounts\/","title":{"rendered":"NatureCounts"},"content":{"rendered":"<div class=\"fusion-fullwidth fullwidth-box fusion-builder-row-1 fusion-flex-container has-pattern-background has-mask-background nonhundred-percent-fullwidth non-hundred-percent-height-scrolling\" style=\"--awb-border-radius-top-left:0px;--awb-border-radius-top-right:0px;--awb-border-radius-bottom-right:0px;--awb-border-radius-bottom-left:0px;--awb-flex-wrap:wrap;\" ><div class=\"fusion-builder-row fusion-row fusion-flex-align-items-flex-start fusion-flex-content-wrap\" style=\"max-width:1236px;margin-left: calc(-3% \/ 2 );margin-right: calc(-3% \/ 2 );\"><div class=\"fusion-layout-column fusion_builder_column fusion-builder-column-0 fusion_builder_column_1_4 1_4 fusion-flex-column additional-res-sidebar fusion-animated\" style=\"--awb-bg-size:cover;--awb-width-large:25%;--awb-margin-top-large:0px;--awb-spacing-right-large:5.82%;--awb-margin-bottom-large:0px;--awb-spacing-left-large:5.82%;--awb-width-medium:25%;--awb-order-medium:0;--awb-spacing-right-medium:5.82%;--awb-spacing-left-medium:5.82%;--awb-width-small:100%;--awb-order-small:0;--awb-spacing-right-small:1.455%;--awb-spacing-left-small:1.455%;\" data-animationType=\"fadeInLeft\" data-animationDuration=\"0.5\" data-animationOffset=\"top-into-view\" data-scroll-devices=\"small-visibility,medium-visibility,large-visibility\"><div class=\"fusion-column-wrapper fusion-column-has-shadow fusion-flex-justify-content-flex-start fusion-content-layout-column\"><div class=\"fusion-title title fusion-title-1 fusion-sep-none fusion-title-text fusion-title-size-three additional-res-sidebar-title\" style=\"--awb-margin-bottom:8px;\"><h3 class=\"fusion-title-heading title-heading-left\" style=\"margin:0;\"><a href=\"https:\/\/learn.birdscanada.org\/fr\/autres-ressources\/naturecounts\/\">NatureCounts<\/a><\/h3><\/div><div class=\"fusion-text fusion-text-1 fusion-text-no-margin additional-res-sidebar-sub\"><p>(Choisissez des sujets ci-dessous)<\/p>\n<\/div><div class=\"fusion-separator fusion-full-width-sep\" style=\"align-self: center;margin-left: auto;margin-right: auto;margin-top:10px;width:100%;\"><div class=\"fusion-separator-border sep-single sep-solid\" style=\"--awb-height:20px;--awb-amount:20px;--awb-sep-color:var(--awb-custom_color_3);border-color:var(--awb-custom_color_3);border-top-width:1px;\"><\/div><\/div><div class=\"fusion-text fusion-text-2 additional-res-sidebar-text\"><p>Tutoriels :<\/p>\n<ul>\n<li><a href=\"https:\/\/learn.birdscanada.org\/fr\/autres-ressources\/naturecounts\/introduction-a-naturecounts\/\">Introduction \u00e0 NatureCounts<\/a><\/li>\n<li><a href=\"https:\/\/learn.birdscanada.org\/fr\/autres-ressources\/naturecounts\/acceder-aux-donnees-avec-naturecounts\/\">Acc\u00e9der aux donn\u00e9es avec NatureCounts<\/a><\/li>\n<li><a href=\"https:\/\/learn.birdscanada.org\/fr\/autres-ressources\/naturecounts\/utilisation-de-lapplication-naturecounts\/\">Utilisation de l&rsquo;application NatureCounts<\/a><\/li>\n<li><a href=\"https:\/\/learn.birdscanada.org\/fr\/autres-ressources\/naturecounts\/premiers-pas-avec-le-bmde\/\">Premiers pas avec le BMDE<\/a><\/li>\n<\/ul>\n<p>Ressources du logiciel R :<\/p>\n<ul>\n<li><a href=\"https:\/\/birdscanada.github.io\/naturecounts\/articles\/index.html\">Tutoriels relatifs au logiciel R NatureCounts (en anglais)<\/a><\/li>\n<\/ul>\n<p>Ressources g\u00e9n\u00e9rales :<\/p>\n<ul>\n<li><a href=\"https:\/\/naturecounts.ca\/nc\/default\/main.jsp?switchlang=FR\" target=\"_blank\" rel=\"noopener\">Site web NatureCounts<\/a><\/li>\n<li><a href=\"https:\/\/learn.birdscanada.org\/wp-content\/uploads\/2024\/04\/NatureCounts_Infographic_FR.png\" target=\"_blank\" rel=\"noopener\">Infographie NatureCounts<\/a><\/li>\n<li><a href=\"https:\/\/learn.birdscanada.org\/wp-content\/uploads\/2024\/04\/NatureCounts-StrategyTo2030-FR.pdf\" target=\"_blank\" rel=\"noopener\">Plan strat\u00e9gique de NatureCounts<\/a><\/li>\n<li><a href=\"https:\/\/www.buzzsprout.com\/1784269\/episodes\/14639406-naturecounts-helping-birds-with-your-data\" target=\"_blank\" rel=\"noopener\">Balado \u00ab NatureCounts on The Warblers \u00bb (en anglais)\u00a0<\/a><\/li>\n<li><a href=\"https:\/\/learn.birdscanada.org\/wp-content\/uploads\/2025\/02\/NatureCounts-Evidence-of-Success.pdf\" target=\"_blank\" rel=\"noopener\">NatureCounts et la biodiversit\u00e9 (article en anglais)<\/a><\/li>\n<li><a href=\"https:\/\/roost.birdscanada.org\/\" target=\"_blank\" rel=\"noopener\">Communaut\u00e9 en ligne \u2013 Le Perchoir<\/a><\/li>\n<\/ul>\n<\/div><\/div><\/div><div class=\"fusion-layout-column fusion_builder_column fusion-builder-column-1 fusion_builder_column_3_4 3_4 fusion-flex-column additional-res-content-col fusion-animated\" style=\"--awb-bg-size:cover;--awb-width-large:75%;--awb-margin-top-large:0px;--awb-spacing-right-large:1.94%;--awb-margin-bottom-large:0px;--awb-spacing-left-large:60px;--awb-width-medium:75%;--awb-order-medium:0;--awb-spacing-right-medium:1.94%;--awb-spacing-left-medium:60px;--awb-width-small:100%;--awb-order-small:0;--awb-spacing-right-small:1.455%;--awb-spacing-left-small:1.455%;\" data-animationType=\"fadeInRight\" data-animationDuration=\"0.5\" data-animationOffset=\"top-into-view\" data-scroll-devices=\"small-visibility,medium-visibility,large-visibility\"><div class=\"fusion-column-wrapper fusion-column-has-shadow fusion-flex-justify-content-flex-start fusion-content-layout-column\"><div class=\"fusion-text fusion-text-3\"><\/p>\n<p><a href=\"https:\/\/naturecounts.ca\/\" target=\"_blank\" rel=\"noreferrer noopener\"><img decoding=\"async\" class=\"alignleft wp-image-796 size-thumbnail\" src=\"https:\/\/learn.birdscanada.org\/wp-content\/uploads\/2024\/02\/naturecounts_app_logo-150x150.png\" alt=\"The NatureCounts logo\" width=\"150\" height=\"150\" srcset=\"https:\/\/learn.birdscanada.org\/wp-content\/uploads\/2024\/02\/naturecounts_app_logo-66x66.png 66w, https:\/\/learn.birdscanada.org\/wp-content\/uploads\/2024\/02\/naturecounts_app_logo-150x150.png 150w, https:\/\/learn.birdscanada.org\/wp-content\/uploads\/2024\/02\/naturecounts_app_logo-200x200.png 200w, https:\/\/learn.birdscanada.org\/wp-content\/uploads\/2024\/02\/naturecounts_app_logo-300x300.png 300w, https:\/\/learn.birdscanada.org\/wp-content\/uploads\/2024\/02\/naturecounts_app_logo-400x400.png 400w, https:\/\/learn.birdscanada.org\/wp-content\/uploads\/2024\/02\/naturecounts_app_logo.png 512w\" sizes=\"(max-width: 150px) 100vw, 150px\" \/><\/a><a href=\"https:\/\/naturecounts.ca\/nc\/default\/main.jsp?switchlang=FR\" target=\"_blank\" rel=\"noopener\">NatureCounts<\/a> est une plateforme de donn\u00e9es et de technologies mise en place par <a href=\"https:\/\/www.oiseauxcanada.org\/\" target=\"_blank\" rel=\"noopener\">Oiseaux Canada<\/a>. Elle se compose d&rsquo;un ensemble d&rsquo;outils qui facilitent la collecte, la gestion, l&rsquo;interpr\u00e9tation et le partage de donn\u00e9es sur la biodiversit\u00e9 \u00e0 des fins de conservation et de recherche. Les donn\u00e9es h\u00e9berg\u00e9es par NatureCounts proviennent de centaines de projets de recherche et de science citoyenne en cours et pass\u00e9s. NatureCounts est l&rsquo;une des plus grandes bases de donn\u00e9es sur la biodiversit\u00e9 au monde, qui compte actuellement plus de 250 millions d&rsquo;enregistrements sur les oiseaux et d\u2019autres taxons.<\/p>\n<p>Vous trouverez ici des tutoriels et d&rsquo;autres ressources qui vous aideront \u00e0 d\u00e9couvrir les diff\u00e9rents aspects de NatureCounts, que vous soyez un citoyen scientifique b\u00e9n\u00e9vole, un chercheur, un professionnel de la conservation, un \u00e9tudiant, un gestionnaire de projet ou simplement un passionn\u00e9 d&rsquo;oiseaux. Le menu de gauche affiche les ressources actuellement disponibles. Vous pouvez \u00e9galement utiliser les boutons ci-dessous pour acc\u00e9der \u00e0 un tutoriel!<\/p>\n<p><div class=\"fusion-aligncenter\"><a class=\"fusion-button button-flat fusion-button-default-size button-default fusion-button-default button-1 fusion-button-default-span fusion-button-default-type\" style=\"--button_margin-bottom:20px;\" target=\"_self\" href=\"https:\/\/learn.birdscanada.org\/fr\/autres-ressources\/naturecounts\/introduction-a-naturecounts\/\"><span class=\"fusion-button-text awb-button__text awb-button__text--default\">Tutoriel : Introduction \u00e0 NatureCounts<\/span><\/a><\/div> <div class=\"fusion-aligncenter\"><a class=\"fusion-button button-flat fusion-button-default-size button-default fusion-button-default button-2 fusion-button-default-span fusion-button-default-type\" style=\"--button_margin-bottom:20px;\" target=\"_self\" href=\"https:\/\/learn.birdscanada.org\/fr\/autres-ressources\/naturecounts\/acceder-aux-donnees-avec-naturecounts\/\"><span class=\"fusion-button-text awb-button__text awb-button__text--default\">Tutoriel : Acc\u00e9der aux donn\u00e9es avec NatureCounts<\/span><\/a><\/div> <div class=\"fusion-aligncenter\"><a class=\"fusion-button button-flat fusion-button-default-size button-default fusion-button-default button-3 fusion-button-default-span fusion-button-default-type\" style=\"--button_margin-bottom:20px;\" target=\"_self\" href=\"https:\/\/learn.birdscanada.org\/fr\/autres-ressources\/naturecounts\/utilisation-de-lapplication-naturecounts\/\"><span class=\"fusion-button-text awb-button__text awb-button__text--default\">Tutoriel : Utilisation de l&rsquo;application NatureCounts<\/span><\/a><\/div> <div class=\"fusion-aligncenter\"><a class=\"fusion-button button-flat fusion-button-default-size button-default fusion-button-default button-4 fusion-button-default-span fusion-button-default-type\" style=\"--button_margin-bottom:20px;\" target=\"_self\" href=\"https:\/\/learn.birdscanada.org\/fr\/autres-ressources\/naturecounts\/premiers-pas-avec-le-bmde\/\"><span class=\"fusion-button-text awb-button__text awb-button__text--default\">Tutoriel : Premiers pas avec le BMDE<\/span><\/a><\/div> <div class=\"fusion-aligncenter\"><a class=\"fusion-button button-flat fusion-button-default-size button-default fusion-button-default button-5 fusion-button-default-span fusion-button-default-type\" target=\"_self\" href=\"https:\/\/birdscanada.github.io\/naturecounts\/articles\/index.html\"><span class=\"fusion-button-text awb-button__text awb-button__text--default\">Tutoriels relatifs au logiciel R NatureCounts (en anglais)<\/span><\/a><\/div><\/p>\n<p>&nbsp;<\/p>\n<p><img decoding=\"async\" class=\"wp-image-3833 size-fusion-800 aligncenter\" src=\"https:\/\/learn.birdscanada.org\/wp-content\/uploads\/2025\/06\/strategic-plan-caja-008-binoculars-800x443.png\" alt=\"\" width=\"800\" height=\"443\" srcset=\"https:\/\/learn.birdscanada.org\/wp-content\/uploads\/2025\/06\/strategic-plan-caja-008-binoculars-200x111.png 200w, https:\/\/learn.birdscanada.org\/wp-content\/uploads\/2025\/06\/strategic-plan-caja-008-binoculars-300x166.png 300w, https:\/\/learn.birdscanada.org\/wp-content\/uploads\/2025\/06\/strategic-plan-caja-008-binoculars-400x222.png 400w, https:\/\/learn.birdscanada.org\/wp-content\/uploads\/2025\/06\/strategic-plan-caja-008-binoculars-600x333.png 600w, https:\/\/learn.birdscanada.org\/wp-content\/uploads\/2025\/06\/strategic-plan-caja-008-binoculars-768x426.png 768w, https:\/\/learn.birdscanada.org\/wp-content\/uploads\/2025\/06\/strategic-plan-caja-008-binoculars-800x443.png 800w, https:\/\/learn.birdscanada.org\/wp-content\/uploads\/2025\/06\/strategic-plan-caja-008-binoculars-1024x567.png 1024w, https:\/\/learn.birdscanada.org\/wp-content\/uploads\/2025\/06\/strategic-plan-caja-008-binoculars.png 1200w\" sizes=\"(max-width: 800px) 100vw, 800px\" \/><\/p>\n<\/div><\/div><\/div><\/div><\/div>","protected":false},"excerpt":{"rendered":"","protected":false},"author":23,"featured_media":1525,"parent":3615,"menu_order":0,"comment_status":"closed","ping_status":"closed","template":"","meta":{"_acf_changed":false,"footnotes":""},"class_list":["post-4106","page","type-page","status-publish","has-post-thumbnail","hentry"],"acf":[],"_links":{"self":[{"href":"https:\/\/learn.birdscanada.org\/fr\/wp-json\/wp\/v2\/pages\/4106","targetHints":{"allow":["GET"]}}],"collection":[{"href":"https:\/\/learn.birdscanada.org\/fr\/wp-json\/wp\/v2\/pages"}],"about":[{"href":"https:\/\/learn.birdscanada.org\/fr\/wp-json\/wp\/v2\/types\/page"}],"author":[{"embeddable":true,"href":"https:\/\/learn.birdscanada.org\/fr\/wp-json\/wp\/v2\/users\/23"}],"replies":[{"embeddable":true,"href":"https:\/\/learn.birdscanada.org\/fr\/wp-json\/wp\/v2\/comments?post=4106"}],"version-history":[{"count":0,"href":"https:\/\/learn.birdscanada.org\/fr\/wp-json\/wp\/v2\/pages\/4106\/revisions"}],"up":[{"embeddable":true,"href":"https:\/\/learn.birdscanada.org\/fr\/wp-json\/wp\/v2\/pages\/3615"}],"wp:featuredmedia":[{"embeddable":true,"href":"https:\/\/learn.birdscanada.org\/fr\/wp-json\/wp\/v2\/media\/1525"}],"wp:attachment":[{"href":"https:\/\/learn.birdscanada.org\/fr\/wp-json\/wp\/v2\/media?parent=4106"}],"curies":[{"name":"wp","href":"https:\/\/api.w.org\/{rel}","templated":true}]}}