{"id":3615,"date":"2024-03-12T11:57:55","date_gmt":"2024-03-12T15:57:55","guid":{"rendered":"https:\/\/learn.birdscanada.org\/additional-resources\/"},"modified":"2026-03-16T18:46:09","modified_gmt":"2026-03-16T22:46:09","slug":"autres-ressources","status":"publish","type":"page","link":"https:\/\/learn.birdscanada.org\/fr\/autres-ressources\/","title":{"rendered":"Autres ressources"},"content":{"rendered":"<div class=\"fusion-fullwidth fullwidth-box fusion-builder-row-1 fusion-flex-container has-pattern-background has-mask-background learning-home nonhundred-percent-fullwidth non-hundred-percent-height-scrolling\" style=\"--awb-border-radius-top-left:0px;--awb-border-radius-top-right:0px;--awb-border-radius-bottom-right:0px;--awb-border-radius-bottom-left:0px;--awb-flex-wrap:wrap;\" ><div class=\"fusion-builder-row fusion-row fusion-flex-align-items-flex-start fusion-flex-content-wrap\" style=\"max-width:1236px;margin-left: calc(-3% \/ 2 );margin-right: calc(-3% \/ 2 );\"><div class=\"fusion-layout-column fusion_builder_column fusion-builder-column-0 fusion_builder_column_2_3 2_3 fusion-flex-column main-content-style fusion-animated\" style=\"--awb-bg-color:var(--awb-color1);--awb-bg-color-hover:var(--awb-color1);--awb-bg-size:cover;--awb-width-large:66.6666666667%;--awb-margin-top-large:0px;--awb-spacing-right-large:2.1825%;--awb-margin-bottom-large:0px;--awb-spacing-left-large:2.1825%;--awb-width-medium:66.6666666667%;--awb-order-medium:0;--awb-spacing-right-medium:2.1825%;--awb-spacing-left-medium:2.1825%;--awb-width-small:100%;--awb-order-small:0;--awb-spacing-right-small:1.455%;--awb-spacing-left-small:1.455%;\" data-animationType=\"fadeInLeft\" data-animationDuration=\"0.3\" data-animationOffset=\"top-into-view\" data-scroll-devices=\"small-visibility,medium-visibility,large-visibility\"><div class=\"fusion-column-wrapper fusion-column-has-shadow fusion-flex-justify-content-flex-start fusion-content-layout-column\"><div class=\"fusion-title title fusion-title-1 fusion-sep-none fusion-title-text fusion-title-size-three\"><h3 class=\"fusion-title-heading title-heading-left\" style=\"margin:0;\">Vous trouverez ici d\u2019autres ressources d\u2019apprentissage.<\/h3><\/div><div class=\"fusion-text fusion-text-1 fusion-text-no-margin\" style=\"--awb-text-transform:none;--awb-margin-bottom:30px;\"><p>Ce ne sont pas des cours structur\u00e9s. Vous pouvez explorer une vari\u00e9t\u00e9 de sujets, en commen\u00e7ant par d\u00e9couvrir la plateforme NatureCounts. Les ressources NatureCounts seront bient\u00f4t disponibles en fran\u00e7ais.<\/p>\n<\/div><div class=\"fusion-builder-row fusion-builder-row-inner fusion-row fusion-flex-align-items-flex-start fusion-flex-content-wrap\" style=\"width:103% !important;max-width:103% !important;margin-left: calc(-3% \/ 2 );margin-right: calc(-3% \/ 2 );\"><div class=\"fusion-layout-column fusion_builder_column_inner fusion-builder-nested-column-0 fusion_builder_column_inner_1_2 1_2 fusion-flex-column additional-res-col\" style=\"--awb-bg-size:cover;--awb-width-large:50%;--awb-margin-top-large:0px;--awb-spacing-right-large:2.91%;--awb-margin-bottom-large:0px;--awb-spacing-left-large:2.91%;--awb-width-medium:50%;--awb-order-medium:0;--awb-spacing-right-medium:2.91%;--awb-spacing-left-medium:2.91%;--awb-width-small:100%;--awb-order-small:0;--awb-spacing-right-small:1.455%;--awb-spacing-left-small:1.455%;\" data-scroll-devices=\"small-visibility,medium-visibility,large-visibility\"><div class=\"fusion-column-wrapper fusion-column-has-shadow fusion-flex-justify-content-flex-start fusion-content-layout-column\"><div class=\"fusion-text fusion-text-2 additional-res-photo-credit-style\"><p>Photo: Kris Cu<\/p>\n<\/div><div class=\"fusion-image-element \" style=\"--awb-caption-title-font-family:var(--h2_typography-font-family);--awb-caption-title-font-weight:var(--h2_typography-font-weight);--awb-caption-title-font-style:var(--h2_typography-font-style);--awb-caption-title-size:var(--h2_typography-font-size);--awb-caption-title-transform:var(--h2_typography-text-transform);--awb-caption-title-line-height:var(--h2_typography-line-height);--awb-caption-title-letter-spacing:var(--h2_typography-letter-spacing);\"><span class=\" fusion-imageframe imageframe-none imageframe-1 hover-type-none additional-res-image\" style=\"border-radius:10px;\"><img decoding=\"async\" width=\"1024\" height=\"576\" alt=\"Three women are looking through binoculars and one is holding a cell phone.\" title=\"naturecounts_Kris Cu_4\" src=\"https:\/\/learn.birdscanada.org\/wp-content\/uploads\/2024\/04\/naturecounts_Kris-Cu_4-1024x576.jpg\" class=\"img-responsive wp-image-1525\" srcset=\"https:\/\/learn.birdscanada.org\/wp-content\/uploads\/2024\/04\/naturecounts_Kris-Cu_4-200x113.jpg 200w, https:\/\/learn.birdscanada.org\/wp-content\/uploads\/2024\/04\/naturecounts_Kris-Cu_4-400x225.jpg 400w, https:\/\/learn.birdscanada.org\/wp-content\/uploads\/2024\/04\/naturecounts_Kris-Cu_4-600x338.jpg 600w, https:\/\/learn.birdscanada.org\/wp-content\/uploads\/2024\/04\/naturecounts_Kris-Cu_4-800x450.jpg 800w, https:\/\/learn.birdscanada.org\/wp-content\/uploads\/2024\/04\/naturecounts_Kris-Cu_4-1200x675.jpg 1200w, https:\/\/learn.birdscanada.org\/wp-content\/uploads\/2024\/04\/naturecounts_Kris-Cu_4.jpg 1920w\" sizes=\"(max-width: 640px) 100vw, 600px\" \/><\/span><\/div><div class=\"fusion-title title fusion-title-2 fusion-sep-none fusion-title-text fusion-title-size-three additional-res-title\" style=\"--awb-margin-bottom:8px;\"><h3 class=\"fusion-title-heading title-heading-left\" style=\"margin:0;\">NatureCounts<\/h3><\/div><div class=\"fusion-text fusion-text-3 additional-res-desc\"><p>NatureCounts est une plateforme de donn\u00e9es et de technologie de Oiseaux Canada qui soutient la collecte, la gestion, l\u2019interpr\u00e9tation et le partage de donn\u00e9es sur la biodiversit\u00e9 \u00e0 des fins de conservation et de recherche.<\/p>\n<\/div><div style=\"text-align:center;\"><a class=\"fusion-button button-flat fusion-button-default-size button-default fusion-button-default button-1 fusion-button-span-yes fusion-button-default-type additional-res-btn\" target=\"_self\" href=\"https:\/\/learn.birdscanada.org\/fr\/autres-ressources\/naturecounts\/\"><span class=\"fusion-button-text awb-button__text awb-button__text--default\">En savoir plus<\/span><\/a><\/div><\/div><\/div><div class=\"fusion-layout-column fusion_builder_column_inner fusion-builder-nested-column-1 fusion_builder_column_inner_1_2 1_2 fusion-flex-column additional-res-col hide\" style=\"--awb-bg-size:cover;--awb-width-large:50%;--awb-margin-top-large:0px;--awb-spacing-right-large:2.91%;--awb-margin-bottom-large:0px;--awb-spacing-left-large:2.91%;--awb-width-medium:50%;--awb-order-medium:0;--awb-spacing-right-medium:2.91%;--awb-spacing-left-medium:2.91%;--awb-width-small:100%;--awb-order-small:0;--awb-spacing-right-small:1.455%;--awb-spacing-left-small:1.455%;\" data-scroll-devices=\"small-visibility,medium-visibility,large-visibility\"><div class=\"fusion-column-wrapper fusion-column-has-shadow fusion-flex-justify-content-flex-start fusion-content-layout-column\"><div class=\"fusion-text fusion-text-4 additional-res-photo-credit-style\"><p>Photo: Yousif Attia<\/p>\n<\/div><div class=\"fusion-image-element \" style=\"--awb-caption-title-font-family:var(--h2_typography-font-family);--awb-caption-title-font-weight:var(--h2_typography-font-weight);--awb-caption-title-font-style:var(--h2_typography-font-style);--awb-caption-title-size:var(--h2_typography-font-size);--awb-caption-title-transform:var(--h2_typography-text-transform);--awb-caption-title-line-height:var(--h2_typography-line-height);--awb-caption-title-letter-spacing:var(--h2_typography-letter-spacing);\"><span class=\" fusion-imageframe imageframe-none imageframe-2 hover-type-none additional-res-image\" style=\"border-radius:10px;\"><img decoding=\"async\" width=\"1024\" height=\"683\" alt=\"A Marbled Murrelet swims in water. It is black and white. \" title=\"Marbled Murrelet 1 &#8211; BC &#8211; Yousif Attia\" src=\"https:\/\/learn.birdscanada.org\/wp-content\/uploads\/2024\/03\/Marbled-Murrelet-1-BC-Yousif-Attia-1024x683.jpg\" class=\"img-responsive wp-image-1067\" srcset=\"https:\/\/learn.birdscanada.org\/wp-content\/uploads\/2024\/03\/Marbled-Murrelet-1-BC-Yousif-Attia-200x133.jpg 200w, https:\/\/learn.birdscanada.org\/wp-content\/uploads\/2024\/03\/Marbled-Murrelet-1-BC-Yousif-Attia-400x267.jpg 400w, https:\/\/learn.birdscanada.org\/wp-content\/uploads\/2024\/03\/Marbled-Murrelet-1-BC-Yousif-Attia-600x400.jpg 600w, https:\/\/learn.birdscanada.org\/wp-content\/uploads\/2024\/03\/Marbled-Murrelet-1-BC-Yousif-Attia-800x533.jpg 800w, https:\/\/learn.birdscanada.org\/wp-content\/uploads\/2024\/03\/Marbled-Murrelet-1-BC-Yousif-Attia-1200x800.jpg 1200w\" sizes=\"(max-width: 640px) 100vw, 600px\" \/><\/span><\/div><div class=\"fusion-title title fusion-title-3 fusion-sep-none fusion-title-text fusion-title-size-three additional-res-title\" style=\"--awb-margin-bottom:8px;\"><h3 class=\"fusion-title-heading title-heading-left\" style=\"margin:0;\">Programs and Projects<\/h3><\/div><div class=\"fusion-text fusion-text-5 additional-res-desc\"><p>Learn more about how we work together to help birds across Canada. Here you\u2019ll find a series of short videos about some of our programs, along with more information about how you might be able to join the volunteer effort, or help in other ways.<\/p>\n<\/div><div style=\"text-align:center;\"><a class=\"fusion-button button-flat fusion-button-default-size button-default fusion-button-default button-2 fusion-button-span-yes fusion-button-default-type additional-res-btn\" target=\"_self\" href=\"https:\/\/learn.birdscanada.org\/additional-resources\/programs-and-projects\/\"><span class=\"fusion-button-text awb-button__text awb-button__text--default\">Learn more<\/span><\/a><\/div><\/div><\/div><\/div><\/div><\/div><div class=\"fusion-layout-column fusion_builder_column fusion-builder-column-1 fusion_builder_column_1_3 1_3 fusion-flex-column fusion-animated\" style=\"--awb-padding-top:10px;--awb-padding-right:20px;--awb-padding-bottom:20px;--awb-padding-left:20px;--awb-bg-size:cover;--awb-width-large:33.3333333333%;--awb-margin-top-large:10px;--awb-spacing-right-large:4.365%;--awb-margin-bottom-large:0px;--awb-spacing-left-large:4.365%;--awb-width-medium:33.3333333333%;--awb-order-medium:0;--awb-spacing-right-medium:4.365%;--awb-spacing-left-medium:4.365%;--awb-width-small:100%;--awb-order-small:0;--awb-spacing-right-small:1.455%;--awb-spacing-left-small:1.455%;\" data-animationType=\"fadeInRight\" data-animationDuration=\"0.3\" data-animationOffset=\"top-into-view\" data-scroll-devices=\"small-visibility,medium-visibility,large-visibility\"><div class=\"fusion-column-wrapper fusion-column-has-shadow fusion-flex-justify-content-flex-start fusion-content-layout-column\"><div class=\"fusion-title title fusion-title-4 fusion-sep-none fusion-title-text fusion-title-size-five\"><h5 class=\"fusion-title-heading title-heading-left\" style=\"margin:0;\">Faites une recherche pour commencer<\/h5><\/div><div class=\"fusion-search-element fusion-search-element-1 fusion-search-form-clean\" style=\"--awb-margin-bottom:40px;\">\t\t<form role=\"search\" class=\"searchform fusion-search-form  fusion-live-search fusion-search-form-clean\" method=\"get\" action=\"https:\/\/learn.birdscanada.org\/fr\/\">\n\t\t\t<div class=\"fusion-search-form-content\">\n\n\t\t\t\t\n\t\t\t\t<div class=\"fusion-search-field search-field\">\n\t\t\t\t\t<label><span class=\"screen-reader-text\">Search for:<\/span>\n\t\t\t\t\t\t\t\t\t\t\t\t\t<input type=\"search\" class=\"s fusion-live-search-input\" name=\"s\" id=\"fusion-live-search-input-0\" autocomplete=\"off\" placeholder=\"Commencez \u00e0 taper\u2026\" required aria-required=\"true\" aria-label=\"Commencez \u00e0 taper\u2026\"\/>\n\t\t\t\t\t\t\t\t\t\t\t<\/label>\n\t\t\t\t<\/div>\n\t\t\t\t<div class=\"fusion-search-button search-button\">\n\t\t\t\t\t<input type=\"submit\" class=\"fusion-search-submit searchsubmit\" aria-label=\"Search\" value=\"&#xf002;\" \/>\n\t\t\t\t\t\t\t\t\t\t<div class=\"fusion-slider-loading\"><\/div>\n\t\t\t\t\t\t\t\t\t<\/div>\n\n\t\t\t\t<input type=\"hidden\" name=\"post_type[]\" value=\"sfwd-courses\" \/><input type=\"hidden\" name=\"search_limit_to_post_titles\" value=\"0\" \/><input type=\"hidden\" name=\"add_woo_product_skus\" value=\"0\" \/><input type=\"hidden\" name=\"live_min_character\" value=\"4\" \/><input type=\"hidden\" name=\"live_posts_per_page\" value=\"20\" \/><input type=\"hidden\" name=\"live_search_display_featured_image\" value=\"1\" \/><input type=\"hidden\" name=\"live_search_display_post_type\" value=\"1\" \/><input type=\"hidden\" name=\"fs\" value=\"1\" \/>\n\t\t\t<\/div>\n\n\n\t\t\t\t\t\t\t<div class=\"fusion-search-results-wrapper\"><div class=\"fusion-search-results\"><\/div><\/div>\n\t\t\t\n\t\t<\/form>\n\t\t<\/div><div class=\"fusion-title title fusion-title-5 fusion-sep-none fusion-title-text fusion-title-size-five\"><h5 class=\"fusion-title-heading title-heading-left\" style=\"margin:0;\">Raccourcis<\/h5><\/div><div ><a class=\"fusion-button button-flat fusion-button-default-size button-default fusion-button-default button-3 fusion-button-span-yes fusion-button-default-type\" style=\"--button_margin-bottom:15px;\" target=\"_self\" href=\"https:\/\/learn.birdscanada.org\/fr\/cours\"><span class=\"fusion-button-text awb-button__text awb-button__text--default\">Cours<\/span><\/a><\/div><div ><a class=\"fusion-button button-flat fusion-button-default-size button-default fusion-button-default button-4 fusion-button-span-yes fusion-button-default-type\" style=\"--button_margin-bottom:15px;\" target=\"_self\" href=\"https:\/\/learn.birdscanada.org\/fr\/formation-de-benevoles\"><span class=\"fusion-button-text awb-button__text awb-button__text--default\">Formation de b\u00e9n\u00e9voles<\/span><\/a><\/div><div ><a class=\"fusion-button button-flat fusion-button-default-size button-default fusion-button-default button-5 fusion-button-span-yes fusion-button-default-type\" style=\"--button_margin-bottom:15px;\" target=\"_self\" href=\"https:\/\/learn.birdscanada.org\/fr\/autres-ressources\"><span class=\"fusion-button-text awb-button__text awb-button__text--default\">Autres ressources<\/span><\/a><\/div><div class=\"fusion-title title fusion-title-6 fusion-sep-none fusion-title-text fusion-title-size-five\" style=\"--awb-margin-top:40px;\"><h5 class=\"fusion-title-heading title-heading-left\" style=\"margin:0;\">Nouveaux cours<\/h5><\/div><div class=\"fusion-post-cards fusion-post-cards-1 awb-carousel awb-swiper awb-swiper-carousel awb-swiper-dots-position-bottom\" style=\"--awb-dots-align:center;--awb-columns:1;--awb-active-filter-border-size:3px;--awb-filters-height:36px;\" data-autoplay=\"yes\" data-autoplayspeed=\"7000\" data-autoplaypause=\"no\" data-loop=\"yes\" data-columns=\"1\" data-columnsmedium=\"0\" data-columnssmall=\"0\" data-itemmargin=\"40\" data-itemwidth=\"180\" data-touchscroll=\"drag\" data-freemode=\"no\" data-imagesize=\"auto\" data-scrollitems=\"1\" data-mousepointer=\"default\" data-layout=\"carousel\" data-centeredslides=\"no\" data-shadow=\"no\" data-speed=\"500\" data-rotationangle=\"50\" data-depth=\"100\"><div class=\"swiper-wrapper fusion-flex-align-items-flex-start\"><div class=\"fusion_builder_column fusion-builder-column-2 fusion-flex-column post-card swiper-slide\" style=\"--awb-bg-blend:overlay;--awb-bg-size:cover;\"><div class=\"fusion-column-wrapper fusion-flex-justify-content-flex-start fusion-content-layout-column fusion-carousel-item-wrapper\"><div class=\"fusion-image-element \" style=\"--awb-caption-title-font-family:var(--h2_typography-font-family);--awb-caption-title-font-weight:var(--h2_typography-font-weight);--awb-caption-title-font-style:var(--h2_typography-font-style);--awb-caption-title-size:var(--h2_typography-font-size);--awb-caption-title-transform:var(--h2_typography-text-transform);--awb-caption-title-line-height:var(--h2_typography-line-height);--awb-caption-title-letter-spacing:var(--h2_typography-letter-spacing);\"><span class=\" fusion-imageframe imageframe-none imageframe-3 hover-type-none\" style=\"border-radius:10px;\"><a class=\"fusion-no-lightbox\" href=\"https:\/\/learn.birdscanada.org\/fr\/commencez-a-en-apprendre-plus-sur-les-oiseaux-avec-notre-cours-gratuit-ornithologie-101\/\" target=\"_self\" aria-label=\"AmericanGoldfinch Geoff McDonell compressed\"><img decoding=\"async\" width=\"1920\" height=\"1080\" alt=\"A male American Goldfinch with bright yellow and bold black plumage perches on a tree, looking over it&#039;s shoulder at the camera. Green forest background. \" src=\"https:\/\/learn.birdscanada.org\/wp-content\/uploads\/2024\/03\/AmericanGoldfinch-Geoff-McDonell-compressed.png\" class=\"img-responsive wp-image-1373\" srcset=\"https:\/\/learn.birdscanada.org\/wp-content\/uploads\/2024\/03\/AmericanGoldfinch-Geoff-McDonell-compressed-200x113.png 200w, https:\/\/learn.birdscanada.org\/wp-content\/uploads\/2024\/03\/AmericanGoldfinch-Geoff-McDonell-compressed-400x225.png 400w, https:\/\/learn.birdscanada.org\/wp-content\/uploads\/2024\/03\/AmericanGoldfinch-Geoff-McDonell-compressed-600x338.png 600w, https:\/\/learn.birdscanada.org\/wp-content\/uploads\/2024\/03\/AmericanGoldfinch-Geoff-McDonell-compressed-800x450.png 800w, https:\/\/learn.birdscanada.org\/wp-content\/uploads\/2024\/03\/AmericanGoldfinch-Geoff-McDonell-compressed-1200x675.png 1200w, https:\/\/learn.birdscanada.org\/wp-content\/uploads\/2024\/03\/AmericanGoldfinch-Geoff-McDonell-compressed.png 1920w\" sizes=\"(max-width: 640px) 100vw, 400px\" \/><\/a><\/span><\/div><div class=\"fusion-text fusion-text-6 content-photo-credit-style\"><p> Chardonneret jaune par Geoff McDonell<\/p>\n<\/div>\n<div class=\"fusion-text fusion-text-7 fusion-text-no-margin\" style=\"--awb-content-alignment:left;--awb-font-size:12px;--awb-margin-top:5px;--awb-margin-bottom:5px;\"><p>mars 27, 2024<\/p>\n<\/div><div class=\"fusion-title title fusion-title-7 fusion-sep-none fusion-title-text fusion-title-size-four\" style=\"--awb-margin-top:5px;\"><h4 class=\"fusion-title-heading title-heading-left\" style=\"margin:0;\">Commencez \u00e0 en apprendre plus sur les oiseaux avec notre cours gratuit : Ornithologie 101<\/h4><\/div><\/div><\/div>\n<\/div><div class=\"swiper-pagination\"><\/div><div class=\"awb-swiper-button awb-swiper-button-prev\"><i class=\"awb-icon-angle-left\" aria-hidden=\"true\"><\/i><\/div><div class=\"awb-swiper-button awb-swiper-button-next\"><i class=\"awb-icon-angle-right\" aria-hidden=\"true\"><\/i><\/div><\/div><div class=\"fusion-flip-boxes flip-boxes row fusion-columns-1 flip-effect-classic catalog-flip-box\" style=\"--awb-margin-top:40px;\"><div class=\"fusion-flip-box-wrapper fusion-column col-lg-12 col-md-12 col-sm-12\"><div class=\"fusion-flip-box flip-right fusion-animated\" tabindex=\"0\" data-animationType=\"fadeIn\" data-animationDuration=\"0.5\" data-animationOffset=\"top-into-view\"><div class=\"flip-box-inner-wrapper\"><div class=\"flip-box-front\" style=\"--awb-border-color:var(--awb-color4);--awb-border-size:0px;--awb-border-radius:1000px;--awb-title-front-color:var(--awb-color8);--awb-text-front-color:var(--awb-color8);--awb-background-image-front:url(&#039;https:\/\/learn.birdscanada.org\/wp-content\/uploads\/2022\/03\/AnnasHummingbird_march2020_george-clulow_BC-800.jpg&#039;);\"><div class=\"flip-box-front-inner\"><h2 class=\"flip-box-heading without-text\">Prot\u00e9gez les oiseaux et les habitats.<\/h2><\/div><\/div><div class=\"flip-box-back\" style=\"--awb-border-color:var(--awb-color4);--awb-border-size:0px;--awb-border-radius:1000px;--awb-background-color-back:var(--awb-color1);--awb-title-back-color:var(--awb-color8);--awb-text-back-color:var(--awb-color8);\"><div class=\"flip-box-back-inner\"><h3 class=\"flip-box-heading-back\">Faites un don aujourd\u2019hui<\/h3><div ><a class=\"fusion-button button-flat fusion-button-default-size button-default fusion-button-default button-6 fusion-button-default-span fusion-button-default-type\" target=\"_blank\" rel=\"noopener noreferrer\" href=\"https:\/\/www.oiseauxcanada.org\/faites-un-don\"><span class=\"fusion-button-text awb-button__text awb-button__text--default\"><span style=\"font-weight: 400;\">Faites un don<\/span><\/span><\/a><\/div><\/div><\/div><\/div><\/div><\/div><\/div><\/div><\/div>\n\n<\/div><\/div>\n","protected":false},"excerpt":{"rendered":"","protected":false},"author":1,"featured_media":1611,"parent":0,"menu_order":0,"comment_status":"closed","ping_status":"closed","template":"","meta":{"_acf_changed":false,"footnotes":""},"class_list":["post-3615","page","type-page","status-publish","has-post-thumbnail","hentry"],"acf":[],"_links":{"self":[{"href":"https:\/\/learn.birdscanada.org\/fr\/wp-json\/wp\/v2\/pages\/3615","targetHints":{"allow":["GET"]}}],"collection":[{"href":"https:\/\/learn.birdscanada.org\/fr\/wp-json\/wp\/v2\/pages"}],"about":[{"href":"https:\/\/learn.birdscanada.org\/fr\/wp-json\/wp\/v2\/types\/page"}],"author":[{"embeddable":true,"href":"https:\/\/learn.birdscanada.org\/fr\/wp-json\/wp\/v2\/users\/1"}],"replies":[{"embeddable":true,"href":"https:\/\/learn.birdscanada.org\/fr\/wp-json\/wp\/v2\/comments?post=3615"}],"version-history":[{"count":0,"href":"https:\/\/learn.birdscanada.org\/fr\/wp-json\/wp\/v2\/pages\/3615\/revisions"}],"wp:featuredmedia":[{"embeddable":true,"href":"https:\/\/learn.birdscanada.org\/fr\/wp-json\/wp\/v2\/media\/1611"}],"wp:attachment":[{"href":"https:\/\/learn.birdscanada.org\/fr\/wp-json\/wp\/v2\/media?parent=3615"}],"curies":[{"name":"wp","href":"https:\/\/api.w.org\/{rel}","templated":true}]}}